{"id":4170,"date":"2022-04-02T15:54:31","date_gmt":"2022-04-02T15:54:31","guid":{"rendered":"https:\/\/spottedproject.org\/twoj-profil\/"},"modified":"2022-04-19T10:21:59","modified_gmt":"2022-04-19T10:21:59","slug":"twoj-profil","status":"publish","type":"page","link":"https:\/\/spottedproject.org\/pl\/twoj-profil\/","title":{"rendered":"Tw\u00f3j profil"},"content":{"rendered":"\n<p>&nbsp;<\/p>\n<h3 style=\"text-align: center;\">Uko\u0144cz zaproponowany kurs, aby zosta\u0107 tropicielem fake news\u00f3w.<\/h3>\n<p>&nbsp;<br \/>\n<div class=\"msextras-trainings recommended-1\"><div id=\"ld-course-list-content-e0c9199b9090123386e9fd2f9817d592\" class=\"ld-course-list-content\" data-shortcode-atts=\"{&quot;num&quot;:&quot;8&quot;,&quot;col&quot;:&quot;4&quot;,&quot;order&quot;:&quot;ASC&quot;}\">\n\t\t\t<div class=\"ld-course-list-items row\">\n\t<!-- LearnDash Course Grid v1 --><div class=\"ld_course_grid col-sm-6 col-md-3 \">\n\t<article id=\"post-4146\" class=\" thumbnail course post-4146 sfwd-courses type-sfwd-courses status-publish has-post-thumbnail hentry\">\n\t\t\t\t\t\t\t\t<div class=\"ribbon\">\n\t\t\t\tFree\t\t\t<\/div>\n\t\t\t\n\t\t\t\t\t\t<a href=\"https:\/\/spottedproject.org\/pl\/courses\/tropiciel-fake-newsow-poziom-1\/\" rel=\"bookmark\">\n\t\t\t\t<img loading=\"lazy\" decoding=\"async\" width=\"300\" height=\"154\" src=\"https:\/\/spottedproject.org\/wp-content\/uploads\/2021\/12\/Itinerario-1-300x154.png\" class=\"attachment-medium size-medium wp-post-image\" alt=\"\" srcset=\"https:\/\/spottedproject.org\/wp-content\/uploads\/2021\/12\/Itinerario-1-300x154.png 300w, https:\/\/spottedproject.org\/wp-content\/uploads\/2021\/12\/Itinerario-1-1024x526.png 1024w, https:\/\/spottedproject.org\/wp-content\/uploads\/2021\/12\/Itinerario-1-768x395.png 768w, https:\/\/spottedproject.org\/wp-content\/uploads\/2021\/12\/Itinerario-1-50x26.png 50w, https:\/\/spottedproject.org\/wp-content\/uploads\/2021\/12\/Itinerario-1-100x51.png 100w, https:\/\/spottedproject.org\/wp-content\/uploads\/2021\/12\/Itinerario-1.png 1167w\" sizes=\"auto, (max-width: 300px) 100vw, 300px\" \/>\t\t\t<\/a>\n\t\t\t\t\t\n\t\t\t\t\t<div class=\"caption\">\n\t\t\t\t<h3 class=\"entry-title\">Tropiciel fake news\u00f3w \u2013 poziom 1<\/h3>\n\t\t\t\t\t\t\t\t<div class=\"ld_course_grid_button\"><a class=\"btn btn-primary\" role=\"button\" href=\"https:\/\/spottedproject.org\/pl\/courses\/tropiciel-fake-newsow-poziom-1\/\" rel=\"bookmark\">Rozpocznij<\/a><\/div>\n\t\t\t\t\t\t\t<\/div><!-- .entry-header -->\n\t\t\t<\/article><!-- #post-## -->\n<\/div><!-- .ld_course_grid -->\n<!-- LearnDash Course Grid v1 --><div class=\"ld_course_grid col-sm-6 col-md-3 \">\n\t<article id=\"post-4148\" class=\" thumbnail course post-4148 sfwd-courses type-sfwd-courses status-publish has-post-thumbnail hentry\">\n\t\t\t\t\t\t\t\t<div class=\"ribbon\">\n\t\t\t\tFree\t\t\t<\/div>\n\t\t\t\n\t\t\t\t\t\t<a href=\"https:\/\/spottedproject.org\/pl\/courses\/tropiciel-fake-newsow-poziom-2\/\" rel=\"bookmark\">\n\t\t\t\t<img loading=\"lazy\" decoding=\"async\" width=\"300\" height=\"154\" src=\"https:\/\/spottedproject.org\/wp-content\/uploads\/2022\/01\/Itinerario-2-300x154.png\" class=\"attachment-medium size-medium wp-post-image\" alt=\"\" srcset=\"https:\/\/spottedproject.org\/wp-content\/uploads\/2022\/01\/Itinerario-2-300x154.png 300w, https:\/\/spottedproject.org\/wp-content\/uploads\/2022\/01\/Itinerario-2-1024x526.png 1024w, https:\/\/spottedproject.org\/wp-content\/uploads\/2022\/01\/Itinerario-2-768x395.png 768w, https:\/\/spottedproject.org\/wp-content\/uploads\/2022\/01\/Itinerario-2-50x26.png 50w, https:\/\/spottedproject.org\/wp-content\/uploads\/2022\/01\/Itinerario-2-100x51.png 100w, https:\/\/spottedproject.org\/wp-content\/uploads\/2022\/01\/Itinerario-2.png 1167w\" sizes=\"auto, (max-width: 300px) 100vw, 300px\" \/>\t\t\t<\/a>\n\t\t\t\t\t\n\t\t\t\t\t<div class=\"caption\">\n\t\t\t\t<h3 class=\"entry-title\">Tropiciel fake news\u00f3w \u2013 poziom 2<\/h3>\n\t\t\t\t\t\t\t\t<div class=\"ld_course_grid_button\"><a class=\"btn btn-primary\" role=\"button\" href=\"https:\/\/spottedproject.org\/pl\/courses\/tropiciel-fake-newsow-poziom-2\/\" rel=\"bookmark\">Rozpocznij<\/a><\/div>\n\t\t\t\t\t\t\t<\/div><!-- .entry-header -->\n\t\t\t<\/article><!-- #post-## -->\n<\/div><!-- .ld_course_grid -->\n<!-- LearnDash Course Grid v1 --><div class=\"ld_course_grid col-sm-6 col-md-3 \">\n\t<article id=\"post-4150\" class=\" thumbnail course post-4150 sfwd-courses type-sfwd-courses status-publish has-post-thumbnail hentry\">\n\t\t\t\t\t\t\t\t<div class=\"ribbon\">\n\t\t\t\tFree\t\t\t<\/div>\n\t\t\t\n\t\t\t\t\t\t<a href=\"https:\/\/spottedproject.org\/pl\/courses\/tropiciel-fake-newsow-poziom-3\/\" rel=\"bookmark\">\n\t\t\t\t<img loading=\"lazy\" decoding=\"async\" width=\"300\" height=\"154\" src=\"https:\/\/spottedproject.org\/wp-content\/uploads\/2022\/01\/Itinerario-3-300x154.png\" class=\"attachment-medium size-medium wp-post-image\" alt=\"\" srcset=\"https:\/\/spottedproject.org\/wp-content\/uploads\/2022\/01\/Itinerario-3-300x154.png 300w, https:\/\/spottedproject.org\/wp-content\/uploads\/2022\/01\/Itinerario-3-1024x526.png 1024w, https:\/\/spottedproject.org\/wp-content\/uploads\/2022\/01\/Itinerario-3-768x395.png 768w, https:\/\/spottedproject.org\/wp-content\/uploads\/2022\/01\/Itinerario-3-50x26.png 50w, https:\/\/spottedproject.org\/wp-content\/uploads\/2022\/01\/Itinerario-3-100x51.png 100w, https:\/\/spottedproject.org\/wp-content\/uploads\/2022\/01\/Itinerario-3.png 1167w\" sizes=\"auto, (max-width: 300px) 100vw, 300px\" \/>\t\t\t<\/a>\n\t\t\t\t\t\n\t\t\t\t\t<div class=\"caption\">\n\t\t\t\t<h3 class=\"entry-title\">Tropiciel fake news\u00f3w \u2013 poziom 3<\/h3>\n\t\t\t\t\t\t\t\t<div class=\"ld_course_grid_button\"><a class=\"btn btn-primary\" role=\"button\" href=\"https:\/\/spottedproject.org\/pl\/courses\/tropiciel-fake-newsow-poziom-3\/\" rel=\"bookmark\">Rozpocznij<\/a><\/div>\n\t\t\t\t\t\t\t<\/div><!-- .entry-header -->\n\t\t\t<\/article><!-- #post-## -->\n<\/div><!-- .ld_course_grid -->\n<!-- LearnDash Course Grid v1 --><div class=\"ld_course_grid col-sm-6 col-md-3 \">\n\t<article id=\"post-4152\" class=\" thumbnail course post-4152 sfwd-courses type-sfwd-courses status-publish has-post-thumbnail hentry\">\n\t\t\t\t\t\t\t\t<div class=\"ribbon\">\n\t\t\t\tFree\t\t\t<\/div>\n\t\t\t\n\t\t\t\t\t\t<a href=\"https:\/\/spottedproject.org\/pl\/courses\/tropiciel-fake-newsow-poziom-4\/\" rel=\"bookmark\">\n\t\t\t\t<img loading=\"lazy\" decoding=\"async\" width=\"300\" height=\"154\" src=\"https:\/\/spottedproject.org\/wp-content\/uploads\/2022\/01\/Itinerario-4-300x154.png\" class=\"attachment-medium size-medium wp-post-image\" alt=\"\" srcset=\"https:\/\/spottedproject.org\/wp-content\/uploads\/2022\/01\/Itinerario-4-300x154.png 300w, https:\/\/spottedproject.org\/wp-content\/uploads\/2022\/01\/Itinerario-4-1024x526.png 1024w, https:\/\/spottedproject.org\/wp-content\/uploads\/2022\/01\/Itinerario-4-768x395.png 768w, https:\/\/spottedproject.org\/wp-content\/uploads\/2022\/01\/Itinerario-4-50x26.png 50w, https:\/\/spottedproject.org\/wp-content\/uploads\/2022\/01\/Itinerario-4-100x51.png 100w, https:\/\/spottedproject.org\/wp-content\/uploads\/2022\/01\/Itinerario-4.png 1167w\" sizes=\"auto, (max-width: 300px) 100vw, 300px\" \/>\t\t\t<\/a>\n\t\t\t\t\t\n\t\t\t\t\t<div class=\"caption\">\n\t\t\t\t<h3 class=\"entry-title\">Tropiciel fake news\u00f3w \u2013 poziom 4<\/h3>\n\t\t\t\t\t\t\t\t<div class=\"ld_course_grid_button\"><a class=\"btn btn-primary\" role=\"button\" href=\"https:\/\/spottedproject.org\/pl\/courses\/tropiciel-fake-newsow-poziom-4\/\" rel=\"bookmark\">Rozpocznij<\/a><\/div>\n\t\t\t\t\t\t\t<\/div><!-- .entry-header -->\n\t\t\t<\/article><!-- #post-## -->\n<\/div><!-- .ld_course_grid -->\n<!-- LearnDash Course Grid v1 --><div class=\"ld_course_grid col-sm-6 col-md-3 \">\n\t<article id=\"post-4154\" class=\" thumbnail course post-4154 sfwd-courses type-sfwd-courses status-publish has-post-thumbnail hentry\">\n\t\t\t\t\t\t\t\t<div class=\"ribbon\">\n\t\t\t\tFree\t\t\t<\/div>\n\t\t\t\n\t\t\t\t\t\t<a href=\"https:\/\/spottedproject.org\/pl\/courses\/tropiciel-fake-newsow-poziom-5\/\" rel=\"bookmark\">\n\t\t\t\t<img loading=\"lazy\" decoding=\"async\" width=\"300\" height=\"154\" src=\"https:\/\/spottedproject.org\/wp-content\/uploads\/2022\/01\/Itinerario-5-300x154.png\" class=\"attachment-medium size-medium wp-post-image\" alt=\"\" srcset=\"https:\/\/spottedproject.org\/wp-content\/uploads\/2022\/01\/Itinerario-5-300x154.png 300w, https:\/\/spottedproject.org\/wp-content\/uploads\/2022\/01\/Itinerario-5-1024x526.png 1024w, https:\/\/spottedproject.org\/wp-content\/uploads\/2022\/01\/Itinerario-5-768x395.png 768w, https:\/\/spottedproject.org\/wp-content\/uploads\/2022\/01\/Itinerario-5-50x26.png 50w, https:\/\/spottedproject.org\/wp-content\/uploads\/2022\/01\/Itinerario-5-100x51.png 100w, https:\/\/spottedproject.org\/wp-content\/uploads\/2022\/01\/Itinerario-5.png 1167w\" sizes=\"auto, (max-width: 300px) 100vw, 300px\" \/>\t\t\t<\/a>\n\t\t\t\t\t\n\t\t\t\t\t<div class=\"caption\">\n\t\t\t\t<h3 class=\"entry-title\">Tropiciel fake news\u00f3w \u2013 poziom 5<\/h3>\n\t\t\t\t\t\t\t\t<div class=\"ld_course_grid_button\"><a class=\"btn btn-primary\" role=\"button\" href=\"https:\/\/spottedproject.org\/pl\/courses\/tropiciel-fake-newsow-poziom-5\/\" rel=\"bookmark\">Rozpocznij<\/a><\/div>\n\t\t\t\t\t\t\t<\/div><!-- .entry-header -->\n\t\t\t<\/article><!-- #post-## -->\n<\/div><!-- .ld_course_grid -->\n<!-- LearnDash Course Grid v1 --><div class=\"ld_course_grid col-sm-6 col-md-3 \">\n\t<article id=\"post-4156\" class=\" thumbnail course post-4156 sfwd-courses type-sfwd-courses status-publish has-post-thumbnail hentry\">\n\t\t\t\t\t\t\t\t<div class=\"ribbon\">\n\t\t\t\tFree\t\t\t<\/div>\n\t\t\t\n\t\t\t\t\t\t<a href=\"https:\/\/spottedproject.org\/pl\/courses\/tropiciel-fake-newsow-poziom-6\/\" rel=\"bookmark\">\n\t\t\t\t<img loading=\"lazy\" decoding=\"async\" width=\"300\" height=\"154\" src=\"https:\/\/spottedproject.org\/wp-content\/uploads\/2022\/01\/Itinerario-6-300x154.png\" class=\"attachment-medium size-medium wp-post-image\" alt=\"\" srcset=\"https:\/\/spottedproject.org\/wp-content\/uploads\/2022\/01\/Itinerario-6-300x154.png 300w, https:\/\/spottedproject.org\/wp-content\/uploads\/2022\/01\/Itinerario-6-1024x526.png 1024w, https:\/\/spottedproject.org\/wp-content\/uploads\/2022\/01\/Itinerario-6-768x395.png 768w, https:\/\/spottedproject.org\/wp-content\/uploads\/2022\/01\/Itinerario-6-50x26.png 50w, https:\/\/spottedproject.org\/wp-content\/uploads\/2022\/01\/Itinerario-6-100x51.png 100w, https:\/\/spottedproject.org\/wp-content\/uploads\/2022\/01\/Itinerario-6.png 1167w\" sizes=\"auto, (max-width: 300px) 100vw, 300px\" \/>\t\t\t<\/a>\n\t\t\t\t\t\n\t\t\t\t\t<div class=\"caption\">\n\t\t\t\t<h3 class=\"entry-title\">Tropiciel fake news\u00f3w \u2013 poziom 6<\/h3>\n\t\t\t\t\t\t\t\t<div class=\"ld_course_grid_button\"><a class=\"btn btn-primary\" role=\"button\" href=\"https:\/\/spottedproject.org\/pl\/courses\/tropiciel-fake-newsow-poziom-6\/\" rel=\"bookmark\">Rozpocznij<\/a><\/div>\n\t\t\t\t\t\t\t<\/div><!-- .entry-header -->\n\t\t\t<\/article><!-- #post-## -->\n<\/div><!-- .ld_course_grid -->\n<!-- LearnDash Course Grid v1 --><div class=\"ld_course_grid col-sm-6 col-md-3 \">\n\t<article id=\"post-4158\" class=\" thumbnail course post-4158 sfwd-courses type-sfwd-courses status-publish has-post-thumbnail hentry\">\n\t\t\t\t\t\t\t\t<div class=\"ribbon\">\n\t\t\t\tFree\t\t\t<\/div>\n\t\t\t\n\t\t\t\t\t\t<a href=\"https:\/\/spottedproject.org\/pl\/courses\/tropiciel-fake-newsow-poziom-7\/\" rel=\"bookmark\">\n\t\t\t\t<img loading=\"lazy\" decoding=\"async\" width=\"300\" height=\"154\" src=\"https:\/\/spottedproject.org\/wp-content\/uploads\/2022\/01\/Itinerario-7-300x154.png\" class=\"attachment-medium size-medium wp-post-image\" alt=\"\" srcset=\"https:\/\/spottedproject.org\/wp-content\/uploads\/2022\/01\/Itinerario-7-300x154.png 300w, https:\/\/spottedproject.org\/wp-content\/uploads\/2022\/01\/Itinerario-7-1024x526.png 1024w, https:\/\/spottedproject.org\/wp-content\/uploads\/2022\/01\/Itinerario-7-768x395.png 768w, https:\/\/spottedproject.org\/wp-content\/uploads\/2022\/01\/Itinerario-7-50x26.png 50w, https:\/\/spottedproject.org\/wp-content\/uploads\/2022\/01\/Itinerario-7-100x51.png 100w, https:\/\/spottedproject.org\/wp-content\/uploads\/2022\/01\/Itinerario-7.png 1167w\" sizes=\"auto, (max-width: 300px) 100vw, 300px\" \/>\t\t\t<\/a>\n\t\t\t\t\t\n\t\t\t\t\t<div class=\"caption\">\n\t\t\t\t<h3 class=\"entry-title\">Tropiciel fake news\u00f3w \u2013 poziom 7<\/h3>\n\t\t\t\t\t\t\t\t<div class=\"ld_course_grid_button\"><a class=\"btn btn-primary\" role=\"button\" href=\"https:\/\/spottedproject.org\/pl\/courses\/tropiciel-fake-newsow-poziom-7\/\" rel=\"bookmark\">Rozpocznij<\/a><\/div>\n\t\t\t\t\t\t\t<\/div><!-- .entry-header -->\n\t\t\t<\/article><!-- #post-## -->\n<\/div><!-- .ld_course_grid -->\n<!-- LearnDash Course Grid v1 --><div class=\"ld_course_grid col-sm-6 col-md-3 \">\n\t<article id=\"post-4160\" class=\" thumbnail course post-4160 sfwd-courses type-sfwd-courses status-publish has-post-thumbnail hentry\">\n\t\t\t\t\t\t\t\t<div class=\"ribbon\">\n\t\t\t\tFree\t\t\t<\/div>\n\t\t\t\n\t\t\t\t\t\t<a href=\"https:\/\/spottedproject.org\/pl\/courses\/tropiciel-fake-newsow-poziom-8\/\" rel=\"bookmark\">\n\t\t\t\t<img loading=\"lazy\" decoding=\"async\" width=\"300\" height=\"154\" src=\"https:\/\/spottedproject.org\/wp-content\/uploads\/2022\/01\/Itinerario-8-300x154.png\" class=\"attachment-medium size-medium wp-post-image\" alt=\"\" srcset=\"https:\/\/spottedproject.org\/wp-content\/uploads\/2022\/01\/Itinerario-8-300x154.png 300w, https:\/\/spottedproject.org\/wp-content\/uploads\/2022\/01\/Itinerario-8-1024x526.png 1024w, https:\/\/spottedproject.org\/wp-content\/uploads\/2022\/01\/Itinerario-8-768x395.png 768w, https:\/\/spottedproject.org\/wp-content\/uploads\/2022\/01\/Itinerario-8-50x26.png 50w, https:\/\/spottedproject.org\/wp-content\/uploads\/2022\/01\/Itinerario-8-100x51.png 100w, https:\/\/spottedproject.org\/wp-content\/uploads\/2022\/01\/Itinerario-8.png 1167w\" sizes=\"auto, (max-width: 300px) 100vw, 300px\" \/>\t\t\t<\/a>\n\t\t\t\t\t\n\t\t\t\t\t<div class=\"caption\">\n\t\t\t\t<h3 class=\"entry-title\">Tropiciel fake news\u00f3w \u2013 poziom 8<\/h3>\n\t\t\t\t\t\t\t\t<div class=\"ld_course_grid_button\"><a class=\"btn btn-primary\" role=\"button\" href=\"https:\/\/spottedproject.org\/pl\/courses\/tropiciel-fake-newsow-poziom-8\/\" rel=\"bookmark\">Rozpocznij<\/a><\/div>\n\t\t\t\t\t\t\t<\/div><!-- .entry-header -->\n\t\t\t<\/article><!-- #post-## -->\n<\/div><!-- .ld_course_grid -->\n\t<\/div>\n\t\t\t<\/div>\n\t\t<\/div>\n<p><!-- [ld_course_list num=\"8\" col=\"4\"] --><\/p>\n","protected":false},"excerpt":{"rendered":"<p>&nbsp; Uko\u0144cz zaproponowany kurs, aby zosta\u0107 tropicielem fake news\u00f3w. &nbsp;<\/p>\n","protected":false},"author":3,"featured_media":0,"parent":0,"menu_order":0,"comment_status":"closed","ping_status":"closed","template":"","meta":{"footnotes":""},"class_list":["post-4170","page","type-page","status-publish","hentry"],"_links":{"self":[{"href":"https:\/\/spottedproject.org\/pl\/wp-json\/wp\/v2\/pages\/4170","targetHints":{"allow":["GET"]}}],"collection":[{"href":"https:\/\/spottedproject.org\/pl\/wp-json\/wp\/v2\/pages"}],"about":[{"href":"https:\/\/spottedproject.org\/pl\/wp-json\/wp\/v2\/types\/page"}],"author":[{"embeddable":true,"href":"https:\/\/spottedproject.org\/pl\/wp-json\/wp\/v2\/users\/3"}],"replies":[{"embeddable":true,"href":"https:\/\/spottedproject.org\/pl\/wp-json\/wp\/v2\/comments?post=4170"}],"version-history":[{"count":1,"href":"https:\/\/spottedproject.org\/pl\/wp-json\/wp\/v2\/pages\/4170\/revisions"}],"predecessor-version":[{"id":4297,"href":"https:\/\/spottedproject.org\/pl\/wp-json\/wp\/v2\/pages\/4170\/revisions\/4297"}],"wp:attachment":[{"href":"https:\/\/spottedproject.org\/pl\/wp-json\/wp\/v2\/media?parent=4170"}],"curies":[{"name":"wp","href":"https:\/\/api.w.org\/{rel}","templated":true}]}}