{"id":1959,"date":"2021-10-27T16:53:16","date_gmt":"2021-10-27T16:53:16","guid":{"rendered":"https:\/\/spottedproject.org\/projekt\/"},"modified":"2022-03-29T10:49:25","modified_gmt":"2022-03-29T10:49:25","slug":"projekt","status":"publish","type":"page","link":"https:\/\/spottedproject.org\/pl\/projekt\/","title":{"rendered":"Projekt"},"content":{"rendered":"<p>[vc_row row_height_percent=&#8221;0&#8243; override_padding=&#8221;yes&#8221; h_padding=&#8221;2&#8243; top_padding=&#8221;2&#8243; bottom_padding=&#8221;1&#8243; overlay_alpha=&#8221;50&#8243; gutter_size=&#8221;3&#8243; column_width_percent=&#8221;100&#8243; shift_y=&#8221;0&#8243; z_index=&#8221;0&#8243;][vc_column column_width_percent=&#8221;100&#8243; align_horizontal=&#8221;align_center&#8221; gutter_size=&#8221;3&#8243; overlay_alpha=&#8221;50&#8243; shift_x=&#8221;0&#8243; shift_y=&#8221;0&#8243; shift_y_down=&#8221;0&#8243; z_index=&#8221;0&#8243; medium_width=&#8221;0&#8243; mobile_width=&#8221;0&#8243; width=&#8221;1\/1&#8243;][vc_custom_heading heading_semantic=&#8221;h1&#8243; text_font=&#8221;font-555555&#8243; text_size=&#8221;fontsize-47&#8243; text_transform=&#8221;uppercase&#8221; text_color=&#8221;color-639858&#8243;]<\/p>\n<p style=\"text-align: center;\"><strong><span class=\"font-555555 fontsize-47 text-color-639858-color\">PROJEKT<\/span><\/strong><\/p>\n<p>[\/vc_custom_heading][\/vc_column][\/vc_row][vc_row row_height_percent=&#8221;0&#8243; override_padding=&#8221;yes&#8221; h_padding=&#8221;2&#8243; top_padding=&#8221;0&#8243; bottom_padding=&#8221;2&#8243; overlay_alpha=&#8221;50&#8243; gutter_size=&#8221;3&#8243; column_width_percent=&#8221;100&#8243; shift_y=&#8221;0&#8243; z_index=&#8221;0&#8243; css=&#8221;.vc_custom_1613586465398{padding-top: 15px !important;}&#8221;][vc_column column_width_percent=&#8221;100&#8243; align_horizontal=&#8221;align_center&#8221; gutter_size=&#8221;3&#8243; back_image=&#8221;885&#8243; back_repeat=&#8221;no-repeat&#8221; back_position=&#8221;center center&#8221; overlay_alpha=&#8221;50&#8243; shift_x=&#8221;0&#8243; shift_y=&#8221;0&#8243; shift_y_down=&#8221;0&#8243; z_index=&#8221;0&#8243; medium_width=&#8221;0&#8243; mobile_width=&#8221;0&#8243; width=&#8221;1\/1&#8243; back_size=&#8221;contain&#8221; css=&#8221;.vc_custom_1613586707797{padding-top: 70px !important;padding-bottom: 70px !important;}&#8221;][vc_column_text]<span class=\"fontsize-28 fontheight-1\">Polityka szkolna dotycz\u0105ca radzenia sobie z dezinformacj\u0105 i wykrywaniem fake news\u00f3w<br \/>\nPartnerstwo strategiczne Erasmus + KA2 w dziedzinie edukacji szkolnej<\/span>[\/vc_column_text][\/vc_column][\/vc_row][vc_row row_height_percent=&#8221;0&#8243; back_color=&#8221;color-xsdn&#8221; overlay_alpha=&#8221;50&#8243; gutter_size=&#8221;3&#8243; column_width_percent=&#8221;100&#8243; shift_y=&#8221;0&#8243; z_index=&#8221;0&#8243; el_class=&#8221;font-black&#8221;][vc_column column_width_percent=&#8221;100&#8243; gutter_size=&#8221;3&#8243; style=&#8221;light&#8221; overlay_alpha=&#8221;50&#8243; shift_x=&#8221;0&#8243; shift_y=&#8221;0&#8243; shift_y_down=&#8221;0&#8243; z_index=&#8221;0&#8243; medium_width=&#8221;0&#8243; mobile_width=&#8221;0&#8243; width=&#8221;1\/2&#8243;][vc_column_text]<span class=\"fontsize-32 fontheight-1\" style=\"font-weight: bold;\"><strong>Podstawowe informacje<\/strong><\/span>[\/vc_column_text][vc_column_text]<span class=\"font-black fontsize-18 fontheight-1\">Wysi\u0142ki Komisji Europejskiej na rzecz zwalczania dezinformacji i rozpowszechniania fake news\u00f3w w Internecie wzros\u0142y w ci\u0105gu ostatnich czterech lat, co wskazuje na du\u017ce zaniepokojenie t\u0105 kwesti\u0105 w Unii Europejskiej.<\/span><\/p>\n<p><span class=\"font-black fontsize-18 fontheight-1\">W styczniu 2018 r. unijny komisarz ds. gospodarki cyfrowej powo\u0142a\u0142 grup\u0119 ekspert\u00f3w, z\u0142o\u017con\u0105 z szef\u00f3w platform cyfrowych, agencji medialnych i organizacji badawczych w celu opracowania rozwi\u0105za\u0144 dotycz\u0105cych rozpowszechniania fake news\u00f3w.<br \/>\nPowsta\u0142 raport, kt\u00f3ry okre\u015bla nast\u0119puj\u0105ce potrzeby:<\/span><\/p>\n<ul>\n<li><span class=\"font-black fontsize-18 fontheight-1\">Umiej\u0119tne korzystanie z medi\u00f3w,<\/span><\/li>\n<li><span class=\"font-black fontsize-18 fontheight-1\">Konieczno\u015b\u0107 wdra\u017cania informacji na masow\u0105 skal\u0119 w programach szkolnych i programach kszta\u0142cenia nauczycieli,<\/span><\/li>\n<li><span class=\"font-black fontsize-18 fontheight-1\">Jasne metody i oceny informacji medialnych.<\/span><\/li>\n<\/ul>\n<p>[\/vc_column_text][\/vc_column][vc_column column_width_percent=&#8221;100&#8243; position_vertical=&#8221;middle&#8221; align_horizontal=&#8221;align_center&#8221; gutter_size=&#8221;3&#8243; style=&#8221;light&#8221; overlay_alpha=&#8221;50&#8243; shift_x=&#8221;0&#8243; shift_y=&#8221;0&#8243; shift_y_down=&#8221;0&#8243; z_index=&#8221;0&#8243; medium_width=&#8221;0&#8243; mobile_width=&#8221;0&#8243; width=&#8221;1\/2&#8243;][vc_single_image media=&#8221;889&#8243; media_width_percent=&#8221;80&#8243; alignment=&#8221;center&#8221;][\/vc_column][\/vc_row][vc_row][vc_column column_width_percent=&#8221;100&#8243; align_horizontal=&#8221;align_center&#8221; gutter_size=&#8221;3&#8243; back_color=&#8221;color-518115&#8243; overlay_alpha=&#8221;50&#8243; shift_x=&#8221;0&#8243; shift_y=&#8221;0&#8243; shift_y_down=&#8221;0&#8243; z_index=&#8221;0&#8243; medium_width=&#8221;0&#8243; mobile_width=&#8221;0&#8243; width=&#8221;1\/1&#8243; css=&#8221;.vc_custom_1604946961195{padding-right: 80px !important;padding-left: 80px !important;}&#8221; el_class=&#8221;tablet-padding&#8221;][vc_column_text]<span class=\"fontsize-18\">R\u00f3wnolegle rozpocz\u0119to publiczne konsultacje dotycz\u0105ce fake news\u00f3w w UE w celu ich monitorowania. Dwie trzecie respondent\u00f3w twierdzi, \u017ce styka si\u0119 z fake newsami przynajmniej raz w tygodniu, wi\u0119kszo\u015b\u0107 respondent\u00f3w postrzega je jako problem, a tylko 15% czuje si\u0119 \u201ebardzo pewnie\u201d w identyfikowaniu \u017ar\u00f3de\u0142 i wiarygodno\u015bci informacji.<\/span>[\/vc_column_text][\/vc_column][\/vc_row][vc_row row_height_percent=&#8221;0&#8243; overlay_alpha=&#8221;50&#8243; gutter_size=&#8221;3&#8243; column_width_percent=&#8221;100&#8243; shift_y=&#8221;0&#8243; z_index=&#8221;0&#8243; medium_visibility=&#8221;yes&#8221; mobile_visibility=&#8221;yes&#8221; css=&#8221;.vc_custom_1604947018350{padding-top: 15px !important;padding-bottom: 15px !important;}&#8221;][vc_column width=&#8221;1\/1&#8243;][vc_empty_space empty_h=&#8221;0&#8243;][\/vc_column][\/vc_row][vc_row row_height_percent=&#8221;0&#8243; back_color=&#8221;color-xsdn&#8221; overlay_alpha=&#8221;50&#8243; gutter_size=&#8221;3&#8243; column_width_percent=&#8221;100&#8243; shift_y=&#8221;0&#8243; z_index=&#8221;0&#8243; el_class=&#8221;font-black&#8221;][vc_column column_width_percent=&#8221;100&#8243; position_vertical=&#8221;middle&#8221; gutter_size=&#8221;3&#8243; style=&#8221;light&#8221; overlay_alpha=&#8221;50&#8243; shift_x=&#8221;0&#8243; shift_y=&#8221;0&#8243; shift_y_down=&#8221;0&#8243; z_index=&#8221;0&#8243; medium_width=&#8221;0&#8243; mobile_width=&#8221;0&#8243; width=&#8221;1\/2&#8243;][vc_empty_space empty_h=&#8221;0&#8243;][vc_single_image media=&#8221;892&#8243; media_width_percent=&#8221;80&#8243;][\/vc_column][vc_column column_width_percent=&#8221;100&#8243; gutter_size=&#8221;3&#8243; style=&#8221;light&#8221; overlay_alpha=&#8221;50&#8243; shift_x=&#8221;0&#8243; shift_y=&#8221;0&#8243; shift_y_down=&#8221;0&#8243; z_index=&#8221;0&#8243; medium_width=&#8221;0&#8243; mobile_width=&#8221;0&#8243; width=&#8221;1\/2&#8243;][vc_column_text]<span class=\"fontsize-32 fontheight-1\" style=\"font-weight: bold;\"><strong>Cele<\/strong><\/span>[\/vc_column_text][vc_column_text]<span class=\"font-black fontsize-18 fontheight-1\">Podnoszenie \u015bwiadomo\u015bci na temat fake news\u00f3w i informacji w Internecie w\u015br\u00f3d m\u0142odzie\u017cy i nauczycieli szk\u00f3\u0142 \u015brednich.<\/span><\/p>\n<p><span class=\"font-black fontsize-18 fontheight-1\">Umiej\u0119tno\u015b\u0107 korzystania z medi\u00f3w w szko\u0142ach \u015brednich w celu przeciwdzia\u0142ania dezinformacji i pomagania m\u0142odym ludziom w bezpiecznym poruszaniu si\u0119 w \u015bwiecie informacji cyfrowych.<\/span><\/p>\n<ul>\n<li><span class=\"font-black fontsize-18 fontheight-1\">Promowanie bada\u0144 nad skutkami dezinformacji w Europie.<\/span><\/li>\n<li><span class=\"font-black fontsize-18 fontheight-1\">Rozwijanie w\u015br\u00f3d m\u0142odych Europejczyk\u00f3w umiej\u0119tno\u015bci identyfikowania i analizowania informacji dost\u0119pnych w Internecie.<\/span><\/li>\n<li><span class=\"font-black fontsize-18 fontheight-1\">Walka z rozpowszechnianiem mowy nienawi\u015bci i niedemokratycznych idei w internetowych mediach spo\u0142eczno\u015bciowych w\u015br\u00f3d m\u0142odych Europejczyk\u00f3w.<\/span><\/li>\n<\/ul>\n<p>[\/vc_column_text][\/vc_column][\/vc_row][vc_row row_height_percent=&#8221;0&#8243; overlay_alpha=&#8221;50&#8243; gutter_size=&#8221;3&#8243; column_width_percent=&#8221;100&#8243; shift_y=&#8221;0&#8243; z_index=&#8221;0&#8243; medium_visibility=&#8221;yes&#8221; mobile_visibility=&#8221;yes&#8221;][vc_column width=&#8221;1\/1&#8243;][vc_empty_space empty_h=&#8221;2&#8243; mobile_visibility=&#8221;yes&#8221;][\/vc_column][\/vc_row][vc_row row_height_percent=&#8221;0&#8243; overlay_alpha=&#8221;50&#8243; gutter_size=&#8221;3&#8243; column_width_percent=&#8221;100&#8243; shift_y=&#8221;0&#8243; z_index=&#8221;0&#8243; css=&#8221;.vc_custom_1614026178004{padding-bottom: 60px !important;}&#8221;][vc_column width=&#8221;1\/1&#8243;][vc_column_text]<span class=\"fontsize-32 fontheight-1\" style=\"font-weight: bold;\"><strong>Rezultaty<\/strong><\/span>[\/vc_column_text][vc_row_inner][vc_column_inner width=&#8221;1\/3&#8243;][vc_column_text el_class=&#8221;light-blue-background .margin-top-0&#8243; css=&#8221;.vc_custom_1604919421641{padding-top: 60px !important;padding-right: 47px !important;padding-bottom: 60px !important;padding-left: 47px !important;}&#8221;]<span class=\"fontsize-28 fontheight-1\"><strong style=\"color: #2b89d7;\">IO1 -Rezultat 1<\/strong><\/span><\/p>\n<p><span class=\"fontheight-1\">Internetowe narz\u0119dzie do cyfrowej oceny dezinformacji dla uczni\u00f3w szk\u00f3\u0142 \u015brednich w Europie. Skrojone na miar\u0119 REA do testowania m\u0142odych ludzi pod k\u0105tem ich zdolno\u015bci dostrzegania fake news\u00f3w, \u015bledzenia \u017ar\u00f3d\u0142a informacji, zrozumienia proces\u00f3w rozpowszechniania informacji i mo\u017cliwych przyczyn wprowadzania czytelnika w b\u0142\u0105d.<\/span>[\/vc_column_text][\/vc_column_inner][vc_column_inner width=&#8221;1\/3&#8243;][vc_column_text el_class=&#8221;light-blue-background .margin-top-0&#8243; css=&#8221;.vc_custom_1604919441781{padding-top: 60px !important;padding-right: 47px !important;padding-bottom: 60px !important;padding-left: 47px !important;}&#8221;]<span class=\"fontsize-28 fontheight-1\"><strong style=\"color: #2b89d7;\">IO2 -Rezultat 2<\/strong><\/span><\/p>\n<p><span class=\"fontheight-1\">Wytyczne dotycz\u0105ce edukacji medialnej i informacyjnej dla szk\u00f3\u0142 wraz z propozycj\u0105 programu dla nauczycieli gwarantuj\u0105cego mo\u017cliwo\u015b\u0107 wprowadzenia metod cyfrowych i dzia\u0142a\u0144 pozaformalnych w szko\u0142ach europejskich.<\/span>[\/vc_column_text][\/vc_column_inner][vc_column_inner width=&#8221;1\/3&#8243;][vc_column_text el_class=&#8221;light-blue-background .margin-top-0&#8243; css=&#8221;.vc_custom_1604919456030{padding-top: 60px !important;padding-right: 47px !important;padding-bottom: 60px !important;padding-left: 47px !important;}&#8221;]<span class=\"fontsize-28 fontheight-1\"><strong style=\"color: #2b89d7;\">IO3 \u2013 Rezultat 3<\/strong><\/span><\/p>\n<p><span class=\"fontheight-1\">e-Learning o dezinformacji dla nauczycieli i uczni\u00f3w.<\/span>[\/vc_column_text][\/vc_column_inner][\/vc_row_inner][\/vc_column][\/vc_row][vc_row][vc_column column_width_percent=&#8221;100&#8243; align_horizontal=&#8221;align_center&#8221; gutter_size=&#8221;3&#8243; back_color=&#8221;color-518115&#8243; overlay_alpha=&#8221;50&#8243; shift_x=&#8221;0&#8243; shift_y=&#8221;0&#8243; shift_y_down=&#8221;0&#8243; z_index=&#8221;0&#8243; medium_width=&#8221;0&#8243; mobile_width=&#8221;0&#8243; width=&#8221;1\/1&#8243; css=&#8221;.vc_custom_1614025354434{padding-right: 0px !important;}&#8221; el_class=&#8221;tablet-padding custom-height-1&#8243;][vc_row_inner][vc_column_inner column_width_percent=&#8221;100&#8243; gutter_size=&#8221;3&#8243; overlay_alpha=&#8221;50&#8243; shift_x=&#8221;0&#8243; shift_y=&#8221;0&#8243; shift_y_down=&#8221;0&#8243; z_index=&#8221;0&#8243; medium_width=&#8221;0&#8243; mobile_width=&#8221;0&#8243; width=&#8221;2\/3&#8243; css=&#8221;.vc_custom_1614026697531{padding-left: 70px !important;}&#8221; el_class=&#8221;tablet-padding-0&#8243;][vc_column_text]<span class=\"fontsize-18\">E-learning zapewni przydatne szkolenia online zar\u00f3wno dla nauczycieli jak i uczni\u00f3w w zakresie umiej\u0119tno\u015bci korzystania z informacji. Ich celem jest podniesienie \u015bwiadomo\u015bci na temat dezinformacji i sposob\u00f3w radzenia sobie z ni\u0105.<\/span>[\/vc_column_text][\/vc_column_inner][vc_column_inner column_width_percent=&#8221;100&#8243; gutter_size=&#8221;3&#8243; override_padding=&#8221;yes&#8221; column_padding=&#8221;0&#8243; overlay_alpha=&#8221;50&#8243; shift_x=&#8221;0&#8243; shift_y=&#8221;0&#8243; shift_y_down=&#8221;0&#8243; z_index=&#8221;0&#8243; medium_width=&#8221;0&#8243; mobile_width=&#8221;0&#8243; width=&#8221;1\/3&#8243; el_class=&#8221;malabares-img&#8221; css=&#8221;.vc_custom_1614025831779{padding-left: 0px !important;}&#8221;][vc_single_image media=&#8221;895&#8243; media_width_percent=&#8221;100&#8243;][\/vc_column_inner][\/vc_row_inner][\/vc_column][\/vc_row][vc_row row_height_percent=&#8221;0&#8243; override_padding=&#8221;yes&#8221; h_padding=&#8221;2&#8243; top_padding=&#8221;3&#8243; bottom_padding=&#8221;3&#8243; overlay_alpha=&#8221;50&#8243; gutter_size=&#8221;3&#8243; column_width_percent=&#8221;100&#8243; shift_y=&#8221;0&#8243; z_index=&#8221;0&#8243;][vc_column column_width_percent=&#8221;100&#8243; align_horizontal=&#8221;align_center&#8221; gutter_size=&#8221;3&#8243; style=&#8221;light&#8221; overlay_alpha=&#8221;50&#8243; shift_x=&#8221;0&#8243; shift_y=&#8221;0&#8243; shift_y_down=&#8221;0&#8243; z_index=&#8221;0&#8243; medium_width=&#8221;0&#8243; mobile_width=&#8221;0&#8243; width=&#8221;1\/1&#8243;][vc_column_text css=&#8221;.vc_custom_1604945117327{margin-bottom: 15px !important;}&#8221;]<\/p>\n<p style=\"text-align: center;\"><strong><span class=\"fontsize-32\"><span style=\"color: #ffd40c;\">#<\/span>spotted<\/span><\/strong><\/p>\n<p>[\/vc_column_text][vc_icon display=&#8221;inline&#8221; icon_image=&#8221;453&#8243;][\/vc_icon][vc_icon display=&#8221;inline&#8221; icon_image=&#8221;451&#8243;][\/vc_icon][vc_icon display=&#8221;inline&#8221; icon_image=&#8221;449&#8243;][\/vc_icon][\/vc_column][\/vc_row]<\/p>\n","protected":false},"excerpt":{"rendered":"<p>[vc_row row_height_percent=&#8221;0&#8243; override_padding=&#8221;yes&#8221; h_padding=&#8221;2&#8243; top_padding=&#8221;2&#8243; bottom_padding=&#8221;1&#8243; overlay_alpha=&#8221;50&#8243; gutter_size=&#8221;3&#8243; column_width_percent=&#8221;100&#8243; shift_y=&#8221;0&#8243; z_index=&#8221;0&#8243;][vc_column column_width_percent=&#8221;100&#8243; align_horizontal=&#8221;align_center&#8221; gutter_size=&#8221;3&#8243; overlay_alpha=&#8221;50&#8243; shift_x=&#8221;0&#8243; shift_y=&#8221;0&#8243; shift_y_down=&#8221;0&#8243; z_index=&#8221;0&#8243; medium_width=&#8221;0&#8243; [&hellip;]<\/p>\n","protected":false},"author":1,"featured_media":0,"parent":0,"menu_order":0,"comment_status":"closed","ping_status":"closed","template":"","meta":{"footnotes":""},"class_list":["post-1959","page","type-page","status-publish","hentry"],"_links":{"self":[{"href":"https:\/\/spottedproject.org\/pl\/wp-json\/wp\/v2\/pages\/1959","targetHints":{"allow":["GET"]}}],"collection":[{"href":"https:\/\/spottedproject.org\/pl\/wp-json\/wp\/v2\/pages"}],"about":[{"href":"https:\/\/spottedproject.org\/pl\/wp-json\/wp\/v2\/types\/page"}],"author":[{"embeddable":true,"href":"https:\/\/spottedproject.org\/pl\/wp-json\/wp\/v2\/users\/1"}],"replies":[{"embeddable":true,"href":"https:\/\/spottedproject.org\/pl\/wp-json\/wp\/v2\/comments?post=1959"}],"version-history":[{"count":3,"href":"https:\/\/spottedproject.org\/pl\/wp-json\/wp\/v2\/pages\/1959\/revisions"}],"predecessor-version":[{"id":3530,"href":"https:\/\/spottedproject.org\/pl\/wp-json\/wp\/v2\/pages\/1959\/revisions\/3530"}],"wp:attachment":[{"href":"https:\/\/spottedproject.org\/pl\/wp-json\/wp\/v2\/media?parent=1959"}],"curies":[{"name":"wp","href":"https:\/\/api.w.org\/{rel}","templated":true}]}}