{"id":1954,"date":"2021-10-27T16:45:14","date_gmt":"2021-10-27T16:45:14","guid":{"rendered":"https:\/\/spottedproject.org\/home\/"},"modified":"2023-03-28T14:54:31","modified_gmt":"2023-03-28T14:54:31","slug":"home","status":"publish","type":"page","link":"https:\/\/spottedproject.org\/pl\/","title":{"rendered":"Home"},"content":{"rendered":"<p>[vc_row row_height_percent=&#8221;0&#8243; back_color=&#8221;color-xsdn&#8221; overlay_alpha=&#8221;50&#8243; gutter_size=&#8221;3&#8243; column_width_percent=&#8221;100&#8243; shift_y=&#8221;0&#8243; z_index=&#8221;0&#8243;][vc_column width=&#8221;1\/1&#8243;][vc_empty_space empty_h=&#8221;1&#8243;][\/vc_column][\/vc_row][vc_row row_height_percent=&#8221;0&#8243; back_color=&#8221;color-xsdn&#8221; overlay_alpha=&#8221;50&#8243; gutter_size=&#8221;3&#8243; column_width_percent=&#8221;100&#8243; shift_y=&#8221;0&#8243; z_index=&#8221;0&#8243; el_class=&#8221;font-black&#8221; css=&#8221;.vc_custom_1613569908173{padding-bottom: 110px !important;}&#8221;][vc_column column_width_percent=&#8221;100&#8243; gutter_size=&#8221;3&#8243; style=&#8221;light&#8221; overlay_alpha=&#8221;50&#8243; shift_x=&#8221;0&#8243; shift_y=&#8221;0&#8243; shift_y_down=&#8221;0&#8243; z_index=&#8221;0&#8243; medium_width=&#8221;0&#8243; mobile_width=&#8221;0&#8243; width=&#8221;1\/2&#8243;][vc_column_text]<span class=\"fontsize-32 fontheight-1\" style=\"font-weight: bold;\"><strong>Sprawd\u017a swoj\u0105 wiedz\u0119 na temat Fake News!<\/strong><\/span>[\/vc_column_text][vc_column_text]<span class=\"font-black fontsize-18 fontheight-1\">We\u017a udzia\u0142 w naszej ankiecie i dowiedz si\u0119, jak du\u017co wiesz na temat dezinformacji i fake news\u00f3w. Odpowiedz na pytania, a powiemy Ci czy jeste\u015b ju\u017c gotowy\/a stawi\u0107 czo\u0142o fake newsom czy te\u017c potrzebujesz wi\u0119cej czasu, aby udoskonali\u0107 swoje umiej\u0119tno\u015bci.<\/span>[\/vc_column_text][vc_column_text css=&#8221;.vc_custom_1604659038864{margin-top: 30px !important;}&#8221;]<strong><span class=\"fontsize-22 fontbold700\">Zacznij teraz!<\/span><\/strong>[\/vc_column_text][vc_button button_color=&#8221;color-121472&#8243; radius=&#8221;btn-round&#8221; border_width=&#8221;0&#8243; el_class=&#8221;btn-main&#8221; link=&#8221;url:%2Fpl%2Fspotted-test%2F|||&#8221;]Rozpocznij ankiet\u0119[\/vc_button][\/vc_column][vc_column column_width_percent=&#8221;100&#8243; align_horizontal=&#8221;align_center&#8221; gutter_size=&#8221;3&#8243; style=&#8221;light&#8221; overlay_alpha=&#8221;50&#8243; shift_x=&#8221;0&#8243; shift_y=&#8221;0&#8243; shift_y_down=&#8221;0&#8243; z_index=&#8221;0&#8243; medium_width=&#8221;0&#8243; mobile_width=&#8221;0&#8243; width=&#8221;1\/2&#8243;][vc_single_image media=&#8221;829&#8243; media_width_percent=&#8221;100&#8243;][\/vc_column][\/vc_row][vc_row row_height_percent=&#8221;0&#8243; back_color=&#8221;color-xsdn&#8221; back_image=&#8221;832&#8243; back_repeat=&#8221;no-repeat&#8221; back_attachment=&#8221;scroll&#8221; back_position=&#8221;left center&#8221; overlay_alpha=&#8221;50&#8243; gutter_size=&#8221;3&#8243; column_width_percent=&#8221;100&#8243; shift_y=&#8221;0&#8243; z_index=&#8221;0&#8243; css=&#8221;.vc_custom_1613569895635{margin-top: -36px !important;padding-top: 30px !important;}&#8221; back_size=&#8221;contain&#8221;][vc_column column_width_percent=&#8221;100&#8243; align_horizontal=&#8221;align_center&#8221; gutter_size=&#8221;3&#8243; style=&#8221;light&#8221; overlay_alpha=&#8221;50&#8243; shift_x=&#8221;0&#8243; shift_y=&#8221;0&#8243; shift_y_down=&#8221;0&#8243; z_index=&#8221;0&#8243; medium_width=&#8221;0&#8243; mobile_width=&#8221;0&#8243; width=&#8221;1\/1&#8243;][vc_column_text]<span class=\"fontsize-32 fontheight-1\" style=\"font-weight: bold;\"><strong>Czym jest SPOTTED?<\/strong><\/span>[\/vc_column_text][vc_column_text]<span class=\"font-black fontsize-18 fontheight-1\"><strong>Spotted <\/strong>to projekt zainicjowany przez Loyola Andaluc\u00eda University, hiszpa\u0144sk\u0105 firm\u0119 Incoma, w\u0142osk\u0105 Pagella Politica, Europejski Instytut Edukacji i Nauczania z Grecji,1 Sv Ignaco Lojolos Kolegija z Litwy i Zesp\u00f3\u0142 Szk\u00f3\u0142 nr 6 z Polski.<\/span><\/p>\n<p><span class=\"font-black fontsize-18 fontheight-1\"><strong>Jego celem jest walka z dezinformacj\u0105 i fake newsami poprzez program szkoleniowy skierowany do uczni\u00f3w szk\u00f3\u0142 \u015brednich z ca\u0142ej Europy.<\/strong><\/span><\/p>\n<p>&nbsp;[\/vc_column_text][vc_row_inner limit_content=&#8221;&#8221;][vc_column_inner width=&#8221;1\/3&#8243;][vc_single_image media=&#8221;377&#8243; media_width_use_pixel=&#8221;yes&#8221; alignment=&#8221;center&#8221; media_width_pixel=&#8221;116&#8243; media_link=&#8221;url:https%3A%2F%2Fspottedproject.org%2Fpl%2Fspotted-test%2F|title:SPOTTED%20Test|target:%20_blank|&#8221;][vc_column_text css=&#8221;.vc_custom_1667327499418{margin-top: 20px !important;}&#8221;]<a href=\"https:\/\/spottedproject.org\/pl\/spotted-test\/\"><strong><span class=\"fontsize-22 bold700 fontheight-1\">Ocena wiedzy.<\/span><\/strong><\/a>[\/vc_column_text][vc_column_text css=&#8221;.vc_custom_1604659176051{margin-top: 15px !important;}&#8221;]<span class=\"fontheight-1\">Poprzez wype\u0142nienie ankiety ka\u017cdy u\u017cytkownik mo\u017ce samodzielnie oceni\u0107 swoj\u0105 wiedz\u0119 w zakresie wykrywania fake news\u00f3w.<\/span>[\/vc_column_text][\/vc_column_inner][vc_column_inner width=&#8221;1\/3&#8243;][vc_single_image media=&#8221;379&#8243; media_width_use_pixel=&#8221;yes&#8221; alignment=&#8221;center&#8221; media_width_pixel=&#8221;116&#8243; media_link=&#8221;url:https%3A%2F%2Fspottedproject.org%2Fpl%2Fkursy%2F|title:Kursy|target:%20_blank|&#8221;][vc_column_text css=&#8221;.vc_custom_1667327464174{margin-top: 20px !important;}&#8221;]<a href=\"https:\/\/spottedproject.org\/pl\/kursy\/\"><strong><span class=\"fontsize-22 bold700 fontheight-1\">Tre\u015b\u0107 szkolenia.<\/span><\/strong><\/a>[\/vc_column_text][vc_column_text css=&#8221;.vc_custom_1604659163250{margin-top: 15px !important;}&#8221;]<span class=\"fontheight-1\">System oferuje \u201epodr\u00f3\u017c szkoleniow\u0105\u201d opracowan\u0105 przez specjalist\u00f3w w dziedzinie dziennikarstwa i weryfikacji informacji, kt\u00f3rej celem jest pomoc m\u0142odym ludziom w walce z dezinformacj\u0105.<\/span>[\/vc_column_text][\/vc_column_inner][vc_column_inner width=&#8221;1\/3&#8243;][vc_single_image media=&#8221;379&#8243; media_width_use_pixel=&#8221;yes&#8221; alignment=&#8221;center&#8221; media_width_pixel=&#8221;116&#8243; media_link=&#8221;url:https%3A%2F%2Fspottedproject.org%2Fwp-content%2Fuploads%2F2023%2F03%2FSPOTTED-Guide-for-the-Media-and-information-literacy-of-school-children.pdf|title:Guidelines|target:%20_blank|&#8221;][vc_column_text css=&#8221;.vc_custom_1680015263224{margin-top: 20px !important;}&#8221;]<a href=\"https:\/\/spottedproject.org\/wp-content\/uploads\/2023\/03\/SPOTTED-Guide-for-the-Media-and-information-literacy-of-school-children.pdf\"><strong><span class=\"fontsize-22 bold700 fontheight-1\">APrzewodnik radzenia sobie z dezinformacj\u0105.<\/span><\/strong><\/a>[\/vc_column_text][vc_column_text css=&#8221;.vc_custom_1631538491279{margin-top: 15px !important;}&#8221;]Pobierz wskaz\u00f3wki, aby dowiedzie\u0107 si\u0119 czym jest dezinformacja i jak sobie z ni\u0105 radzi\u0107. Przewodnik zawieraj\u0105cy podstawowe informacje na temat fake news\u00f3w wraz z praktycznymi \u0107wiczeniami do wykorzystania przez nauczyciela na lekcji.[\/vc_column_text][\/vc_column_inner][\/vc_row_inner][\/vc_column][\/vc_row][vc_row row_height_percent=&#8221;0&#8243; back_color=&#8221;color-xsdn&#8221; overlay_alpha=&#8221;50&#8243; gutter_size=&#8221;3&#8243; column_width_percent=&#8221;100&#8243; shift_y=&#8221;0&#8243; z_index=&#8221;0&#8243; mobile_visibility=&#8221;yes&#8221;][vc_column column_width_percent=&#8221;100&#8243; gutter_size=&#8221;3&#8243; overlay_alpha=&#8221;50&#8243; shift_x=&#8221;0&#8243; shift_y=&#8221;0&#8243; shift_y_down=&#8221;0&#8243; z_index=&#8221;0&#8243; medium_width=&#8221;0&#8243; mobile_width=&#8221;0&#8243; width=&#8221;1\/1&#8243; css=&#8221;.vc_custom_1604410704660{padding-top: 90px !important;padding-bottom: 90px !important;}&#8221;][vc_empty_space empty_h=&#8221;2&#8243;][\/vc_column][\/vc_row][vc_row row_height_percent=&#8221;0&#8243; back_color=&#8221;color-xsdn&#8221; overlay_alpha=&#8221;50&#8243; gutter_size=&#8221;3&#8243; column_width_percent=&#8221;100&#8243; shift_y=&#8221;0&#8243; z_index=&#8221;0&#8243;][vc_column column_width_percent=&#8221;100&#8243; gutter_size=&#8221;3&#8243; overlay_alpha=&#8221;50&#8243; shift_x=&#8221;0&#8243; shift_y=&#8221;0&#8243; shift_y_down=&#8221;0&#8243; z_index=&#8221;0&#8243; medium_width=&#8221;0&#8243; mobile_width=&#8221;0&#8243; width=&#8221;1\/1&#8243;][vc_empty_space empty_h=&#8221;1&#8243; desktop_visibility=&#8221;yes&#8221; medium_visibility=&#8221;yes&#8221;][\/vc_column][\/vc_row][vc_row row_height_percent=&#8221;0&#8243; back_image=&#8221;854&#8243; back_repeat=&#8221;no-repeat&#8221; overlay_alpha=&#8221;50&#8243; gutter_size=&#8221;3&#8243; column_width_percent=&#8221;100&#8243; shift_y=&#8221;0&#8243; z_index=&#8221;0&#8243; back_size=&#8221;cover&#8221; css=&#8221;.vc_custom_1613580516311{padding-top: 50px !important;}&#8221;][vc_column width=&#8221;1\/1&#8243;][vc_row_inner row_inner_height_percent=&#8221;0&#8243; overlay_alpha=&#8221;50&#8243; gutter_size=&#8221;3&#8243; shift_y=&#8221;0&#8243; z_index=&#8221;0&#8243; el_class=&#8221;profesor-row&#8221; limit_content=&#8221;&#8221;][vc_column_inner width=&#8221;1\/1&#8243;][vc_single_image media=&#8221;840&#8243; media_width_percent=&#8221;50&#8243; alignment=&#8221;center&#8221; el_class=&#8221;profesor-img-margin&#8221;][vc_column_text text_lead=&#8221;yes&#8221; css=&#8221;.vc_custom_1613579800861{margin-top: -1px !important;padding-top: 65px !important;padding-right: 115px !important;padding-bottom: 65px !important;padding-left: 115px !important;}&#8221; el_class=&#8221;background-white tablet-padding profesor-text-margin&#8221;]<\/p>\n<p style=\"text-align: center;\">Opracowane narz\u0119dzia przeznaczone s\u0105 przede wszystkim dla nauczycieli szk\u00f3\u0142 \u015brednich do wykorzystania w pracy z uczniami.<\/p>\n<p style=\"text-align: center;\">Ponadto informacje zebrane w ramach ankiety zostan\u0105 wykorzystane do prowadzenia bada\u0144 naukowych i analiz, kt\u00f3re przyczyni\u0105 si\u0119 do lepszego zrozumienia problemu dezinformacji oraz zapewni\u0105 Unii Europejskiej nowe narz\u0119dzia i wiedz\u0119, kt\u00f3ra po\u0142o\u017cy kres powa\u017cnemu problemowi, jakim s\u0105 fake newsy.<\/p>\n<p>[\/vc_column_text][\/vc_column_inner][\/vc_row_inner][vc_row_inner row_inner_height_percent=&#8221;0&#8243; overlay_alpha=&#8221;50&#8243; gutter_size=&#8221;3&#8243; shift_y=&#8221;0&#8243; z_index=&#8221;0&#8243; mobile_visibility=&#8221;yes&#8221; css=&#8221;.vc_custom_1604602342034{padding-top: 75px !important;padding-bottom: 75px !important;}&#8221; limit_content=&#8221;&#8221;][vc_column_inner width=&#8221;1\/1&#8243;][vc_empty_space empty_h=&#8221;2&#8243;][\/vc_column_inner][\/vc_row_inner][vc_row_inner row_inner_height_percent=&#8221;0&#8243; overlay_alpha=&#8221;50&#8243; gutter_size=&#8221;3&#8243; shift_y=&#8221;0&#8243; z_index=&#8221;0&#8243; desktop_visibility=&#8221;yes&#8221; medium_visibility=&#8221;yes&#8221; css=&#8221;.vc_custom_1604602352190{padding-top: 36px !important;padding-bottom: 36px !important;}&#8221; limit_content=&#8221;&#8221;][vc_column_inner width=&#8221;1\/1&#8243;][vc_empty_space empty_h=&#8221;2&#8243;][\/vc_column_inner][\/vc_row_inner][\/vc_column][\/vc_row][vc_row row_height_percent=&#8221;0&#8243; override_padding=&#8221;yes&#8221; h_padding=&#8221;2&#8243; top_padding=&#8221;2&#8243; bottom_padding=&#8221;0&#8243; overlay_alpha=&#8221;50&#8243; gutter_size=&#8221;3&#8243; column_width_percent=&#8221;100&#8243; shift_y=&#8221;0&#8243; z_index=&#8221;0&#8243; inverted_device_order=&#8221;yes&#8221;][vc_column column_width_percent=&#8221;100&#8243; align_horizontal=&#8221;align_center&#8221; gutter_size=&#8221;3&#8243; style=&#8221;dark&#8221; overlay_alpha=&#8221;50&#8243; shift_x=&#8221;0&#8243; shift_y=&#8221;0&#8243; shift_y_down=&#8221;0&#8243; z_index=&#8221;0&#8243; medium_width=&#8221;0&#8243; mobile_width=&#8221;0&#8243; width=&#8221;1\/1&#8243;][vc_column_text css=&#8221;.vc_custom_1604494895343{margin-bottom: 20px !important;}&#8221;]<\/p>\n<p style=\"text-align: center;\"><strong><span class=\"fontsize-32\"><span style=\"color: #ffd40c;\">#<\/span>spotted<\/span><\/strong><\/p>\n<p>[\/vc_column_text][vc_icon display=&#8221;inline&#8221; icon_image=&#8221;453&#8243; link=&#8221;url:https%3A%2F%2Fwww.facebook.com%2FThespottedproject%2F||target:%20_blank|&#8221;][\/vc_icon][vc_icon display=&#8221;inline&#8221; icon_image=&#8221;451&#8243; link=&#8221;url:https%3A%2F%2Ftwitter.com%2Fprojectspotted||target:%20_blank|&#8221;][\/vc_icon][vc_icon display=&#8221;inline&#8221; icon_image=&#8221;449&#8243;][\/vc_icon][\/vc_column][\/vc_row]<\/p>\n","protected":false},"excerpt":{"rendered":"<p>[vc_row row_height_percent=&#8221;0&#8243; back_color=&#8221;color-xsdn&#8221; overlay_alpha=&#8221;50&#8243; gutter_size=&#8221;3&#8243; column_width_percent=&#8221;100&#8243; shift_y=&#8221;0&#8243; z_index=&#8221;0&#8243;][vc_column width=&#8221;1\/1&#8243;][vc_empty_space empty_h=&#8221;1&#8243;][\/vc_column][\/vc_row][vc_row row_height_percent=&#8221;0&#8243; back_color=&#8221;color-xsdn&#8221; overlay_alpha=&#8221;50&#8243; gutter_size=&#8221;3&#8243; column_width_percent=&#8221;100&#8243; shift_y=&#8221;0&#8243; z_index=&#8221;0&#8243; el_class=&#8221;font-black&#8221; css=&#8221;.vc_custom_1613569908173{padding-bottom: 110px [&hellip;]<\/p>\n","protected":false},"author":1,"featured_media":0,"parent":0,"menu_order":0,"comment_status":"closed","ping_status":"closed","template":"","meta":{"footnotes":""},"class_list":["post-1954","page","type-page","status-publish","hentry"],"_links":{"self":[{"href":"https:\/\/spottedproject.org\/pl\/wp-json\/wp\/v2\/pages\/1954","targetHints":{"allow":["GET"]}}],"collection":[{"href":"https:\/\/spottedproject.org\/pl\/wp-json\/wp\/v2\/pages"}],"about":[{"href":"https:\/\/spottedproject.org\/pl\/wp-json\/wp\/v2\/types\/page"}],"author":[{"embeddable":true,"href":"https:\/\/spottedproject.org\/pl\/wp-json\/wp\/v2\/users\/1"}],"replies":[{"embeddable":true,"href":"https:\/\/spottedproject.org\/pl\/wp-json\/wp\/v2\/comments?post=1954"}],"version-history":[{"count":17,"href":"https:\/\/spottedproject.org\/pl\/wp-json\/wp\/v2\/pages\/1954\/revisions"}],"predecessor-version":[{"id":4790,"href":"https:\/\/spottedproject.org\/pl\/wp-json\/wp\/v2\/pages\/1954\/revisions\/4790"}],"wp:attachment":[{"href":"https:\/\/spottedproject.org\/pl\/wp-json\/wp\/v2\/media?parent=1954"}],"curies":[{"name":"wp","href":"https:\/\/api.w.org\/{rel}","templated":true}]}}