{"id":2827,"date":"2022-01-19T19:30:15","date_gmt":"2022-01-19T19:30:15","guid":{"rendered":"https:\/\/spottedproject.org\/spotted-results\/"},"modified":"2022-04-25T11:46:59","modified_gmt":"2022-04-25T11:46:59","slug":"spotted-results","status":"publish","type":"page","link":"https:\/\/spottedproject.org\/lt\/spotted-results\/","title":{"rendered":"Spotted Results"},"content":{"rendered":"<p>[vc_row][vc_column][vc_column_text]<\/p>\n<h2>Results<\/h2>\n<p>&nbsp;<\/p>\n<div class=\"msextras-trainings-sentence\"><p>Oi! Prie\u0161 dalindamiesi gauta informacija, turite perskaityti, patikrinti ir nustatyti jos ketinimus. Prad\u0117kime!<\/p><\/div>[\/vc_column_text][vc_wp_text title=&#8221;Spotted Results&#8221;]<\/p>\n<table class=\"tftable\">\n<tbody>\n<tr>\n<th>\n<h4>Tikrinimas ir skaitymas<\/h4>\n<\/th>\n<th>\n<h4>Ketinimo aptikimas<\/h4>\n<\/th>\n<th>\n<h4>Dalijimosi elgsena<\/h4>\n<\/th>\n<\/tr>\n<tr>\n<td><div id=\"ms-progress-circle570519407\" class=\"modalsurvey-progress-circle\" data-animation=\"1\"  data-foregroundColor=\"#719430\" data-backgroundColor=\"#ccc\" data-targetColor=\"#ccc\" data-fontColor=\"#000\" data-animationStep=\"5\" data-percent=\"0\"><\/div><\/td>\n<td><div id=\"ms-progress-circle570519407\" class=\"modalsurvey-progress-circle\" data-animation=\"1\"  data-foregroundColor=\"#719430\" data-backgroundColor=\"#ccc\" data-targetColor=\"#ccc\" data-fontColor=\"#000\" data-animationStep=\"5\" data-percent=\"0\"><\/div><\/td>\n<td><div id=\"ms-progress-circle570519407\" class=\"modalsurvey-progress-circle\" data-animation=\"1\"  data-foregroundColor=\"#719430\" data-backgroundColor=\"#ccc\" data-targetColor=\"#ccc\" data-fontColor=\"#000\" data-animationStep=\"5\" data-percent=\"0\"><\/div><\/td>\n<\/tr>\n<\/tbody>\n<\/table>\n<p>[\/vc_wp_text][vc_column_text]Atsi\u017evelgdami \u012f j\u016bs\u0173 testo rezultatus, rekomenduojame dalyvauti specialiuose mokymuose, kad taptum\u0117te netikr\u0173 naujien\u0173 detektyvu. Ta\u010diau, jei norite, galite lankyti sud\u0117tingesnius kursus.[\/vc_column_text][vc_wp_text]<div class=\"msextras-trainings recommended-1\"><div id=\"ld-course-list-content-e0c9199b9090123386e9fd2f9817d592\" class=\"ld-course-list-content\" data-shortcode-atts=\"{&quot;num&quot;:&quot;8&quot;,&quot;col&quot;:&quot;4&quot;,&quot;order&quot;:&quot;ASC&quot;}\">\n\t\t\t<div class=\"ld-course-list-items row\">\n\t<!-- LearnDash Course Grid v1 --><div class=\"ld_course_grid col-sm-6 col-md-3 \">\n\t<article id=\"post-3499\" class=\" thumbnail course post-3499 sfwd-courses type-sfwd-courses status-publish has-post-thumbnail hentry\">\n\t\t\t\t\t\t\t\t<div class=\"ribbon\">\n\t\t\t\tFree\t\t\t<\/div>\n\t\t\t\n\t\t\t\t\t\t<a href=\"https:\/\/spottedproject.org\/lt\/courses\/megejiskas-netikru-naujienu-detektyvas\/\" rel=\"bookmark\">\n\t\t\t\t<img loading=\"lazy\" decoding=\"async\" width=\"300\" height=\"154\" src=\"https:\/\/spottedproject.org\/wp-content\/uploads\/2021\/12\/Itinerario-1-300x154.png\" class=\"attachment-medium size-medium wp-post-image\" alt=\"\" srcset=\"https:\/\/spottedproject.org\/wp-content\/uploads\/2021\/12\/Itinerario-1-300x154.png 300w, https:\/\/spottedproject.org\/wp-content\/uploads\/2021\/12\/Itinerario-1-1024x526.png 1024w, https:\/\/spottedproject.org\/wp-content\/uploads\/2021\/12\/Itinerario-1-768x395.png 768w, https:\/\/spottedproject.org\/wp-content\/uploads\/2021\/12\/Itinerario-1-50x26.png 50w, https:\/\/spottedproject.org\/wp-content\/uploads\/2021\/12\/Itinerario-1-100x51.png 100w, https:\/\/spottedproject.org\/wp-content\/uploads\/2021\/12\/Itinerario-1.png 1167w\" sizes=\"auto, (max-width: 300px) 100vw, 300px\" \/>\t\t\t<\/a>\n\t\t\t\t\t\n\t\t\t\t\t<div class=\"caption\">\n\t\t\t\t<h3 class=\"entry-title\">M\u0117g\u0117ji\u0161kas netikr\u0173 naujien\u0173 detektyvas<\/h3>\n\t\t\t\t\t\t\t\t<div class=\"ld_course_grid_button\"><a class=\"btn btn-primary\" role=\"button\" href=\"https:\/\/spottedproject.org\/lt\/courses\/megejiskas-netikru-naujienu-detektyvas\/\" rel=\"bookmark\">I\u0161klausykite \u0161\u012f kurs\u0105<\/a><\/div>\n\t\t\t\t\t\t\t<\/div><!-- .entry-header -->\n\t\t\t<\/article><!-- #post-## -->\n<\/div><!-- .ld_course_grid -->\n<!-- LearnDash Course Grid v1 --><div class=\"ld_course_grid col-sm-6 col-md-3 \">\n\t<article id=\"post-3501\" class=\" thumbnail course post-3501 sfwd-courses type-sfwd-courses status-publish has-post-thumbnail hentry\">\n\t\t\t\t\t\t\t\t<div class=\"ribbon\">\n\t\t\t\tFree\t\t\t<\/div>\n\t\t\t\n\t\t\t\t\t\t<a href=\"https:\/\/spottedproject.org\/lt\/courses\/pradedantysis-netikru-naujienu-detektyvas\/\" rel=\"bookmark\">\n\t\t\t\t<img loading=\"lazy\" decoding=\"async\" width=\"300\" height=\"154\" src=\"https:\/\/spottedproject.org\/wp-content\/uploads\/2022\/01\/Itinerario-2-300x154.png\" class=\"attachment-medium size-medium wp-post-image\" alt=\"\" srcset=\"https:\/\/spottedproject.org\/wp-content\/uploads\/2022\/01\/Itinerario-2-300x154.png 300w, https:\/\/spottedproject.org\/wp-content\/uploads\/2022\/01\/Itinerario-2-1024x526.png 1024w, https:\/\/spottedproject.org\/wp-content\/uploads\/2022\/01\/Itinerario-2-768x395.png 768w, https:\/\/spottedproject.org\/wp-content\/uploads\/2022\/01\/Itinerario-2-50x26.png 50w, https:\/\/spottedproject.org\/wp-content\/uploads\/2022\/01\/Itinerario-2-100x51.png 100w, https:\/\/spottedproject.org\/wp-content\/uploads\/2022\/01\/Itinerario-2.png 1167w\" sizes=\"auto, (max-width: 300px) 100vw, 300px\" \/>\t\t\t<\/a>\n\t\t\t\t\t\n\t\t\t\t\t<div class=\"caption\">\n\t\t\t\t<h3 class=\"entry-title\">Pradedantysis netikr\u0173 naujien\u0173 detektyvas<\/h3>\n\t\t\t\t\t\t\t\t<div class=\"ld_course_grid_button\"><a class=\"btn btn-primary\" role=\"button\" href=\"https:\/\/spottedproject.org\/lt\/courses\/pradedantysis-netikru-naujienu-detektyvas\/\" rel=\"bookmark\">I\u0161klausykite \u0161\u012f kurs\u0105<\/a><\/div>\n\t\t\t\t\t\t\t<\/div><!-- .entry-header -->\n\t\t\t<\/article><!-- #post-## -->\n<\/div><!-- .ld_course_grid -->\n<!-- LearnDash Course Grid v1 --><div class=\"ld_course_grid col-sm-6 col-md-3 \">\n\t<article id=\"post-3506\" class=\" thumbnail course post-3506 sfwd-courses type-sfwd-courses status-publish has-post-thumbnail hentry\">\n\t\t\t\t\t\t\t\t<div class=\"ribbon\">\n\t\t\t\tFree\t\t\t<\/div>\n\t\t\t\n\t\t\t\t\t\t<a href=\"https:\/\/spottedproject.org\/lt\/courses\/pradedantysis-netikru-naujienu-detektyvas-2\/\" rel=\"bookmark\">\n\t\t\t\t<img loading=\"lazy\" decoding=\"async\" width=\"300\" height=\"154\" src=\"https:\/\/spottedproject.org\/wp-content\/uploads\/2022\/01\/Itinerario-3-300x154.png\" class=\"attachment-medium size-medium wp-post-image\" alt=\"\" srcset=\"https:\/\/spottedproject.org\/wp-content\/uploads\/2022\/01\/Itinerario-3-300x154.png 300w, https:\/\/spottedproject.org\/wp-content\/uploads\/2022\/01\/Itinerario-3-1024x526.png 1024w, https:\/\/spottedproject.org\/wp-content\/uploads\/2022\/01\/Itinerario-3-768x395.png 768w, https:\/\/spottedproject.org\/wp-content\/uploads\/2022\/01\/Itinerario-3-50x26.png 50w, https:\/\/spottedproject.org\/wp-content\/uploads\/2022\/01\/Itinerario-3-100x51.png 100w, https:\/\/spottedproject.org\/wp-content\/uploads\/2022\/01\/Itinerario-3.png 1167w\" sizes=\"auto, (max-width: 300px) 100vw, 300px\" \/>\t\t\t<\/a>\n\t\t\t\t\t\n\t\t\t\t\t<div class=\"caption\">\n\t\t\t\t<h3 class=\"entry-title\">Pradedantysis netikr\u0173 naujien\u0173 detektyvas<\/h3>\n\t\t\t\t\t\t\t\t<div class=\"ld_course_grid_button\"><a class=\"btn btn-primary\" role=\"button\" href=\"https:\/\/spottedproject.org\/lt\/courses\/pradedantysis-netikru-naujienu-detektyvas-2\/\" rel=\"bookmark\">I\u0161klausykite \u0161\u012f kurs\u0105<\/a><\/div>\n\t\t\t\t\t\t\t<\/div><!-- .entry-header -->\n\t\t\t<\/article><!-- #post-## -->\n<\/div><!-- .ld_course_grid -->\n<!-- LearnDash Course Grid v1 --><div class=\"ld_course_grid col-sm-6 col-md-3 \">\n\t<article id=\"post-3508\" class=\" thumbnail course post-3508 sfwd-courses type-sfwd-courses status-publish has-post-thumbnail hentry\">\n\t\t\t\t\t\t\t\t<div class=\"ribbon\">\n\t\t\t\tFree\t\t\t<\/div>\n\t\t\t\n\t\t\t\t\t\t<a href=\"https:\/\/spottedproject.org\/lt\/courses\/jaunesnysis-netikru-naujienu-detektyvas\/\" rel=\"bookmark\">\n\t\t\t\t<img loading=\"lazy\" decoding=\"async\" width=\"300\" height=\"154\" src=\"https:\/\/spottedproject.org\/wp-content\/uploads\/2022\/01\/Itinerario-4-300x154.png\" class=\"attachment-medium size-medium wp-post-image\" alt=\"\" srcset=\"https:\/\/spottedproject.org\/wp-content\/uploads\/2022\/01\/Itinerario-4-300x154.png 300w, https:\/\/spottedproject.org\/wp-content\/uploads\/2022\/01\/Itinerario-4-1024x526.png 1024w, https:\/\/spottedproject.org\/wp-content\/uploads\/2022\/01\/Itinerario-4-768x395.png 768w, https:\/\/spottedproject.org\/wp-content\/uploads\/2022\/01\/Itinerario-4-50x26.png 50w, https:\/\/spottedproject.org\/wp-content\/uploads\/2022\/01\/Itinerario-4-100x51.png 100w, https:\/\/spottedproject.org\/wp-content\/uploads\/2022\/01\/Itinerario-4.png 1167w\" sizes=\"auto, (max-width: 300px) 100vw, 300px\" \/>\t\t\t<\/a>\n\t\t\t\t\t\n\t\t\t\t\t<div class=\"caption\">\n\t\t\t\t<h3 class=\"entry-title\">Jaunesnysis netikr\u0173 naujien\u0173 detektyvas<\/h3>\n\t\t\t\t\t\t\t\t<div class=\"ld_course_grid_button\"><a class=\"btn btn-primary\" role=\"button\" href=\"https:\/\/spottedproject.org\/lt\/courses\/jaunesnysis-netikru-naujienu-detektyvas\/\" rel=\"bookmark\">I\u0161klausykite \u0161\u012f kurs\u0105<\/a><\/div>\n\t\t\t\t\t\t\t<\/div><!-- .entry-header -->\n\t\t\t<\/article><!-- #post-## -->\n<\/div><!-- .ld_course_grid -->\n<!-- LearnDash Course Grid v1 --><div class=\"ld_course_grid col-sm-6 col-md-3 \">\n\t<article id=\"post-3511\" class=\" thumbnail course post-3511 sfwd-courses type-sfwd-courses status-publish has-post-thumbnail hentry\">\n\t\t\t\t\t\t\t\t<div class=\"ribbon\">\n\t\t\t\tFree\t\t\t<\/div>\n\t\t\t\n\t\t\t\t\t\t<a href=\"https:\/\/spottedproject.org\/lt\/courses\/netikru-naujienu-detektyvas-progrese\/\" rel=\"bookmark\">\n\t\t\t\t<img loading=\"lazy\" decoding=\"async\" width=\"300\" height=\"154\" src=\"https:\/\/spottedproject.org\/wp-content\/uploads\/2022\/01\/Itinerario-5-300x154.png\" class=\"attachment-medium size-medium wp-post-image\" alt=\"\" srcset=\"https:\/\/spottedproject.org\/wp-content\/uploads\/2022\/01\/Itinerario-5-300x154.png 300w, https:\/\/spottedproject.org\/wp-content\/uploads\/2022\/01\/Itinerario-5-1024x526.png 1024w, https:\/\/spottedproject.org\/wp-content\/uploads\/2022\/01\/Itinerario-5-768x395.png 768w, https:\/\/spottedproject.org\/wp-content\/uploads\/2022\/01\/Itinerario-5-50x26.png 50w, https:\/\/spottedproject.org\/wp-content\/uploads\/2022\/01\/Itinerario-5-100x51.png 100w, https:\/\/spottedproject.org\/wp-content\/uploads\/2022\/01\/Itinerario-5.png 1167w\" sizes=\"auto, (max-width: 300px) 100vw, 300px\" \/>\t\t\t<\/a>\n\t\t\t\t\t\n\t\t\t\t\t<div class=\"caption\">\n\t\t\t\t<h3 class=\"entry-title\">Netikr\u0173 naujien\u0173 detektyvas progrese<\/h3>\n\t\t\t\t\t\t\t\t<div class=\"ld_course_grid_button\"><a class=\"btn btn-primary\" role=\"button\" href=\"https:\/\/spottedproject.org\/lt\/courses\/netikru-naujienu-detektyvas-progrese\/\" rel=\"bookmark\">I\u0161klausykite \u0161\u012f kurs\u0105<\/a><\/div>\n\t\t\t\t\t\t\t<\/div><!-- .entry-header -->\n\t\t\t<\/article><!-- #post-## -->\n<\/div><!-- .ld_course_grid -->\n<!-- LearnDash Course Grid v1 --><div class=\"ld_course_grid col-sm-6 col-md-3 \">\n\t<article id=\"post-3513\" class=\" thumbnail course post-3513 sfwd-courses type-sfwd-courses status-publish has-post-thumbnail hentry\">\n\t\t\t\t\t\t\t\t<div class=\"ribbon\">\n\t\t\t\tFree\t\t\t<\/div>\n\t\t\t\n\t\t\t\t\t\t<a href=\"https:\/\/spottedproject.org\/lt\/courses\/vidutinis-netikru-naujienu-detektyvas\/\" rel=\"bookmark\">\n\t\t\t\t<img loading=\"lazy\" decoding=\"async\" width=\"300\" height=\"154\" src=\"https:\/\/spottedproject.org\/wp-content\/uploads\/2022\/01\/Itinerario-6-300x154.png\" class=\"attachment-medium size-medium wp-post-image\" alt=\"\" srcset=\"https:\/\/spottedproject.org\/wp-content\/uploads\/2022\/01\/Itinerario-6-300x154.png 300w, https:\/\/spottedproject.org\/wp-content\/uploads\/2022\/01\/Itinerario-6-1024x526.png 1024w, https:\/\/spottedproject.org\/wp-content\/uploads\/2022\/01\/Itinerario-6-768x395.png 768w, https:\/\/spottedproject.org\/wp-content\/uploads\/2022\/01\/Itinerario-6-50x26.png 50w, https:\/\/spottedproject.org\/wp-content\/uploads\/2022\/01\/Itinerario-6-100x51.png 100w, https:\/\/spottedproject.org\/wp-content\/uploads\/2022\/01\/Itinerario-6.png 1167w\" sizes=\"auto, (max-width: 300px) 100vw, 300px\" \/>\t\t\t<\/a>\n\t\t\t\t\t\n\t\t\t\t\t<div class=\"caption\">\n\t\t\t\t<h3 class=\"entry-title\">Vidutinis netikr\u0173 naujien\u0173 detektyvas<\/h3>\n\t\t\t\t\t\t\t\t<div class=\"ld_course_grid_button\"><a class=\"btn btn-primary\" role=\"button\" href=\"https:\/\/spottedproject.org\/lt\/courses\/vidutinis-netikru-naujienu-detektyvas\/\" rel=\"bookmark\">I\u0161klausykite \u0161\u012f kurs\u0105<\/a><\/div>\n\t\t\t\t\t\t\t<\/div><!-- .entry-header -->\n\t\t\t<\/article><!-- #post-## -->\n<\/div><!-- .ld_course_grid -->\n<!-- LearnDash Course Grid v1 --><div class=\"ld_course_grid col-sm-6 col-md-3 \">\n\t<article id=\"post-3516\" class=\" thumbnail course post-3516 sfwd-courses type-sfwd-courses status-publish has-post-thumbnail hentry\">\n\t\t\t\t\t\t\t\t<div class=\"ribbon\">\n\t\t\t\tFree\t\t\t<\/div>\n\t\t\t\n\t\t\t\t\t\t<a href=\"https:\/\/spottedproject.org\/lt\/courses\/pazenges-netikru-naujienu-detektyvas\/\" rel=\"bookmark\">\n\t\t\t\t<img loading=\"lazy\" decoding=\"async\" width=\"300\" height=\"154\" src=\"https:\/\/spottedproject.org\/wp-content\/uploads\/2022\/01\/Itinerario-7-300x154.png\" class=\"attachment-medium size-medium wp-post-image\" alt=\"\" srcset=\"https:\/\/spottedproject.org\/wp-content\/uploads\/2022\/01\/Itinerario-7-300x154.png 300w, https:\/\/spottedproject.org\/wp-content\/uploads\/2022\/01\/Itinerario-7-1024x526.png 1024w, https:\/\/spottedproject.org\/wp-content\/uploads\/2022\/01\/Itinerario-7-768x395.png 768w, https:\/\/spottedproject.org\/wp-content\/uploads\/2022\/01\/Itinerario-7-50x26.png 50w, https:\/\/spottedproject.org\/wp-content\/uploads\/2022\/01\/Itinerario-7-100x51.png 100w, https:\/\/spottedproject.org\/wp-content\/uploads\/2022\/01\/Itinerario-7.png 1167w\" sizes=\"auto, (max-width: 300px) 100vw, 300px\" \/>\t\t\t<\/a>\n\t\t\t\t\t\n\t\t\t\t\t<div class=\"caption\">\n\t\t\t\t<h3 class=\"entry-title\">Pa\u017eeng\u0119s netikr\u0173 naujien\u0173 detektyvas<\/h3>\n\t\t\t\t\t\t\t\t<div class=\"ld_course_grid_button\"><a class=\"btn btn-primary\" role=\"button\" href=\"https:\/\/spottedproject.org\/lt\/courses\/pazenges-netikru-naujienu-detektyvas\/\" rel=\"bookmark\">I\u0161klausykite \u0161\u012f kurs\u0105<\/a><\/div>\n\t\t\t\t\t\t\t<\/div><!-- .entry-header -->\n\t\t\t<\/article><!-- #post-## -->\n<\/div><!-- .ld_course_grid -->\n<!-- LearnDash Course Grid v1 --><div class=\"ld_course_grid col-sm-6 col-md-3 \">\n\t<article id=\"post-3519\" class=\" thumbnail course post-3519 sfwd-courses type-sfwd-courses status-publish has-post-thumbnail hentry\">\n\t\t\t\t\t\t\t\t<div class=\"ribbon\">\n\t\t\t\tFree\t\t\t<\/div>\n\t\t\t\n\t\t\t\t\t\t<a href=\"https:\/\/spottedproject.org\/lt\/courses\/profesionalus-netikru-naujienu-detektyvas\/\" rel=\"bookmark\">\n\t\t\t\t<img loading=\"lazy\" decoding=\"async\" width=\"300\" height=\"154\" src=\"https:\/\/spottedproject.org\/wp-content\/uploads\/2022\/01\/Itinerario-8-300x154.png\" class=\"attachment-medium size-medium wp-post-image\" alt=\"\" srcset=\"https:\/\/spottedproject.org\/wp-content\/uploads\/2022\/01\/Itinerario-8-300x154.png 300w, https:\/\/spottedproject.org\/wp-content\/uploads\/2022\/01\/Itinerario-8-1024x526.png 1024w, https:\/\/spottedproject.org\/wp-content\/uploads\/2022\/01\/Itinerario-8-768x395.png 768w, https:\/\/spottedproject.org\/wp-content\/uploads\/2022\/01\/Itinerario-8-50x26.png 50w, https:\/\/spottedproject.org\/wp-content\/uploads\/2022\/01\/Itinerario-8-100x51.png 100w, https:\/\/spottedproject.org\/wp-content\/uploads\/2022\/01\/Itinerario-8.png 1167w\" sizes=\"auto, (max-width: 300px) 100vw, 300px\" \/>\t\t\t<\/a>\n\t\t\t\t\t\n\t\t\t\t\t<div class=\"caption\">\n\t\t\t\t<h3 class=\"entry-title\">Profesionalus netikr\u0173 naujien\u0173 detektyvas<\/h3>\n\t\t\t\t\t\t\t\t<div class=\"ld_course_grid_button\"><a class=\"btn btn-primary\" role=\"button\" href=\"https:\/\/spottedproject.org\/lt\/courses\/profesionalus-netikru-naujienu-detektyvas\/\" rel=\"bookmark\">I\u0161klausykite \u0161\u012f kurs\u0105<\/a><\/div>\n\t\t\t\t\t\t\t<\/div><!-- .entry-header -->\n\t\t\t<\/article><!-- #post-## -->\n<\/div><!-- .ld_course_grid -->\n\t<\/div>\n\t\t\t<\/div>\n\t\t<\/div><br \/>\n[\/vc_wp_text][vc_button border_width=&#8221;0&#8243; link=&#8221;url:https%3A%2F%2Fspottedproject.org%2Fcourses%2Fitinerary-1%2F|title:Itinerary%201||&#8221; el_class=&#8221;hidden&#8221;]Start Itinerary 1[\/vc_button][\/vc_column][\/vc_row]<\/p>\n","protected":false},"excerpt":{"rendered":"<p>[vc_row][vc_column][vc_column_text] Results &nbsp; [\/vc_column_text][vc_wp_text title=&#8221;Spotted Results&#8221;] Tikrinimas ir skaitymas Ketinimo aptikimas Dalijimosi elgsena [\/vc_wp_text][vc_column_text]Atsi\u017evelgdami \u012f j\u016bs\u0173 testo rezultatus, rekomenduojame dalyvauti [&hellip;]<\/p>\n","protected":false},"author":1,"featured_media":0,"parent":0,"menu_order":0,"comment_status":"closed","ping_status":"closed","template":"","meta":{"footnotes":""},"class_list":["post-2827","page","type-page","status-publish","hentry"],"_links":{"self":[{"href":"https:\/\/spottedproject.org\/lt\/wp-json\/wp\/v2\/pages\/2827","targetHints":{"allow":["GET"]}}],"collection":[{"href":"https:\/\/spottedproject.org\/lt\/wp-json\/wp\/v2\/pages"}],"about":[{"href":"https:\/\/spottedproject.org\/lt\/wp-json\/wp\/v2\/types\/page"}],"author":[{"embeddable":true,"href":"https:\/\/spottedproject.org\/lt\/wp-json\/wp\/v2\/users\/1"}],"replies":[{"embeddable":true,"href":"https:\/\/spottedproject.org\/lt\/wp-json\/wp\/v2\/comments?post=2827"}],"version-history":[{"count":8,"href":"https:\/\/spottedproject.org\/lt\/wp-json\/wp\/v2\/pages\/2827\/revisions"}],"predecessor-version":[{"id":4520,"href":"https:\/\/spottedproject.org\/lt\/wp-json\/wp\/v2\/pages\/2827\/revisions\/4520"}],"wp:attachment":[{"href":"https:\/\/spottedproject.org\/lt\/wp-json\/wp\/v2\/media?parent=2827"}],"curies":[{"name":"wp","href":"https:\/\/api.w.org\/{rel}","templated":true}]}}