{"id":2020,"date":"2021-11-08T11:52:46","date_gmt":"2021-11-08T11:52:46","guid":{"rendered":"https:\/\/spottedproject.org\/projektas\/"},"modified":"2021-11-08T11:52:47","modified_gmt":"2021-11-08T11:52:47","slug":"projektas","status":"publish","type":"page","link":"https:\/\/spottedproject.org\/lt\/projektas\/","title":{"rendered":"Projektas"},"content":{"rendered":"<p>[vc_row row_height_percent=&#8221;0&#8243; override_padding=&#8221;yes&#8221; h_padding=&#8221;2&#8243; top_padding=&#8221;2&#8243; bottom_padding=&#8221;1&#8243; overlay_alpha=&#8221;50&#8243; gutter_size=&#8221;3&#8243; column_width_percent=&#8221;100&#8243; shift_y=&#8221;0&#8243; z_index=&#8221;0&#8243;][vc_column column_width_percent=&#8221;100&#8243; align_horizontal=&#8221;align_center&#8221; gutter_size=&#8221;3&#8243; overlay_alpha=&#8221;50&#8243; shift_x=&#8221;0&#8243; shift_y=&#8221;0&#8243; shift_y_down=&#8221;0&#8243; z_index=&#8221;0&#8243; medium_width=&#8221;0&#8243; mobile_width=&#8221;0&#8243; width=&#8221;1\/1&#8243;][vc_custom_heading heading_semantic=&#8221;h1&#8243; text_font=&#8221;font-555555&#8243; text_size=&#8221;fontsize-47&#8243; text_transform=&#8221;uppercase&#8221; text_color=&#8221;color-639858&#8243;]<\/p>\n<p style=\"text-align: center;\"><strong><span class=\"font-555555 fontsize-47 text-color-639858-color\">PROJEKTAS<\/span><\/strong><\/p>\n<p>[\/vc_custom_heading][\/vc_column][\/vc_row][vc_row row_height_percent=&#8221;0&#8243; override_padding=&#8221;yes&#8221; h_padding=&#8221;2&#8243; top_padding=&#8221;0&#8243; bottom_padding=&#8221;2&#8243; overlay_alpha=&#8221;50&#8243; gutter_size=&#8221;3&#8243; column_width_percent=&#8221;100&#8243; shift_y=&#8221;0&#8243; z_index=&#8221;0&#8243; css=&#8221;.vc_custom_1613586465398{padding-top: 15px !important;}&#8221;][vc_column column_width_percent=&#8221;100&#8243; align_horizontal=&#8221;align_center&#8221; gutter_size=&#8221;3&#8243; back_image=&#8221;885&#8243; back_repeat=&#8221;no-repeat&#8221; back_position=&#8221;center center&#8221; overlay_alpha=&#8221;50&#8243; shift_x=&#8221;0&#8243; shift_y=&#8221;0&#8243; shift_y_down=&#8221;0&#8243; z_index=&#8221;0&#8243; medium_width=&#8221;0&#8243; mobile_width=&#8221;0&#8243; width=&#8221;1\/1&#8243; back_size=&#8221;contain&#8221; css=&#8221;.vc_custom_1613586707797{padding-top: 70px !important;padding-bottom: 70px !important;}&#8221;][vc_column_text]<span class=\"fontsize-28 fontheight-1\">Mokyklos politika kovojant su netikromis naujienomis<br \/>\nErasmus + KA2 bendrojo ugdymo strategin\u0117 partneryst\u0117<\/span>[\/vc_column_text][\/vc_column][\/vc_row][vc_row row_height_percent=&#8221;0&#8243; back_color=&#8221;color-xsdn&#8221; overlay_alpha=&#8221;50&#8243; gutter_size=&#8221;3&#8243; column_width_percent=&#8221;100&#8243; shift_y=&#8221;0&#8243; z_index=&#8221;0&#8243; el_class=&#8221;font-black&#8221;][vc_column column_width_percent=&#8221;100&#8243; gutter_size=&#8221;3&#8243; style=&#8221;light&#8221; overlay_alpha=&#8221;50&#8243; shift_x=&#8221;0&#8243; shift_y=&#8221;0&#8243; shift_y_down=&#8221;0&#8243; z_index=&#8221;0&#8243; medium_width=&#8221;0&#8243; mobile_width=&#8221;0&#8243; width=&#8221;1\/2&#8243;][vc_column_text]<span class=\"fontsize-32 fontheight-1\" style=\"font-weight: bold;\"><strong>Esm\u0117<\/strong><\/span>[\/vc_column_text][vc_column_text]<span class=\"font-black fontsize-18 fontheight-1\">Per pastaruosius ketverius metus i\u0161augo Europos Komisijos pastangos kovoti su dezinformacija ir netikr\u0173 naujien\u0173 plitimu internete, akcentuojant auk\u0161t\u0105 susir\u016bpinimo lyg\u012f Europos S\u0105jungoje.<\/span><\/p>\n<p><span class=\"font-black fontsize-18 fontheight-1\">2018 m. sausio m\u0117n. u\u017e skaitmenin\u0119 ekonomik\u0105 atsakingas ES komisaras sudar\u0117 ekspert\u0173 grup\u0119 i\u0161 skaitmenini\u0173 platform\u0173 vadov\u0173, \u017einiasklaidos agent\u016br\u0173, mokslini\u0173 tyrim\u0173 organizacij\u0173 ir pilietin\u0117s visuomen\u0117s atstov\u0173, siekiant sukurti sprendimus, kaip kovoti su netikr\u0173 naujien\u0173 sklaida. Galutinis rezultatas, kur\u012f pateik\u0117 grup\u0117s<br \/>\nekspertai, yra ataskaita, kurioje pabr\u0117\u017eiami \u0161ie poreikiai:<\/span><\/p>\n<ul>\n<li><span class=\"font-black fontsize-18 fontheight-1\">\u017diniasklaidos ir informacinis ra\u0161tingumas tur\u0117t\u0173 b\u016bti masi\u0161kai \u012fgyvendinamas mokykl\u0173 programose ir mokytoj\u0173 rengimo programose;<\/span><\/li>\n<li><span class=\"font-black fontsize-18 fontheight-1\">Didinti ilgalaik\u012f ES pilie\u010di\u0173 atsparum\u0105 netikroms \u017einioms;<\/span><\/li>\n<li><span class=\"font-black fontsize-18 fontheight-1\">Informacinio ir \u017einiasklaidos ra\u0161tingumo ai\u0161k\u016bs vertinimo ir palyginimo tarp \u0161ali\u0173 metodai.<\/span><\/li>\n<\/ul>\n<p>[\/vc_column_text][\/vc_column][vc_column column_width_percent=&#8221;100&#8243; position_vertical=&#8221;middle&#8221; align_horizontal=&#8221;align_center&#8221; gutter_size=&#8221;3&#8243; style=&#8221;light&#8221; overlay_alpha=&#8221;50&#8243; shift_x=&#8221;0&#8243; shift_y=&#8221;0&#8243; shift_y_down=&#8221;0&#8243; z_index=&#8221;0&#8243; medium_width=&#8221;0&#8243; mobile_width=&#8221;0&#8243; width=&#8221;1\/2&#8243;][vc_single_image media=&#8221;889&#8243; media_width_percent=&#8221;80&#8243; alignment=&#8221;center&#8221;][\/vc_column][\/vc_row][vc_row][vc_column column_width_percent=&#8221;100&#8243; align_horizontal=&#8221;align_center&#8221; gutter_size=&#8221;3&#8243; back_color=&#8221;color-518115&#8243; overlay_alpha=&#8221;50&#8243; shift_x=&#8221;0&#8243; shift_y=&#8221;0&#8243; shift_y_down=&#8221;0&#8243; z_index=&#8221;0&#8243; medium_width=&#8221;0&#8243; mobile_width=&#8221;0&#8243; width=&#8221;1\/1&#8243; css=&#8221;.vc_custom_1604946961195{padding-right: 80px !important;padding-left: 80px !important;}&#8221; el_class=&#8221;tablet-padding&#8221;][vc_column_text]<span class=\"fontsize-18\">Tuo pat metu buvo prad\u0117tos ES netikr\u0173 naujien\u0173 vie\u0161osios konsultacijos, skirtos steb\u0117ti, kaip visuomen\u0117 suvokia netikras naujienas. Du tre\u010ddaliai respondent\u0173 teigia, kad su netikromis naujienomis jie susiduria bent kart\u0105 per savait\u0119, ir dauguma respondent\u0173 tai vertina kaip problem\u0105, tik 15% respondent\u0173 besijau\u010diant \u201elabai pasitikin\u010diais savimi\u201c identifikuojant informacijos \u0161altinius ir \u0161i\u0173 patikimum\u0105.<\/span>[\/vc_column_text][\/vc_column][\/vc_row][vc_row row_height_percent=&#8221;0&#8243; overlay_alpha=&#8221;50&#8243; gutter_size=&#8221;3&#8243; column_width_percent=&#8221;100&#8243; shift_y=&#8221;0&#8243; z_index=&#8221;0&#8243; medium_visibility=&#8221;yes&#8221; mobile_visibility=&#8221;yes&#8221; css=&#8221;.vc_custom_1604947018350{padding-top: 15px !important;padding-bottom: 15px !important;}&#8221;][vc_column width=&#8221;1\/1&#8243;][vc_empty_space empty_h=&#8221;0&#8243;][\/vc_column][\/vc_row][vc_row row_height_percent=&#8221;0&#8243; back_color=&#8221;color-xsdn&#8221; overlay_alpha=&#8221;50&#8243; gutter_size=&#8221;3&#8243; column_width_percent=&#8221;100&#8243; shift_y=&#8221;0&#8243; z_index=&#8221;0&#8243; el_class=&#8221;font-black&#8221;][vc_column column_width_percent=&#8221;100&#8243; position_vertical=&#8221;middle&#8221; gutter_size=&#8221;3&#8243; style=&#8221;light&#8221; overlay_alpha=&#8221;50&#8243; shift_x=&#8221;0&#8243; shift_y=&#8221;0&#8243; shift_y_down=&#8221;0&#8243; z_index=&#8221;0&#8243; medium_width=&#8221;0&#8243; mobile_width=&#8221;0&#8243; width=&#8221;1\/2&#8243;][vc_empty_space empty_h=&#8221;0&#8243;][vc_single_image media=&#8221;892&#8243; media_width_percent=&#8221;80&#8243;][\/vc_column][vc_column column_width_percent=&#8221;100&#8243; gutter_size=&#8221;3&#8243; style=&#8221;light&#8221; overlay_alpha=&#8221;50&#8243; shift_x=&#8221;0&#8243; shift_y=&#8221;0&#8243; shift_y_down=&#8221;0&#8243; z_index=&#8221;0&#8243; medium_width=&#8221;0&#8243; mobile_width=&#8221;0&#8243; width=&#8221;1\/2&#8243;][vc_column_text]<span class=\"fontsize-32 fontheight-1\" style=\"font-weight: bold;\"><strong>Tikslai<\/strong><\/span>[\/vc_column_text][vc_column_text]<span class=\"font-black fontsize-18 fontheight-1\">Didinti jaunimo ir bendrojo lavinimo mokykl\u0173 mokytoj\u0173 informuotum\u0105 apie netikras naujienas ir informacij\u0105 internete.<\/span><\/p>\n<p><span class=\"font-black fontsize-18 fontheight-1\">Skatinti ir gerinti \u017einiasklaidos priemoni\u0173 naudojimo ra\u0161tingum\u0105 bendrojo lavinimo mokyklose, siekiant kovoti su dezinformacija ir pad\u0117ti jauniems \u017emon\u0117ms nar\u0161yti saugiame skaitmenin\u0117s informacijos kontekste.<\/span><\/p>\n<ul>\n<li><span class=\"font-black fontsize-18 fontheight-1\">Skatinti dezinformacijos poveikio Europoje tyrimus.<\/span><\/li>\n<li><span class=\"font-black fontsize-18 fontheight-1\">Gerinti jaun\u0173 europie\u010di\u0173 geb\u0117jimus nustatyti ir analizuoti internete esan\u010di\u0105 informacij\u0105.<\/span><\/li>\n<li><span class=\"font-black fontsize-18 fontheight-1\">Kova su neapykantos kurstymu ir radikali\u0173 nedemokratini\u0173 id\u0117j\u0173 plitimu internetin\u0117je socialin\u0117je \u017einiasklaidoje tarp jaun\u0173 europie\u010di\u0173.<\/span><\/li>\n<\/ul>\n<p>[\/vc_column_text][\/vc_column][\/vc_row][vc_row row_height_percent=&#8221;0&#8243; overlay_alpha=&#8221;50&#8243; gutter_size=&#8221;3&#8243; column_width_percent=&#8221;100&#8243; shift_y=&#8221;0&#8243; z_index=&#8221;0&#8243; medium_visibility=&#8221;yes&#8221; mobile_visibility=&#8221;yes&#8221;][vc_column width=&#8221;1\/1&#8243;][vc_empty_space empty_h=&#8221;2&#8243; mobile_visibility=&#8221;yes&#8221;][\/vc_column][\/vc_row][vc_row row_height_percent=&#8221;0&#8243; overlay_alpha=&#8221;50&#8243; gutter_size=&#8221;3&#8243; column_width_percent=&#8221;100&#8243; shift_y=&#8221;0&#8243; z_index=&#8221;0&#8243; css=&#8221;.vc_custom_1614026178004{padding-bottom: 60px !important;}&#8221;][vc_column width=&#8221;1\/1&#8243;][vc_column_text]<span class=\"fontsize-32 fontheight-1\" style=\"font-weight: bold;\"><strong>I\u0161eiga<\/strong><\/span>[\/vc_column_text][vc_row_inner][vc_column_inner width=&#8221;1\/3&#8243;][vc_column_text el_class=&#8221;light-blue-background .margin-top-0&#8243; css=&#8221;.vc_custom_1604919421641{padding-top: 60px !important;padding-right: 47px !important;padding-bottom: 60px !important;padding-left: 47px !important;}&#8221;]<span class=\"fontsize-28 fontheight-1\"><strong style=\"color: #2b89d7;\">IO1<\/strong><\/span><\/p>\n<p><span class=\"fontheight-1\">Internetin\u0117 dezinformacijos skaitmeninio vertinimo priemon\u0117 Europos bendrojo lavinimo mokykl\u0173 studentams; Specialiai pritaikyta Mokslini\u0173 tyrim\u0173 vykdomosios \u012fstaigos (REA), skirta patikrinti jaun\u0173 \u017emoni\u0173 geb\u0117jim\u0105 pasteb\u0117ti netikras naujienas, atsekti informacijos \u0161altin\u012f, suprasti informacijos sklaidos procesus ir galimas skaitytojo klaidinimo prie\u017eastis. Priemon\u0117 bus skaitmenin\u0117, nes ji bus pagr\u012fsta realiomis netikromis naujienomis ir skaitmenin\u0117mis charakteristikomis.<\/span>[\/vc_column_text][\/vc_column_inner][vc_column_inner width=&#8221;1\/3&#8243;][vc_column_text el_class=&#8221;light-blue-background .margin-top-0&#8243; css=&#8221;.vc_custom_1604919441781{padding-top: 60px !important;padding-right: 47px !important;padding-bottom: 60px !important;padding-left: 47px !important;}&#8221;]<span class=\"fontsize-28 fontheight-1\"><strong style=\"color: #2b89d7;\">IO2<\/strong><\/span><\/p>\n<p><span class=\"fontheight-1\">\u017diniasklaidos ir informacinio ra\u0161tingumo gair\u0117s mokykloms su pasi\u016blymu d\u0117l informacinio ra\u0161tingumo ugdymo programos mokytojams. Nemokamas \u0161vietimo i\u0161teklius, siekiant u\u017etikrinti skaitmenini\u0173 metodik\u0173 ir neformalios veiklos perkeliamum\u0105 Europos mokyklose.<\/span>[\/vc_column_text][\/vc_column_inner][vc_column_inner width=&#8221;1\/3&#8243;][vc_column_text el_class=&#8221;light-blue-background .margin-top-0&#8243; css=&#8221;.vc_custom_1604919456030{padding-top: 60px !important;padding-right: 47px !important;padding-bottom: 60px !important;padding-left: 47px !important;}&#8221;]<span class=\"fontsize-28 fontheight-1\"><strong style=\"color: #2b89d7;\">IO3<\/strong><\/span><\/p>\n<p><span class=\"fontheight-1\">El. mokymasis apie klaiding\u0105 informacij\u0105 internete mokytojams ir studentams.<\/span>[\/vc_column_text][\/vc_column_inner][\/vc_row_inner][\/vc_column][\/vc_row][vc_row][vc_column column_width_percent=&#8221;100&#8243; align_horizontal=&#8221;align_center&#8221; gutter_size=&#8221;3&#8243; back_color=&#8221;color-518115&#8243; overlay_alpha=&#8221;50&#8243; shift_x=&#8221;0&#8243; shift_y=&#8221;0&#8243; shift_y_down=&#8221;0&#8243; z_index=&#8221;0&#8243; medium_width=&#8221;0&#8243; mobile_width=&#8221;0&#8243; width=&#8221;1\/1&#8243; css=&#8221;.vc_custom_1614025354434{padding-right: 0px !important;}&#8221; el_class=&#8221;tablet-padding custom-height-1&#8243;][vc_row_inner][vc_column_inner column_width_percent=&#8221;100&#8243; gutter_size=&#8221;3&#8243; overlay_alpha=&#8221;50&#8243; shift_x=&#8221;0&#8243; shift_y=&#8221;0&#8243; shift_y_down=&#8221;0&#8243; z_index=&#8221;0&#8243; medium_width=&#8221;0&#8243; mobile_width=&#8221;0&#8243; width=&#8221;2\/3&#8243; css=&#8221;.vc_custom_1614026697531{padding-left: 70px !important;}&#8221; el_class=&#8221;tablet-padding-0&#8243;][vc_column_text]<span class=\"fontsize-18\">E. mokymasis pagerins ir atnaujins mokym\u0105 ir mokym\u0105si, teikiant naudingus internetinius mokymus tiek mokytojams, tiek studentams apie informacin\u012f ra\u0161tingum\u0105, kad b\u016bt\u0173 padidintas informuotumas apie dezinformacij\u0105 internete ir kovos su ja b\u016bdus.<\/span>[\/vc_column_text][\/vc_column_inner][vc_column_inner column_width_percent=&#8221;100&#8243; gutter_size=&#8221;3&#8243; override_padding=&#8221;yes&#8221; column_padding=&#8221;0&#8243; overlay_alpha=&#8221;50&#8243; shift_x=&#8221;0&#8243; shift_y=&#8221;0&#8243; shift_y_down=&#8221;0&#8243; z_index=&#8221;0&#8243; medium_width=&#8221;0&#8243; mobile_width=&#8221;0&#8243; width=&#8221;1\/3&#8243; el_class=&#8221;malabares-img&#8221; css=&#8221;.vc_custom_1614025831779{padding-left: 0px !important;}&#8221;][vc_single_image media=&#8221;895&#8243; media_width_percent=&#8221;100&#8243;][\/vc_column_inner][\/vc_row_inner][\/vc_column][\/vc_row][vc_row row_height_percent=&#8221;0&#8243; override_padding=&#8221;yes&#8221; h_padding=&#8221;2&#8243; top_padding=&#8221;3&#8243; bottom_padding=&#8221;3&#8243; overlay_alpha=&#8221;50&#8243; gutter_size=&#8221;3&#8243; column_width_percent=&#8221;100&#8243; shift_y=&#8221;0&#8243; z_index=&#8221;0&#8243;][vc_column column_width_percent=&#8221;100&#8243; align_horizontal=&#8221;align_center&#8221; gutter_size=&#8221;3&#8243; style=&#8221;light&#8221; overlay_alpha=&#8221;50&#8243; shift_x=&#8221;0&#8243; shift_y=&#8221;0&#8243; shift_y_down=&#8221;0&#8243; z_index=&#8221;0&#8243; medium_width=&#8221;0&#8243; mobile_width=&#8221;0&#8243; width=&#8221;1\/1&#8243;][vc_column_text css=&#8221;.vc_custom_1604945117327{margin-bottom: 15px !important;}&#8221;]<\/p>\n<p style=\"text-align: center;\"><strong><span class=\"fontsize-32\"><span style=\"color: #ffd40c;\">#<\/span>spotted<\/span><\/strong><\/p>\n<p>[\/vc_column_text][vc_icon display=&#8221;inline&#8221; icon_image=&#8221;453&#8243;][\/vc_icon][vc_icon display=&#8221;inline&#8221; icon_image=&#8221;451&#8243;][\/vc_icon][vc_icon display=&#8221;inline&#8221; icon_image=&#8221;449&#8243;][\/vc_icon][\/vc_column][\/vc_row]<\/p>\n","protected":false},"excerpt":{"rendered":"<p>[vc_row row_height_percent=&#8221;0&#8243; override_padding=&#8221;yes&#8221; h_padding=&#8221;2&#8243; top_padding=&#8221;2&#8243; bottom_padding=&#8221;1&#8243; overlay_alpha=&#8221;50&#8243; gutter_size=&#8221;3&#8243; column_width_percent=&#8221;100&#8243; shift_y=&#8221;0&#8243; z_index=&#8221;0&#8243;][vc_column column_width_percent=&#8221;100&#8243; align_horizontal=&#8221;align_center&#8221; gutter_size=&#8221;3&#8243; overlay_alpha=&#8221;50&#8243; shift_x=&#8221;0&#8243; shift_y=&#8221;0&#8243; shift_y_down=&#8221;0&#8243; z_index=&#8221;0&#8243; medium_width=&#8221;0&#8243; [&hellip;]<\/p>\n","protected":false},"author":1,"featured_media":0,"parent":0,"menu_order":0,"comment_status":"closed","ping_status":"closed","template":"","meta":{"footnotes":""},"class_list":["post-2020","page","type-page","status-publish","hentry"],"_links":{"self":[{"href":"https:\/\/spottedproject.org\/lt\/wp-json\/wp\/v2\/pages\/2020","targetHints":{"allow":["GET"]}}],"collection":[{"href":"https:\/\/spottedproject.org\/lt\/wp-json\/wp\/v2\/pages"}],"about":[{"href":"https:\/\/spottedproject.org\/lt\/wp-json\/wp\/v2\/types\/page"}],"author":[{"embeddable":true,"href":"https:\/\/spottedproject.org\/lt\/wp-json\/wp\/v2\/users\/1"}],"replies":[{"embeddable":true,"href":"https:\/\/spottedproject.org\/lt\/wp-json\/wp\/v2\/comments?post=2020"}],"version-history":[{"count":1,"href":"https:\/\/spottedproject.org\/lt\/wp-json\/wp\/v2\/pages\/2020\/revisions"}],"predecessor-version":[{"id":2027,"href":"https:\/\/spottedproject.org\/lt\/wp-json\/wp\/v2\/pages\/2020\/revisions\/2027"}],"wp:attachment":[{"href":"https:\/\/spottedproject.org\/lt\/wp-json\/wp\/v2\/media?parent=2020"}],"curies":[{"name":"wp","href":"https:\/\/api.w.org\/{rel}","templated":true}]}}