{"id":2014,"date":"2021-11-08T11:29:49","date_gmt":"2021-11-08T11:29:49","guid":{"rendered":"https:\/\/spottedproject.org\/pagrindinis\/"},"modified":"2023-03-28T14:53:33","modified_gmt":"2023-03-28T14:53:33","slug":"pagrindinis","status":"publish","type":"page","link":"https:\/\/spottedproject.org\/lt\/","title":{"rendered":"Pagrindinis"},"content":{"rendered":"<p>[vc_row row_height_percent=&#8221;0&#8243; back_color=&#8221;color-xsdn&#8221; overlay_alpha=&#8221;50&#8243; gutter_size=&#8221;3&#8243; column_width_percent=&#8221;100&#8243; shift_y=&#8221;0&#8243; z_index=&#8221;0&#8243;][vc_column width=&#8221;1\/1&#8243;][vc_empty_space empty_h=&#8221;1&#8243;][\/vc_column][\/vc_row][vc_row row_height_percent=&#8221;0&#8243; back_color=&#8221;color-xsdn&#8221; overlay_alpha=&#8221;50&#8243; gutter_size=&#8221;3&#8243; column_width_percent=&#8221;100&#8243; shift_y=&#8221;0&#8243; z_index=&#8221;0&#8243; el_class=&#8221;font-black&#8221; css=&#8221;.vc_custom_1613569908173{padding-bottom: 110px !important;}&#8221;][vc_column column_width_percent=&#8221;100&#8243; gutter_size=&#8221;3&#8243; style=&#8221;light&#8221; overlay_alpha=&#8221;50&#8243; shift_x=&#8221;0&#8243; shift_y=&#8221;0&#8243; shift_y_down=&#8221;0&#8243; z_index=&#8221;0&#8243; medium_width=&#8221;0&#8243; mobile_width=&#8221;0&#8243; width=&#8221;1\/2&#8243;][vc_column_text]<span class=\"fontsize-32 fontheight-1\" style=\"font-weight: bold;\"><strong>Patikrinkite savo \u017einias apie netikras naujienas!<\/strong><\/span>[\/vc_column_text][vc_column_text]<span class=\"font-black fontsize-18 fontheight-1\">Dalyvaukite m\u016bs\u0173 apklausoje ir su\u017einokite, kiek \u017einote apie dezinformacij\u0105 ir netikras naujienas. Atsakykite \u012f klausimus ir mes jums pasakysime, ar jau esate geriausioje formoje prie\u0161 \u201enetikras naujienas\u201c, ar jums dar reikia patobulinti savo \u012fg\u016bd\u017eius.<\/span>[\/vc_column_text][vc_column_text css=&#8221;.vc_custom_1604659038864{margin-top: 30px !important;}&#8221;]<strong><span class=\"fontsize-22 fontbold700\">Prad\u0117kite dabar!<\/span><\/strong>[\/vc_column_text][vc_button button_color=&#8221;color-121472&#8243; radius=&#8221;btn-round&#8221; border_width=&#8221;0&#8243; el_class=&#8221;btn-main&#8221; link=&#8221;url:%2Flt%2Fspotted-test%2F|||&#8221;]Prad\u0117ti apklaus\u0105[\/vc_button][\/vc_column][vc_column column_width_percent=&#8221;100&#8243; align_horizontal=&#8221;align_center&#8221; gutter_size=&#8221;3&#8243; style=&#8221;light&#8221; overlay_alpha=&#8221;50&#8243; shift_x=&#8221;0&#8243; shift_y=&#8221;0&#8243; shift_y_down=&#8221;0&#8243; z_index=&#8221;0&#8243; medium_width=&#8221;0&#8243; mobile_width=&#8221;0&#8243; width=&#8221;1\/2&#8243;][vc_single_image media=&#8221;829&#8243; media_width_percent=&#8221;100&#8243;][\/vc_column][\/vc_row][vc_row row_height_percent=&#8221;0&#8243; back_color=&#8221;color-xsdn&#8221; back_image=&#8221;832&#8243; back_repeat=&#8221;no-repeat&#8221; back_attachment=&#8221;scroll&#8221; back_position=&#8221;left center&#8221; overlay_alpha=&#8221;50&#8243; gutter_size=&#8221;3&#8243; column_width_percent=&#8221;100&#8243; shift_y=&#8221;0&#8243; z_index=&#8221;0&#8243; css=&#8221;.vc_custom_1613569895635{margin-top: -36px !important;padding-top: 30px !important;}&#8221; back_size=&#8221;contain&#8221;][vc_column column_width_percent=&#8221;100&#8243; align_horizontal=&#8221;align_center&#8221; gutter_size=&#8221;3&#8243; style=&#8221;light&#8221; overlay_alpha=&#8221;50&#8243; shift_x=&#8221;0&#8243; shift_y=&#8221;0&#8243; shift_y_down=&#8221;0&#8243; z_index=&#8221;0&#8243; medium_width=&#8221;0&#8243; mobile_width=&#8221;0&#8243; width=&#8221;1\/1&#8243;][vc_column_text]<span class=\"fontsize-32 fontheight-1\" style=\"font-weight: bold;\"><strong>Kas yra Spotted?<\/strong><\/span>[\/vc_column_text][vc_column_text]<span class=\"font-black fontsize-18 fontheight-1\"><strong>\u201eSpotted\u201c <\/strong>\u2013 tai yra projektas, vykdomas Loyolos Andal\u016bzijos universiteto, Ispanijos organizacijos \u201eIncoma\u201c, ital\u0173 fakt\u0173 tikrintojos \u201ePagella Politica\u201c; Europos \u0161vietimo ir mokymosi instituto, Graikija; Sv Ignaco Lojolos kolegijos, i\u0161 Lietuvos ir mokyklos Nr. 6 i\u0161 Lenkijos.<\/span><\/p>\n<p><span class=\"font-black fontsize-18 fontheight-1\"><strong>Jo tikslas \u2013 kovoti su dezinformacija ir netikromis naujienomis per mokymo program\u0105, skirt\u0105 bendrojo lavinimo mokykl\u0173 moksleiviams i\u0161 visos Europos.<\/strong><\/span><\/p>\n<p><span class=\"font-black fontsize-18 fontheight-1\">\u0160iame tinklalapyje pristatomas pagrindinis projekto ind\u0117lis visuomenei:<\/span>[\/vc_column_text][vc_row_inner limit_content=&#8221;&#8221;][vc_column_inner width=&#8221;1\/3&#8243;][vc_single_image media=&#8221;377&#8243; media_width_use_pixel=&#8221;yes&#8221; alignment=&#8221;center&#8221; media_width_pixel=&#8221;116&#8243; media_link=&#8221;url:https%3A%2F%2Fspottedproject.org%2Flt%2Fspotted-test-lt%2F|title:Spotted%20Test|target:%20_blank|&#8221;][vc_column_text css=&#8221;.vc_custom_1667327389640{margin-top: 20px !important;}&#8221;]<a href=\"https:\/\/spottedproject.org\/lt\/spotted-test-lt\/\"><strong><span class=\"fontsize-22 bold700 fontheight-1\">\u017dini\u0173 vertinimas.<\/span><\/strong><\/a>[\/vc_column_text][vc_column_text css=&#8221;.vc_custom_1604659176051{margin-top: 15px !important;}&#8221;]<span class=\"fontheight-1\">Atlikdamas mokslin\u0119 apklaus\u0105, kiekvienas vartotojas gali savaranki\u0161kai \u012fvertinti savo \u017einias, savybes, \u012fg\u016bd\u017eius ir tr\u016bkumus, kai susiduria su netikromis naujienomis.<\/span>[\/vc_column_text][\/vc_column_inner][vc_column_inner width=&#8221;1\/3&#8243;][vc_single_image media=&#8221;379&#8243; media_width_use_pixel=&#8221;yes&#8221; alignment=&#8221;center&#8221; media_width_pixel=&#8221;116&#8243; media_link=&#8221;url:https%3A%2F%2Fspottedproject.org%2Flt%2Fkursai%2F|title:Kursai|target:%20_blank|&#8221;][vc_column_text css=&#8221;.vc_custom_1667327349637{margin-top: 20px !important;}&#8221;]<a href=\"https:\/\/spottedproject.org\/lt\/kursai\/\"><strong><span class=\"fontsize-22 bold700 fontheight-1\">Mokymosi turinys.<\/span><\/strong><\/a>[\/vc_column_text][vc_column_text css=&#8221;.vc_custom_1604659163250{margin-top: 15px !important;}&#8221;]<span class=\"fontheight-1\">\u012evertinus situacij\u0105, sistema si\u016blo jums mokymosi kelion\u0119, kur \u017eurnalistikos, tikrinimo ir mokymo specialistai bendradarbiavo kurdami turin\u012f, padedant\u012f jauniems \u017emon\u0117ms stiprinti apsaug\u0105 nuo dezinformacijos. Tai sporto sal\u0117, skirta lavinti \u0161iuos \u012fg\u016bd\u017eius.<\/span>[\/vc_column_text][\/vc_column_inner][vc_column_inner width=&#8221;1\/3&#8243;][vc_single_image media=&#8221;379&#8243; media_width_use_pixel=&#8221;yes&#8221; alignment=&#8221;center&#8221; media_width_pixel=&#8221;116&#8243; media_link=&#8221;url:https%3A%2F%2Fspottedproject.org%2Fwp-content%2Fuploads%2F2023%2F03%2FSPOTTED-Guide-for-the-Media-and-information-literacy-of-school-children.pdf|title:Guidelines|target:%20_blank|&#8221;][vc_column_text css=&#8221;.vc_custom_1680015208782{margin-top: 20px !important;}&#8221;]<a href=\"https:\/\/spottedproject.org\/wp-content\/uploads\/2023\/03\/SPOTTED-Guide-for-the-Media-and-information-literacy-of-school-children.pdf\"><strong><span class=\"fontsize-22 bold700 fontheight-1\">Vadovas, kaip elgtis su dezinformacija.<\/span><\/strong><\/a>[\/vc_column_text][vc_column_text css=&#8221;.vc_custom_1631538491279{margin-top: 15px !important;}&#8221;]Atsisi\u0173skite gaires, kad su\u017einotum\u0117te, kas yra dezinformacija ir kaip su ja susidoroti. Vadovas su praktiniais atvejais, su kuriais reikia dirbti klas\u0117je, ir daug informacijos apie netikras naujienas.[\/vc_column_text][\/vc_column_inner][\/vc_row_inner][\/vc_column][\/vc_row][vc_row row_height_percent=&#8221;0&#8243; back_color=&#8221;color-xsdn&#8221; overlay_alpha=&#8221;50&#8243; gutter_size=&#8221;3&#8243; column_width_percent=&#8221;100&#8243; shift_y=&#8221;0&#8243; z_index=&#8221;0&#8243; mobile_visibility=&#8221;yes&#8221;][vc_column column_width_percent=&#8221;100&#8243; gutter_size=&#8221;3&#8243; overlay_alpha=&#8221;50&#8243; shift_x=&#8221;0&#8243; shift_y=&#8221;0&#8243; shift_y_down=&#8221;0&#8243; z_index=&#8221;0&#8243; medium_width=&#8221;0&#8243; mobile_width=&#8221;0&#8243; width=&#8221;1\/1&#8243; css=&#8221;.vc_custom_1604410704660{padding-top: 90px !important;padding-bottom: 90px !important;}&#8221;][vc_empty_space empty_h=&#8221;2&#8243;][\/vc_column][\/vc_row][vc_row row_height_percent=&#8221;0&#8243; back_color=&#8221;color-xsdn&#8221; overlay_alpha=&#8221;50&#8243; gutter_size=&#8221;3&#8243; column_width_percent=&#8221;100&#8243; shift_y=&#8221;0&#8243; z_index=&#8221;0&#8243;][vc_column column_width_percent=&#8221;100&#8243; gutter_size=&#8221;3&#8243; overlay_alpha=&#8221;50&#8243; shift_x=&#8221;0&#8243; shift_y=&#8221;0&#8243; shift_y_down=&#8221;0&#8243; z_index=&#8221;0&#8243; medium_width=&#8221;0&#8243; mobile_width=&#8221;0&#8243; width=&#8221;1\/1&#8243;][vc_empty_space empty_h=&#8221;1&#8243; desktop_visibility=&#8221;yes&#8221; medium_visibility=&#8221;yes&#8221;][\/vc_column][\/vc_row][vc_row row_height_percent=&#8221;0&#8243; back_image=&#8221;854&#8243; back_repeat=&#8221;no-repeat&#8221; overlay_alpha=&#8221;50&#8243; gutter_size=&#8221;3&#8243; column_width_percent=&#8221;100&#8243; shift_y=&#8221;0&#8243; z_index=&#8221;0&#8243; back_size=&#8221;cover&#8221; css=&#8221;.vc_custom_1613580516311{padding-top: 50px !important;}&#8221;][vc_column width=&#8221;1\/1&#8243;][vc_row_inner row_inner_height_percent=&#8221;0&#8243; overlay_alpha=&#8221;50&#8243; gutter_size=&#8221;3&#8243; shift_y=&#8221;0&#8243; z_index=&#8221;0&#8243; el_class=&#8221;profesor-row&#8221; limit_content=&#8221;&#8221;][vc_column_inner width=&#8221;1\/1&#8243;][vc_single_image media=&#8221;840&#8243; media_width_percent=&#8221;50&#8243; alignment=&#8221;center&#8221; el_class=&#8221;profesor-img-margin&#8221;][vc_column_text text_lead=&#8221;yes&#8221; css=&#8221;.vc_custom_1613579800861{margin-top: -1px !important;padding-top: 65px !important;padding-right: 115px !important;padding-bottom: 65px !important;padding-left: 115px !important;}&#8221; el_class=&#8221;background-white tablet-padding profesor-text-margin&#8221;]<\/p>\n<p style=\"text-align: center;\">Nors <strong>Spotted <\/strong> vertinimo ir mokymo priemon\u0117s yra atviros pla\u010diajai visuomenei, jos pirmiausia skirtos bendrojo lavinimo mokykl\u0173 mokytojams, turintiems \u0161ias priemones, kad gal\u0117t\u0173 laisvai dirbti su savo mokiniais.<\/p>\n<p style=\"text-align: center;\">Be to, apklausos metu surinkta informacija ir tai, kaip naudojamasi \u0161iomis priemon\u0117mis bus pritaikoma moksliniams tyrimams ir analizei, siekiant pad\u0117ti geriau suprasti dezinformacijos problem\u0105 ir pasi\u016blyti Europos S\u0105jungai bei visuomenei nauj\u0173 priemoni\u0173 ir \u017eini\u0173, kaip sustabdyti \u0161i\u0105 rimt\u0105 problem\u0105, kuri vadinasi \u201enetikros naujienos\u201c.<\/p>\n<p>[\/vc_column_text][\/vc_column_inner][\/vc_row_inner][vc_row_inner row_inner_height_percent=&#8221;0&#8243; overlay_alpha=&#8221;50&#8243; gutter_size=&#8221;3&#8243; shift_y=&#8221;0&#8243; z_index=&#8221;0&#8243; mobile_visibility=&#8221;yes&#8221; css=&#8221;.vc_custom_1604602342034{padding-top: 75px !important;padding-bottom: 75px !important;}&#8221; limit_content=&#8221;&#8221;][vc_column_inner width=&#8221;1\/1&#8243;][vc_empty_space empty_h=&#8221;2&#8243;][\/vc_column_inner][\/vc_row_inner][vc_row_inner row_inner_height_percent=&#8221;0&#8243; overlay_alpha=&#8221;50&#8243; gutter_size=&#8221;3&#8243; shift_y=&#8221;0&#8243; z_index=&#8221;0&#8243; desktop_visibility=&#8221;yes&#8221; medium_visibility=&#8221;yes&#8221; css=&#8221;.vc_custom_1604602352190{padding-top: 36px !important;padding-bottom: 36px !important;}&#8221; limit_content=&#8221;&#8221;][vc_column_inner width=&#8221;1\/1&#8243;][vc_empty_space empty_h=&#8221;2&#8243;][\/vc_column_inner][\/vc_row_inner][\/vc_column][\/vc_row][vc_row row_height_percent=&#8221;0&#8243; override_padding=&#8221;yes&#8221; h_padding=&#8221;2&#8243; top_padding=&#8221;2&#8243; bottom_padding=&#8221;0&#8243; overlay_alpha=&#8221;50&#8243; gutter_size=&#8221;3&#8243; column_width_percent=&#8221;100&#8243; shift_y=&#8221;0&#8243; z_index=&#8221;0&#8243; inverted_device_order=&#8221;yes&#8221;][vc_column column_width_percent=&#8221;100&#8243; align_horizontal=&#8221;align_center&#8221; gutter_size=&#8221;3&#8243; style=&#8221;dark&#8221; overlay_alpha=&#8221;50&#8243; shift_x=&#8221;0&#8243; shift_y=&#8221;0&#8243; shift_y_down=&#8221;0&#8243; z_index=&#8221;0&#8243; medium_width=&#8221;0&#8243; mobile_width=&#8221;0&#8243; width=&#8221;1\/1&#8243;][vc_column_text css=&#8221;.vc_custom_1604494895343{margin-bottom: 20px !important;}&#8221;]<\/p>\n<p style=\"text-align: center;\"><strong><span class=\"fontsize-32\"><span style=\"color: #ffd40c;\">#<\/span>spotted<\/span><\/strong><\/p>\n<p>[\/vc_column_text][vc_icon display=&#8221;inline&#8221; icon_image=&#8221;453&#8243; link=&#8221;url:https%3A%2F%2Fwww.facebook.com%2FThespottedproject%2F||target:%20_blank|&#8221;][\/vc_icon][vc_icon display=&#8221;inline&#8221; icon_image=&#8221;451&#8243; link=&#8221;url:https%3A%2F%2Ftwitter.com%2Fprojectspotted||target:%20_blank|&#8221;][\/vc_icon][vc_icon display=&#8221;inline&#8221; icon_image=&#8221;449&#8243;][\/vc_icon][\/vc_column][\/vc_row]<\/p>\n","protected":false},"excerpt":{"rendered":"<p>[vc_row row_height_percent=&#8221;0&#8243; back_color=&#8221;color-xsdn&#8221; overlay_alpha=&#8221;50&#8243; gutter_size=&#8221;3&#8243; column_width_percent=&#8221;100&#8243; shift_y=&#8221;0&#8243; z_index=&#8221;0&#8243;][vc_column width=&#8221;1\/1&#8243;][vc_empty_space empty_h=&#8221;1&#8243;][\/vc_column][\/vc_row][vc_row row_height_percent=&#8221;0&#8243; back_color=&#8221;color-xsdn&#8221; overlay_alpha=&#8221;50&#8243; gutter_size=&#8221;3&#8243; column_width_percent=&#8221;100&#8243; shift_y=&#8221;0&#8243; z_index=&#8221;0&#8243; el_class=&#8221;font-black&#8221; css=&#8221;.vc_custom_1613569908173{padding-bottom: 110px [&hellip;]<\/p>\n","protected":false},"author":1,"featured_media":0,"parent":0,"menu_order":0,"comment_status":"closed","ping_status":"closed","template":"","meta":{"footnotes":""},"class_list":["post-2014","page","type-page","status-publish","hentry"],"_links":{"self":[{"href":"https:\/\/spottedproject.org\/lt\/wp-json\/wp\/v2\/pages\/2014","targetHints":{"allow":["GET"]}}],"collection":[{"href":"https:\/\/spottedproject.org\/lt\/wp-json\/wp\/v2\/pages"}],"about":[{"href":"https:\/\/spottedproject.org\/lt\/wp-json\/wp\/v2\/types\/page"}],"author":[{"embeddable":true,"href":"https:\/\/spottedproject.org\/lt\/wp-json\/wp\/v2\/users\/1"}],"replies":[{"embeddable":true,"href":"https:\/\/spottedproject.org\/lt\/wp-json\/wp\/v2\/comments?post=2014"}],"version-history":[{"count":13,"href":"https:\/\/spottedproject.org\/lt\/wp-json\/wp\/v2\/pages\/2014\/revisions"}],"predecessor-version":[{"id":4789,"href":"https:\/\/spottedproject.org\/lt\/wp-json\/wp\/v2\/pages\/2014\/revisions\/4789"}],"wp:attachment":[{"href":"https:\/\/spottedproject.org\/lt\/wp-json\/wp\/v2\/media?parent=2014"}],"curies":[{"name":"wp","href":"https:\/\/api.w.org\/{rel}","templated":true}]}}