{"id":739,"date":"2020-11-09T12:28:16","date_gmt":"2020-11-09T12:28:16","guid":{"rendered":"https:\/\/spottedproject.org\/xaxa\/"},"modified":"2021-10-26T12:54:36","modified_gmt":"2021-10-26T12:54:36","slug":"the-project","status":"publish","type":"page","link":"https:\/\/spottedproject.org\/es\/the-project\/","title":{"rendered":"Proyecto"},"content":{"rendered":"<p>[vc_row row_height_percent=&#8221;0&#8243; override_padding=&#8221;yes&#8221; h_padding=&#8221;2&#8243; top_padding=&#8221;2&#8243; bottom_padding=&#8221;1&#8243; overlay_alpha=&#8221;50&#8243; gutter_size=&#8221;3&#8243; column_width_percent=&#8221;100&#8243; shift_y=&#8221;0&#8243; z_index=&#8221;0&#8243;][vc_column column_width_percent=&#8221;100&#8243; align_horizontal=&#8221;align_center&#8221; gutter_size=&#8221;3&#8243; overlay_alpha=&#8221;50&#8243; shift_x=&#8221;0&#8243; shift_y=&#8221;0&#8243; shift_y_down=&#8221;0&#8243; z_index=&#8221;0&#8243; medium_width=&#8221;0&#8243; mobile_width=&#8221;0&#8243; width=&#8221;1\/1&#8243;][vc_custom_heading heading_semantic=&#8221;h1&#8243; text_font=&#8221;font-555555&#8243; text_size=&#8221;fontsize-47&#8243; text_transform=&#8221;uppercase&#8221; text_color=&#8221;color-639858&#8243;]<\/p>\n<p style=\"text-align: center;\"><strong><span class=\"font-555555 fontsize-47 text-color-639858-color\">PROYECTO<\/span><\/strong><\/p>\n<p>[\/vc_custom_heading][\/vc_column][\/vc_row][vc_row row_height_percent=&#8221;0&#8243; override_padding=&#8221;yes&#8221; h_padding=&#8221;2&#8243; top_padding=&#8221;0&#8243; bottom_padding=&#8221;2&#8243; overlay_alpha=&#8221;50&#8243; gutter_size=&#8221;3&#8243; column_width_percent=&#8221;100&#8243; shift_y=&#8221;0&#8243; z_index=&#8221;0&#8243; css=&#8221;.vc_custom_1613586465398{padding-top: 15px !important;}&#8221;][vc_column column_width_percent=&#8221;100&#8243; align_horizontal=&#8221;align_center&#8221; gutter_size=&#8221;3&#8243; back_image=&#8221;885&#8243; back_repeat=&#8221;no-repeat&#8221; back_position=&#8221;center center&#8221; overlay_alpha=&#8221;50&#8243; shift_x=&#8221;0&#8243; shift_y=&#8221;0&#8243; shift_y_down=&#8221;0&#8243; z_index=&#8221;0&#8243; medium_width=&#8221;0&#8243; mobile_width=&#8221;0&#8243; width=&#8221;1\/1&#8243; back_size=&#8221;contain&#8221; css=&#8221;.vc_custom_1613586707797{padding-top: 70px !important;padding-bottom: 70px !important;}&#8221;][vc_column_text]<span class=\"fontsize-28 fontheight-1\">Pol\u00edticas escolares para abordar y detectar noticias falsas<br \/>\nErasmus +KA2 Strategic Partnership en el campo de<br \/>\nla educaci\u00f3n escolar<\/span>[\/vc_column_text][\/vc_column][\/vc_row][vc_row row_height_percent=&#8221;0&#8243; back_color=&#8221;color-xsdn&#8221; overlay_alpha=&#8221;50&#8243; gutter_size=&#8221;3&#8243; column_width_percent=&#8221;100&#8243; shift_y=&#8221;0&#8243; z_index=&#8221;0&#8243; el_class=&#8221;font-black&#8221;][vc_column column_width_percent=&#8221;100&#8243; gutter_size=&#8221;3&#8243; style=&#8221;light&#8221; overlay_alpha=&#8221;50&#8243; shift_x=&#8221;0&#8243; shift_y=&#8221;0&#8243; shift_y_down=&#8221;0&#8243; z_index=&#8221;0&#8243; medium_width=&#8221;0&#8243; mobile_width=&#8221;0&#8243; width=&#8221;1\/2&#8243;][vc_column_text]<span class=\"fontsize-32 fontheight-1\" style=\"font-weight: bold;\"><strong>Antecedentes<\/strong><\/span>[\/vc_column_text][vc_column_text]<span class=\"font-black fontsize-18 fontheight-1\">El esfuerzo de la Comisi\u00f3n Europea para combatir la desinformaci\u00f3n y la difusi\u00f3n de noticias falsas en l\u00ednea ha aumentado en los \u00faltimos cuatro a\u00f1os, situando este problema entre las preocupaciones prioritarias de la Uni\u00f3n Europea.<\/span><\/p>\n<p><span class=\"font-black fontsize-18 fontheight-1\">En enero de 2018, el Comisionado de Econom\u00eda Digital de la UE estableci\u00f3 un grupo de expertos compuesto por jefes de plataformas digitales, agencias de medios de comunicaci\u00f3n, organizaciones de investigaci\u00f3n y de la sociedad civil con el fin de dise\u00f1ar soluciones para abordar la difusi\u00f3n de noticias falsas. El resultado final entregado por el grupo<br \/>\nde expertos es un informe que destaca las siguientes necesidades:<\/span><\/p>\n<ul>\n<li><span class=\"font-black fontsize-18 fontheight-1\">La alfabetizaci\u00f3n medi\u00e1tica e informacional debe implementarse a escala masiva en los planes de estudios escolares y en los planes de estudios de formaci\u00f3n de profesores;<\/span><\/li>\n<li><span class=\"font-black fontsize-18 fontheight-1\">Incrementar la resiliencia a largo plazo de los ciudadanos de la UE<\/span><\/li>\n<li><span class=\"font-black fontsize-18 fontheight-1\">Informaci\u00f3n y alfabetizaci\u00f3n medi\u00e1tica m\u00e9todos claros de evaluaci\u00f3n y comparaci\u00f3n entre pa\u00edses;<\/span><\/li>\n<\/ul>\n<p>&nbsp;[\/vc_column_text][\/vc_column][vc_column column_width_percent=&#8221;100&#8243; position_vertical=&#8221;middle&#8221; align_horizontal=&#8221;align_center&#8221; gutter_size=&#8221;3&#8243; style=&#8221;light&#8221; overlay_alpha=&#8221;50&#8243; shift_x=&#8221;0&#8243; shift_y=&#8221;0&#8243; shift_y_down=&#8221;0&#8243; z_index=&#8221;0&#8243; medium_width=&#8221;0&#8243; mobile_width=&#8221;0&#8243; width=&#8221;1\/2&#8243;][vc_single_image media=&#8221;889&#8243; media_width_percent=&#8221;80&#8243; alignment=&#8221;center&#8221;][\/vc_column][\/vc_row][vc_row][vc_column column_width_percent=&#8221;100&#8243; align_horizontal=&#8221;align_center&#8221; gutter_size=&#8221;3&#8243; back_color=&#8221;color-518115&#8243; overlay_alpha=&#8221;50&#8243; shift_x=&#8221;0&#8243; shift_y=&#8221;0&#8243; shift_y_down=&#8221;0&#8243; z_index=&#8221;0&#8243; medium_width=&#8221;0&#8243; mobile_width=&#8221;0&#8243; width=&#8221;1\/1&#8243; css=&#8221;.vc_custom_1604946961195{padding-right: 80px !important;padding-left: 80px !important;}&#8221; el_class=&#8221;tablet-padding&#8221;][vc_column_text]<span class=\"fontsize-18\">Junto con este informe de los expertos, se lanz\u00f3 una Consulta P\u00fablica de la UE sobre noticias falsas para monitorizar la percepci\u00f3n p\u00fablica sobre este problema. Dos tercios de los encuestados dicen que encuentran noticias falsas al menos una vez a la semana, y la mayor\u00eda de los encuestados lo ve como un problema, ya que solo el 15% se siente &#8220;muy seguro&#8221; al identificar las fuentes y la confiabilidad de la informaci\u00f3n.<\/span>[\/vc_column_text][\/vc_column][\/vc_row][vc_row row_height_percent=&#8221;0&#8243; overlay_alpha=&#8221;50&#8243; gutter_size=&#8221;3&#8243; column_width_percent=&#8221;100&#8243; shift_y=&#8221;0&#8243; z_index=&#8221;0&#8243; medium_visibility=&#8221;yes&#8221; mobile_visibility=&#8221;yes&#8221; css=&#8221;.vc_custom_1604947018350{padding-top: 15px !important;padding-bottom: 15px !important;}&#8221;][vc_column width=&#8221;1\/1&#8243;][vc_empty_space empty_h=&#8221;0&#8243;][\/vc_column][\/vc_row][vc_row row_height_percent=&#8221;0&#8243; back_color=&#8221;color-xsdn&#8221; overlay_alpha=&#8221;50&#8243; gutter_size=&#8221;3&#8243; column_width_percent=&#8221;100&#8243; shift_y=&#8221;0&#8243; z_index=&#8221;0&#8243; el_class=&#8221;font-black&#8221;][vc_column column_width_percent=&#8221;100&#8243; position_vertical=&#8221;middle&#8221; gutter_size=&#8221;3&#8243; style=&#8221;light&#8221; overlay_alpha=&#8221;50&#8243; shift_x=&#8221;0&#8243; shift_y=&#8221;0&#8243; shift_y_down=&#8221;0&#8243; z_index=&#8221;0&#8243; medium_width=&#8221;0&#8243; mobile_width=&#8221;0&#8243; width=&#8221;1\/2&#8243;][vc_empty_space empty_h=&#8221;0&#8243;][vc_single_image media=&#8221;892&#8243; media_width_percent=&#8221;80&#8243;][\/vc_column][vc_column column_width_percent=&#8221;100&#8243; gutter_size=&#8221;3&#8243; style=&#8221;light&#8221; overlay_alpha=&#8221;50&#8243; shift_x=&#8221;0&#8243; shift_y=&#8221;0&#8243; shift_y_down=&#8221;0&#8243; z_index=&#8221;0&#8243; medium_width=&#8221;0&#8243; mobile_width=&#8221;0&#8243; width=&#8221;1\/2&#8243;][vc_column_text]<span class=\"fontsize-32 fontheight-1\" style=\"font-weight: bold;\"><strong>Objetivos<\/strong><\/span>[\/vc_column_text][vc_column_text]<span class=\"font-black fontsize-18 fontheight-1\">Crear conciencia entre los j\u00f3venes y los profesores de secundaria sobre las noticias y la informaci\u00f3n falsas en Internet.<\/span><\/p>\n<p><span class=\"font-black fontsize-18 fontheight-1\">Trabajar por lograr una informaci\u00f3n y alfabetizaci\u00f3n medi\u00e1tica en las escuelas secundarias para contrarrestar la desinformaci\u00f3n y ayudar a los j\u00f3venes a navegar en un contexto de informaci\u00f3n digital seguro.<\/span><\/p>\n<ul>\n<li><span class=\"font-black fontsize-18 fontheight-1\">Promover la investigaci\u00f3n sobre los efectos de la desinformaci\u00f3n en Europa.<\/span><\/li>\n<li><span class=\"font-black fontsize-18 fontheight-1\">Mejorar las capacidades de los j\u00f3venes europeos para identificar y analizar la informaci\u00f3n disponible en Internet.<\/span><\/li>\n<li><span class=\"font-black fontsize-18 fontheight-1\">Luchar contra la propagaci\u00f3n del discurso del odio y las ideas radicales y antidemocr\u00e1ticas en las redes sociales en l\u00ednea entre los j\u00f3venes europeos.<\/span><\/li>\n<\/ul>\n<p>&nbsp;[\/vc_column_text][\/vc_column][\/vc_row][vc_row row_height_percent=&#8221;0&#8243; overlay_alpha=&#8221;50&#8243; gutter_size=&#8221;3&#8243; column_width_percent=&#8221;100&#8243; shift_y=&#8221;0&#8243; z_index=&#8221;0&#8243; medium_visibility=&#8221;yes&#8221; mobile_visibility=&#8221;yes&#8221;][vc_column width=&#8221;1\/1&#8243;][vc_empty_space empty_h=&#8221;2&#8243; mobile_visibility=&#8221;yes&#8221;][\/vc_column][\/vc_row][vc_row row_height_percent=&#8221;0&#8243; overlay_alpha=&#8221;50&#8243; gutter_size=&#8221;3&#8243; column_width_percent=&#8221;100&#8243; shift_y=&#8221;0&#8243; z_index=&#8221;0&#8243; css=&#8221;.vc_custom_1614026178004{padding-bottom: 60px !important;}&#8221;][vc_column width=&#8221;1\/1&#8243;][vc_column_text]<span class=\"fontsize-32 fontheight-1\" style=\"font-weight: bold;\"><strong>Outputs (Productos previstos)<\/strong><\/span>[\/vc_column_text][vc_row_inner][vc_column_inner width=&#8221;1\/3&#8243;][vc_column_text el_class=&#8221;light-blue-background .margin-top-0&#8243; css=&#8221;.vc_custom_1604919421641{padding-top: 60px !important;padding-right: 47px !important;padding-bottom: 60px !important;padding-left: 47px !important;}&#8221;]<span class=\"fontsize-28 fontheight-1\"><strong style=\"color: #2b89d7;\">IO1 &#8211; Producto intelectual 1<\/strong><\/span><\/p>\n<p>Se crear\u00e1 y publicar\u00e1 una herramienta de evaluaci\u00f3n digital de desinformaci\u00f3n en l\u00ednea para estudiantes de secundaria europeos. Un REA hecho a medida para evaluar a los j\u00f3venes sobre su capacidad para detectar noticias falsas, rastrear la fuente de informaci\u00f3n, comprender los procesos de difusi\u00f3n de informaci\u00f3n y las posibles razones para enga\u00f1ar al lector. La salida ser\u00e1 digital, ya que se basar\u00e1 en noticias falsas reales y caracter\u00edsticas digitales.[\/vc_column_text][\/vc_column_inner][vc_column_inner width=&#8221;1\/3&#8243;][vc_column_text el_class=&#8221;light-blue-background .margin-top-0&#8243; css=&#8221;.vc_custom_1604919441781{padding-top: 60px !important;padding-right: 47px !important;padding-bottom: 60px !important;padding-left: 47px !important;}&#8221;]<span class=\"fontsize-28 fontheight-1\"><strong style=\"color: #2b89d7;\">IO2 &#8211; Producto intelectual 2<\/strong><\/span><\/p>\n<p>Directrices de alfabetizaci\u00f3n medi\u00e1tica e informacional para escuelas con propuesta de curr\u00edculo de alfabetizaci\u00f3n informacional para profesores. Un REA para garantizar la transferibilidad de metodolog\u00edas digitales y actividades no formales dentro de las escuelas europeas.[\/vc_column_text][\/vc_column_inner][vc_column_inner width=&#8221;1\/3&#8243;][vc_column_text el_class=&#8221;light-blue-background .margin-top-0&#8243; css=&#8221;.vc_custom_1604919456030{padding-top: 60px !important;padding-right: 47px !important;padding-bottom: 60px !important;padding-left: 47px !important;}&#8221;]<span class=\"fontsize-28 fontheight-1\"><strong style=\"color: #2b89d7;\">IO3 &#8211; Producto intelectual 3<\/strong><\/span><\/p>\n<p>Elaboraci\u00f3n y producci\u00f3n de materiales de e-Learning sobre desinformaci\u00f3n en l\u00ednea para profesores y estudiantes.[\/vc_column_text][\/vc_column_inner][\/vc_row_inner][\/vc_column][\/vc_row][vc_row][vc_column column_width_percent=&#8221;100&#8243; align_horizontal=&#8221;align_center&#8221; gutter_size=&#8221;3&#8243; back_color=&#8221;color-518115&#8243; overlay_alpha=&#8221;50&#8243; shift_x=&#8221;0&#8243; shift_y=&#8221;0&#8243; shift_y_down=&#8221;0&#8243; z_index=&#8221;0&#8243; medium_width=&#8221;0&#8243; mobile_width=&#8221;0&#8243; width=&#8221;1\/1&#8243; css=&#8221;.vc_custom_1614025354434{padding-right: 0px !important;}&#8221; el_class=&#8221;tablet-padding custom-height-1&#8243;][vc_row_inner][vc_column_inner column_width_percent=&#8221;100&#8243; gutter_size=&#8221;3&#8243; overlay_alpha=&#8221;50&#8243; shift_x=&#8221;0&#8243; shift_y=&#8221;0&#8243; shift_y_down=&#8221;0&#8243; z_index=&#8221;0&#8243; medium_width=&#8221;0&#8243; mobile_width=&#8221;0&#8243; width=&#8221;2\/3&#8243; css=&#8221;.vc_custom_1614026697531{padding-left: 70px !important;}&#8221; el_class=&#8221;tablet-padding-0&#8243;][vc_column_text]<span class=\"fontsize-18\">El e-learning mejorar\u00e1 y actualizar\u00e1 la ense\u00f1anza y el aprendizaje, proporcionando una formaci\u00f3n en l\u00ednea \u00fatil tanto para profesores como para estudiantes sobre alfabetizaci\u00f3n en informaci\u00f3n con el fin de crear conciencia sobre la desinformaci\u00f3n en l\u00ednea y c\u00f3mo afrontarla.<\/span>[\/vc_column_text][\/vc_column_inner][vc_column_inner column_width_percent=&#8221;100&#8243; gutter_size=&#8221;3&#8243; override_padding=&#8221;yes&#8221; column_padding=&#8221;0&#8243; overlay_alpha=&#8221;50&#8243; shift_x=&#8221;0&#8243; shift_y=&#8221;0&#8243; shift_y_down=&#8221;0&#8243; z_index=&#8221;0&#8243; medium_width=&#8221;0&#8243; mobile_width=&#8221;0&#8243; width=&#8221;1\/3&#8243; el_class=&#8221;malabares-img&#8221; css=&#8221;.vc_custom_1614025831779{padding-left: 0px !important;}&#8221;][vc_single_image media=&#8221;895&#8243; media_width_percent=&#8221;100&#8243;][\/vc_column_inner][\/vc_row_inner][\/vc_column][\/vc_row][vc_row row_height_percent=&#8221;0&#8243; override_padding=&#8221;yes&#8221; h_padding=&#8221;2&#8243; top_padding=&#8221;3&#8243; bottom_padding=&#8221;3&#8243; overlay_alpha=&#8221;50&#8243; gutter_size=&#8221;3&#8243; column_width_percent=&#8221;100&#8243; shift_y=&#8221;0&#8243; z_index=&#8221;0&#8243;][vc_column column_width_percent=&#8221;100&#8243; align_horizontal=&#8221;align_center&#8221; gutter_size=&#8221;3&#8243; style=&#8221;light&#8221; overlay_alpha=&#8221;50&#8243; shift_x=&#8221;0&#8243; shift_y=&#8221;0&#8243; shift_y_down=&#8221;0&#8243; z_index=&#8221;0&#8243; medium_width=&#8221;0&#8243; mobile_width=&#8221;0&#8243; width=&#8221;1\/1&#8243;][vc_column_text css=&#8221;.vc_custom_1604945117327{margin-bottom: 15px !important;}&#8221;]<\/p>\n<p style=\"text-align: center;\"><strong><span class=\"fontsize-32\"><span style=\"color: #ffd40c;\">#<\/span>spotted<\/span><\/strong><\/p>\n<p>[\/vc_column_text][vc_icon display=&#8221;inline&#8221; icon_image=&#8221;453&#8243;][\/vc_icon][vc_icon display=&#8221;inline&#8221; icon_image=&#8221;451&#8243;][\/vc_icon][vc_icon display=&#8221;inline&#8221; icon_image=&#8221;449&#8243;][\/vc_icon][\/vc_column][\/vc_row]<\/p>\n","protected":false},"excerpt":{"rendered":"<p>[vc_row row_height_percent=&#8221;0&#8243; override_padding=&#8221;yes&#8221; h_padding=&#8221;2&#8243; top_padding=&#8221;2&#8243; bottom_padding=&#8221;1&#8243; overlay_alpha=&#8221;50&#8243; gutter_size=&#8221;3&#8243; column_width_percent=&#8221;100&#8243; shift_y=&#8221;0&#8243; z_index=&#8221;0&#8243;][vc_column column_width_percent=&#8221;100&#8243; align_horizontal=&#8221;align_center&#8221; gutter_size=&#8221;3&#8243; overlay_alpha=&#8221;50&#8243; shift_x=&#8221;0&#8243; shift_y=&#8221;0&#8243; shift_y_down=&#8221;0&#8243; z_index=&#8221;0&#8243; medium_width=&#8221;0&#8243; [&hellip;]<\/p>\n","protected":false},"author":1,"featured_media":0,"parent":0,"menu_order":0,"comment_status":"closed","ping_status":"closed","template":"","meta":{"footnotes":""},"class_list":["post-739","page","type-page","status-publish","hentry"],"_links":{"self":[{"href":"https:\/\/spottedproject.org\/es\/wp-json\/wp\/v2\/pages\/739","targetHints":{"allow":["GET"]}}],"collection":[{"href":"https:\/\/spottedproject.org\/es\/wp-json\/wp\/v2\/pages"}],"about":[{"href":"https:\/\/spottedproject.org\/es\/wp-json\/wp\/v2\/types\/page"}],"author":[{"embeddable":true,"href":"https:\/\/spottedproject.org\/es\/wp-json\/wp\/v2\/users\/1"}],"replies":[{"embeddable":true,"href":"https:\/\/spottedproject.org\/es\/wp-json\/wp\/v2\/comments?post=739"}],"version-history":[{"count":42,"href":"https:\/\/spottedproject.org\/es\/wp-json\/wp\/v2\/pages\/739\/revisions"}],"predecessor-version":[{"id":1889,"href":"https:\/\/spottedproject.org\/es\/wp-json\/wp\/v2\/pages\/739\/revisions\/1889"}],"wp:attachment":[{"href":"https:\/\/spottedproject.org\/es\/wp-json\/wp\/v2\/media?parent=739"}],"curies":[{"name":"wp","href":"https:\/\/api.w.org\/{rel}","templated":true}]}}