{"id":495,"date":"2020-09-20T10:44:35","date_gmt":"2020-09-20T10:44:35","guid":{"rendered":"https:\/\/spottedproject.org\/inicio\/"},"modified":"2023-03-28T14:55:51","modified_gmt":"2023-03-28T14:55:51","slug":"home","status":"publish","type":"page","link":"https:\/\/spottedproject.org\/es\/","title":{"rendered":"Inicio"},"content":{"rendered":"<p>[vc_row row_height_percent=&#8221;0&#8243; back_color=&#8221;color-xsdn&#8221; overlay_alpha=&#8221;50&#8243; gutter_size=&#8221;3&#8243; column_width_percent=&#8221;100&#8243; shift_y=&#8221;0&#8243; z_index=&#8221;0&#8243;][vc_column width=&#8221;1\/1&#8243;][vc_empty_space empty_h=&#8221;1&#8243;][\/vc_column][\/vc_row][vc_row row_height_percent=&#8221;0&#8243; back_color=&#8221;color-xsdn&#8221; overlay_alpha=&#8221;50&#8243; gutter_size=&#8221;3&#8243; column_width_percent=&#8221;100&#8243; shift_y=&#8221;0&#8243; z_index=&#8221;0&#8243; el_class=&#8221;font-black&#8221; css=&#8221;.vc_custom_1613569908173{padding-bottom: 110px !important;}&#8221;][vc_column column_width_percent=&#8221;100&#8243; gutter_size=&#8221;3&#8243; style=&#8221;light&#8221; overlay_alpha=&#8221;50&#8243; shift_x=&#8221;0&#8243; shift_y=&#8221;0&#8243; shift_y_down=&#8221;0&#8243; z_index=&#8221;0&#8243; medium_width=&#8221;0&#8243; mobile_width=&#8221;0&#8243; width=&#8221;1\/2&#8243;][vc_column_text]<span class=\"fontsize-32 fontheight-1\" style=\"font-weight: bold;\"><strong>\u00a1Pon a prueba tus conocimientos sobre Fake News!<\/strong><\/span>[\/vc_column_text][vc_column_text]<span class=\"font-black fontsize-18 fontheight-1\">Completa nuestra encuesta y descubre cu\u00e1nto sabes sobre desinformaci\u00f3n y noticias falsas. Contesta a las preguntas y te diremos si ya est\u00e1s en plena forma contra las \u2018fake news\u2019 o si tienes que mejorar alguna de tus habilidades. <\/span>[\/vc_column_text][vc_column_text css=&#8221;.vc_custom_1604659038864{margin-top: 30px !important;}&#8221;]<strong><span class=\"fontsize-22 fontbold700\">\u00a1Empieza ya!<\/span><\/strong>[\/vc_column_text][vc_button button_color=&#8221;color-121472&#8243; radius=&#8221;btn-round&#8221; border_width=&#8221;0&#8243; el_class=&#8221;btn-main&#8221; link=&#8221;url:%2Fes%2Fspotted-test%2F|||&#8221;]Comenzar encuesta[\/vc_button][\/vc_column][vc_column column_width_percent=&#8221;100&#8243; align_horizontal=&#8221;align_center&#8221; gutter_size=&#8221;3&#8243; style=&#8221;light&#8221; overlay_alpha=&#8221;50&#8243; shift_x=&#8221;0&#8243; shift_y=&#8221;0&#8243; shift_y_down=&#8221;0&#8243; z_index=&#8221;0&#8243; medium_width=&#8221;0&#8243; mobile_width=&#8221;0&#8243; width=&#8221;1\/2&#8243;][vc_single_image media=&#8221;829&#8243; media_width_percent=&#8221;100&#8243;][\/vc_column][\/vc_row][vc_row row_height_percent=&#8221;0&#8243; back_color=&#8221;color-xsdn&#8221; back_image=&#8221;832&#8243; back_repeat=&#8221;no-repeat&#8221; back_attachment=&#8221;scroll&#8221; back_position=&#8221;left center&#8221; overlay_alpha=&#8221;50&#8243; gutter_size=&#8221;3&#8243; column_width_percent=&#8221;100&#8243; shift_y=&#8221;0&#8243; z_index=&#8221;0&#8243; css=&#8221;.vc_custom_1613569895635{margin-top: -36px !important;padding-top: 30px !important;}&#8221; back_size=&#8221;contain&#8221;][vc_column column_width_percent=&#8221;100&#8243; align_horizontal=&#8221;align_center&#8221; gutter_size=&#8221;3&#8243; style=&#8221;light&#8221; overlay_alpha=&#8221;50&#8243; shift_x=&#8221;0&#8243; shift_y=&#8221;0&#8243; shift_y_down=&#8221;0&#8243; z_index=&#8221;0&#8243; medium_width=&#8221;0&#8243; mobile_width=&#8221;0&#8243; width=&#8221;1\/1&#8243;][vc_column_text]<span class=\"fontsize-32 fontheight-1\" style=\"font-weight: bold;\"><strong>\u00bfQu\u00e9 es Spotted?<\/strong><\/span>[\/vc_column_text][vc_column_text]<span class=\"font-black fontsize-18 fontheight-1\"><strong>Spotted <\/strong>es un proyecto puesto en marcha por la Universidad Loyola Andaluc\u00eda, la empresa espa\u00f1ola Incoma, el factchecker italiano Pagella Politica; el European Education and Learning Institute, de Grecia; el Sv Ignaco Lojolos Kolegija, de Lituania y la Zespol Szkol nr 6, de Polonia.<\/span><\/p>\n<p><span class=\"font-black fontsize-18 fontheight-1\"><strong>Su objetivo es luchar contra la desinformaci\u00f3n y las noticias falsas a trav\u00e9s de un programa formativo dirigido a estudiantes de educaci\u00f3n secundaria de toda Europa.<\/strong><\/span><\/p>\n<p><span class=\"font-black fontsize-18 fontheight-1\">Esta web recoge las principales aportaciones del proyecto a la sociedad:<\/span>[\/vc_column_text][vc_row_inner limit_content=&#8221;&#8221;][vc_column_inner width=&#8221;1\/3&#8243;][vc_single_image media=&#8221;377&#8243; media_width_use_pixel=&#8221;yes&#8221; alignment=&#8221;center&#8221; media_width_pixel=&#8221;116&#8243; media_link=&#8221;url:https%3A%2F%2Fspottedproject.org%2Fes%2Fspotted-test%2F|title:Test%20Spotted|target:%20_blank|&#8221;][vc_column_text css=&#8221;.vc_custom_1667326232206{margin-top: 20px !important;}&#8221;]<a href=\"https:\/\/spottedproject.org\/es\/spotted-test\/\"><strong><span class=\"fontsize-22 bold700 fontheight-1\">Una evaluaci\u00f3n de los conocimientos.<\/span><\/strong><\/a>[\/vc_column_text][vc_column_text css=&#8221;.vc_custom_1604659176051{margin-top: 15px !important;}&#8221;]<span class=\"fontheight-1\">A trav\u00e9s de una encuesta cient\u00edfica, cada usuario puede autoevaluar sus conocimientos, cualidades, habilidades y debilidades ante las noticias falsas.<\/span>[\/vc_column_text][\/vc_column_inner][vc_column_inner column_width_percent=&#8221;100&#8243; gutter_size=&#8221;3&#8243; overlay_alpha=&#8221;50&#8243; shift_x=&#8221;0&#8243; shift_y=&#8221;0&#8243; shift_y_down=&#8221;0&#8243; z_index=&#8221;0&#8243; medium_width=&#8221;0&#8243; mobile_width=&#8221;0&#8243; width=&#8221;1\/3&#8243; link_to=&#8221;|||&#8221;][vc_single_image media=&#8221;379&#8243; media_width_use_pixel=&#8221;yes&#8221; alignment=&#8221;center&#8221; media_width_pixel=&#8221;116&#8243; media_link=&#8221;url:https%3A%2F%2Fspottedproject.org%2Fes%2Fcursos%2F|title:Cursos|target:%20_blank|&#8221;][vc_column_text css=&#8221;.vc_custom_1667325615257{margin-top: 20px !important;}&#8221;]<a href=\"https:\/\/spottedproject.org\/es\/cursos\/\"><strong><span class=\"fontsize-22 bold700 fontheight-1\">Contenidos formativos.<\/span><\/strong><\/a>[\/vc_column_text][vc_column_text css=&#8221;.vc_custom_1604659163250{margin-top: 15px !important;}&#8221;]<span class=\"fontheight-1\">Una vez evaluada la situaci\u00f3n, el sistema le propone un recorrido formativo en el que especialistas en periodismo, verificaci\u00f3n y formaci\u00f3n han colaborado para crear contenidos que ayuden a los j\u00f3venes a fortalecer sus defensas contra la desinformaci\u00f3n. Es un gimnasio para poner en forma esas habilidades. <\/span>[\/vc_column_text][\/vc_column_inner][vc_column_inner width=&#8221;1\/3&#8243;][vc_single_image media=&#8221;379&#8243; media_width_use_pixel=&#8221;yes&#8221; alignment=&#8221;center&#8221; media_width_pixel=&#8221;116&#8243; media_link=&#8221;url:https%3A%2F%2Fspottedproject.org%2Fwp-content%2Fuploads%2F2023%2F03%2FSPOTTED-Guia-para-la-Alfabetizacion-mediatica-e-informativa-de-escolares.pdf|title:Alfabetizaci%C3%B3n%20medi%C3%A1tica%20e%20informativa%20de%20escolares%20-%20SPOTTED|target:%20_blank|&#8221;][vc_column_text css=&#8221;.vc_custom_1680015347025{margin-top: 20px !important;}&#8221;]<a href=\"https:\/\/spottedproject.org\/wp-content\/uploads\/2023\/03\/SPOTTED-Guia-para-la-Alfabetizacion-mediatica-e-informativa-de-escolares.pdf\"><strong><span class=\"fontsize-22 bold700 fontheight-1\">Una gu\u00eda para lidiar con la desinformaci\u00f3n.<\/span><\/strong><\/a>[\/vc_column_text][vc_column_text css=&#8221;.vc_custom_1631538491279{margin-top: 15px !important;}&#8221;]Descarga las pautas para saber qu\u00e9 es la desinformaci\u00f3n y c\u00f3mo afrontarla. Una gu\u00eda con casos pr\u00e1cticos para formarse con el aula y mucha informaci\u00f3n sobre fake news.[\/vc_column_text][\/vc_column_inner][\/vc_row_inner][\/vc_column][\/vc_row][vc_row row_height_percent=&#8221;0&#8243; back_color=&#8221;color-xsdn&#8221; overlay_alpha=&#8221;50&#8243; gutter_size=&#8221;3&#8243; column_width_percent=&#8221;100&#8243; shift_y=&#8221;0&#8243; z_index=&#8221;0&#8243; mobile_visibility=&#8221;yes&#8221;][vc_column column_width_percent=&#8221;100&#8243; gutter_size=&#8221;3&#8243; overlay_alpha=&#8221;50&#8243; shift_x=&#8221;0&#8243; shift_y=&#8221;0&#8243; shift_y_down=&#8221;0&#8243; z_index=&#8221;0&#8243; medium_width=&#8221;0&#8243; mobile_width=&#8221;0&#8243; width=&#8221;1\/1&#8243; css=&#8221;.vc_custom_1604410704660{padding-top: 90px !important;padding-bottom: 90px !important;}&#8221;][vc_empty_space empty_h=&#8221;2&#8243;][\/vc_column][\/vc_row][vc_row row_height_percent=&#8221;0&#8243; back_color=&#8221;color-xsdn&#8221; overlay_alpha=&#8221;50&#8243; gutter_size=&#8221;3&#8243; column_width_percent=&#8221;100&#8243; shift_y=&#8221;0&#8243; z_index=&#8221;0&#8243;][vc_column column_width_percent=&#8221;100&#8243; gutter_size=&#8221;3&#8243; overlay_alpha=&#8221;50&#8243; shift_x=&#8221;0&#8243; shift_y=&#8221;0&#8243; shift_y_down=&#8221;0&#8243; z_index=&#8221;0&#8243; medium_width=&#8221;0&#8243; mobile_width=&#8221;0&#8243; width=&#8221;1\/1&#8243;][vc_empty_space empty_h=&#8221;1&#8243; desktop_visibility=&#8221;yes&#8221; medium_visibility=&#8221;yes&#8221;][\/vc_column][\/vc_row][vc_row row_height_percent=&#8221;0&#8243; back_image=&#8221;854&#8243; back_repeat=&#8221;no-repeat&#8221; overlay_alpha=&#8221;50&#8243; gutter_size=&#8221;3&#8243; column_width_percent=&#8221;100&#8243; shift_y=&#8221;0&#8243; z_index=&#8221;0&#8243; back_size=&#8221;cover&#8221; css=&#8221;.vc_custom_1613580516311{padding-top: 50px !important;}&#8221;][vc_column width=&#8221;1\/1&#8243;][vc_row_inner row_inner_height_percent=&#8221;0&#8243; overlay_alpha=&#8221;50&#8243; gutter_size=&#8221;3&#8243; shift_y=&#8221;0&#8243; z_index=&#8221;0&#8243; el_class=&#8221;profesor-row&#8221; limit_content=&#8221;&#8221;][vc_column_inner width=&#8221;1\/1&#8243;][vc_single_image media=&#8221;840&#8243; media_width_percent=&#8221;50&#8243; alignment=&#8221;center&#8221; el_class=&#8221;profesor-img-margin&#8221;][vc_column_text text_lead=&#8221;yes&#8221; css=&#8221;.vc_custom_1613579800861{margin-top: -1px !important;padding-top: 65px !important;padding-right: 115px !important;padding-bottom: 65px !important;padding-left: 115px !important;}&#8221; el_class=&#8221;background-white tablet-padding profesor-text-margin&#8221;]<\/p>\n<p style=\"text-align: center;\">Aunque las herramientas de evaluaci\u00f3n y formaci\u00f3n de <strong>Spotted<\/strong> est\u00e1n abiertas al p\u00fablico en general, se dise\u00f1an pensando sobre todo en que los profesores de educaci\u00f3n secundaria dispongan de estas herramientas para trabajar libremente con sus alumnos.<\/p>\n<p style=\"text-align: center;\">Adem\u00e1s, la informaci\u00f3n recogida por la encuesta y el uso que los usuarios hagan de estas herramientas ser\u00e1 utilizada para llevar a cabo estudios y an\u00e1lisis cient\u00edficos que contribuyan a conocer mejor el problema de la desinformaci\u00f3n y aporten a la Uni\u00f3n Europea y a la sociedad nuevas herramientas y conocimientos para poner freno a este grave problema que son las \u2018fake news\u2019.<\/p>\n<p>[\/vc_column_text][\/vc_column_inner][\/vc_row_inner][vc_row_inner row_inner_height_percent=&#8221;0&#8243; overlay_alpha=&#8221;50&#8243; gutter_size=&#8221;3&#8243; shift_y=&#8221;0&#8243; z_index=&#8221;0&#8243; mobile_visibility=&#8221;yes&#8221; css=&#8221;.vc_custom_1604602342034{padding-top: 75px !important;padding-bottom: 75px !important;}&#8221; limit_content=&#8221;&#8221;][vc_column_inner width=&#8221;1\/1&#8243;][vc_empty_space empty_h=&#8221;2&#8243;][\/vc_column_inner][\/vc_row_inner][vc_row_inner row_inner_height_percent=&#8221;0&#8243; overlay_alpha=&#8221;50&#8243; gutter_size=&#8221;3&#8243; shift_y=&#8221;0&#8243; z_index=&#8221;0&#8243; desktop_visibility=&#8221;yes&#8221; medium_visibility=&#8221;yes&#8221; css=&#8221;.vc_custom_1604602352190{padding-top: 36px !important;padding-bottom: 36px !important;}&#8221; limit_content=&#8221;&#8221;][vc_column_inner width=&#8221;1\/1&#8243;][vc_empty_space empty_h=&#8221;2&#8243;][\/vc_column_inner][\/vc_row_inner][\/vc_column][\/vc_row][vc_row row_height_percent=&#8221;0&#8243; override_padding=&#8221;yes&#8221; h_padding=&#8221;2&#8243; top_padding=&#8221;2&#8243; bottom_padding=&#8221;0&#8243; overlay_alpha=&#8221;50&#8243; gutter_size=&#8221;3&#8243; column_width_percent=&#8221;100&#8243; shift_y=&#8221;0&#8243; z_index=&#8221;0&#8243; inverted_device_order=&#8221;yes&#8221;][vc_column column_width_percent=&#8221;100&#8243; align_horizontal=&#8221;align_center&#8221; gutter_size=&#8221;3&#8243; style=&#8221;dark&#8221; overlay_alpha=&#8221;50&#8243; shift_x=&#8221;0&#8243; shift_y=&#8221;0&#8243; shift_y_down=&#8221;0&#8243; z_index=&#8221;0&#8243; medium_width=&#8221;0&#8243; mobile_width=&#8221;0&#8243; width=&#8221;1\/1&#8243;][vc_column_text css=&#8221;.vc_custom_1604494895343{margin-bottom: 20px !important;}&#8221;]<\/p>\n<p style=\"text-align: center;\"><strong><span class=\"fontsize-32\"><span style=\"color: #ffd40c;\">#<\/span>spotted<\/span><\/strong><\/p>\n<p>[\/vc_column_text][vc_icon display=&#8221;inline&#8221; icon_image=&#8221;453&#8243; link=&#8221;url:https%3A%2F%2Fwww.facebook.com%2FThespottedproject%2F||target:%20_blank|&#8221;][\/vc_icon][vc_icon display=&#8221;inline&#8221; icon_image=&#8221;451&#8243; link=&#8221;url:https%3A%2F%2Ftwitter.com%2Fprojectspotted||target:%20_blank|&#8221;][\/vc_icon][vc_icon display=&#8221;inline&#8221; icon_image=&#8221;449&#8243;][\/vc_icon][\/vc_column][\/vc_row]<\/p>\n","protected":false},"excerpt":{"rendered":"<p>[vc_row row_height_percent=&#8221;0&#8243; back_color=&#8221;color-xsdn&#8221; overlay_alpha=&#8221;50&#8243; gutter_size=&#8221;3&#8243; column_width_percent=&#8221;100&#8243; shift_y=&#8221;0&#8243; z_index=&#8221;0&#8243;][vc_column width=&#8221;1\/1&#8243;][vc_empty_space empty_h=&#8221;1&#8243;][\/vc_column][\/vc_row][vc_row row_height_percent=&#8221;0&#8243; back_color=&#8221;color-xsdn&#8221; overlay_alpha=&#8221;50&#8243; gutter_size=&#8221;3&#8243; column_width_percent=&#8221;100&#8243; shift_y=&#8221;0&#8243; z_index=&#8221;0&#8243; el_class=&#8221;font-black&#8221; css=&#8221;.vc_custom_1613569908173{padding-bottom: 110px [&hellip;]<\/p>\n","protected":false},"author":1,"featured_media":0,"parent":0,"menu_order":0,"comment_status":"closed","ping_status":"closed","template":"","meta":{"footnotes":""},"class_list":["post-495","page","type-page","status-publish","hentry"],"_links":{"self":[{"href":"https:\/\/spottedproject.org\/es\/wp-json\/wp\/v2\/pages\/495","targetHints":{"allow":["GET"]}}],"collection":[{"href":"https:\/\/spottedproject.org\/es\/wp-json\/wp\/v2\/pages"}],"about":[{"href":"https:\/\/spottedproject.org\/es\/wp-json\/wp\/v2\/types\/page"}],"author":[{"embeddable":true,"href":"https:\/\/spottedproject.org\/es\/wp-json\/wp\/v2\/users\/1"}],"replies":[{"embeddable":true,"href":"https:\/\/spottedproject.org\/es\/wp-json\/wp\/v2\/comments?post=495"}],"version-history":[{"count":125,"href":"https:\/\/spottedproject.org\/es\/wp-json\/wp\/v2\/pages\/495\/revisions"}],"predecessor-version":[{"id":4791,"href":"https:\/\/spottedproject.org\/es\/wp-json\/wp\/v2\/pages\/495\/revisions\/4791"}],"wp:attachment":[{"href":"https:\/\/spottedproject.org\/es\/wp-json\/wp\/v2\/media?parent=495"}],"curies":[{"name":"wp","href":"https:\/\/api.w.org\/{rel}","templated":true}]}}