{"id":4669,"date":"2022-11-01T17:58:26","date_gmt":"2022-11-01T17:58:26","guid":{"rendered":"https:\/\/spottedproject.org\/?page_id=4669"},"modified":"2022-11-01T18:47:40","modified_gmt":"2022-11-01T18:47:40","slug":"cursos","status":"publish","type":"page","link":"https:\/\/spottedproject.org\/es\/cursos\/","title":{"rendered":"Cursos"},"content":{"rendered":"<p>Parece que ya est\u00e1s preparado para mostrar a todo el mundo el detective que est\u00e1s hecho. Este es tu momento para realizar una formaci\u00f3n sobre la desinformaci\u00f3n y las noticias falsas. \u00a1Seguro que no se te escapa ninguna! Recuerda que cada curso tiene una parte donde aprender\u00e1s nuevos conceptos y otra parte m\u00e1s pr\u00e1ctica para que detectes las noticias falsas. Y recuerda que con cada curso puedes ganar un certificado diferente. \u00a1A detectar noticias falsas, detective!<\/p>\n<p>&nbsp;<\/p>\n<div id=\"ld-course-list-content-dfca6f878dc3ee7f28eff45ef7b688d2\" class=\"ld-course-list-content\" data-shortcode-atts=\"{&quot;col&quot;:&quot;4&quot;}\">\n\t\t\t<div class=\"ld-course-list-items row\">\n\t<!-- LearnDash Course Grid v1 --><div class=\"ld_course_grid col-sm-6 col-md-3 \">\n\t<article id=\"post-3495\" class=\" thumbnail course post-3495 sfwd-courses type-sfwd-courses status-publish has-post-thumbnail hentry\">\n\t\t\t\t\t\t\t\t<div class=\"ribbon\">\n\t\t\t\tFree\t\t\t<\/div>\n\t\t\t\n\t\t\t\t\t\t<a href=\"https:\/\/spottedproject.org\/es\/courses\/detective-profesional-de-noticias-falsas\/\" rel=\"bookmark\">\n\t\t\t\t<img loading=\"lazy\" decoding=\"async\" width=\"300\" height=\"154\" src=\"https:\/\/spottedproject.org\/wp-content\/uploads\/2022\/01\/Itinerario-8-300x154.png\" class=\"attachment-medium size-medium wp-post-image\" alt=\"\" srcset=\"https:\/\/spottedproject.org\/wp-content\/uploads\/2022\/01\/Itinerario-8-300x154.png 300w, https:\/\/spottedproject.org\/wp-content\/uploads\/2022\/01\/Itinerario-8-1024x526.png 1024w, https:\/\/spottedproject.org\/wp-content\/uploads\/2022\/01\/Itinerario-8-768x395.png 768w, https:\/\/spottedproject.org\/wp-content\/uploads\/2022\/01\/Itinerario-8-50x26.png 50w, https:\/\/spottedproject.org\/wp-content\/uploads\/2022\/01\/Itinerario-8-100x51.png 100w, https:\/\/spottedproject.org\/wp-content\/uploads\/2022\/01\/Itinerario-8.png 1167w\" sizes=\"auto, (max-width: 300px) 100vw, 300px\" \/>\t\t\t<\/a>\n\t\t\t\t\t\n\t\t\t\t\t<div class=\"caption\">\n\t\t\t\t<h3 class=\"entry-title\">Detective profesional de noticias falsas<\/h3>\n\t\t\t\t\t\t\t\t<div class=\"ld_course_grid_button\"><a class=\"btn btn-primary\" role=\"button\" href=\"https:\/\/spottedproject.org\/es\/courses\/detective-profesional-de-noticias-falsas\/\" rel=\"bookmark\">Toma este curso<\/a><\/div>\n\t\t\t\t\t\t\t<\/div><!-- .entry-header -->\n\t\t\t<\/article><!-- #post-## -->\n<\/div><!-- .ld_course_grid -->\n<!-- LearnDash Course Grid v1 --><div class=\"ld_course_grid col-sm-6 col-md-3 \">\n\t<article id=\"post-3492\" class=\" thumbnail course post-3492 sfwd-courses type-sfwd-courses status-publish has-post-thumbnail hentry\">\n\t\t\t\t\t\t\t\t<div class=\"ribbon\">\n\t\t\t\tFree\t\t\t<\/div>\n\t\t\t\n\t\t\t\t\t\t<a href=\"https:\/\/spottedproject.org\/es\/courses\/detective-muy-avanzado-de-noticias-falsas\/\" rel=\"bookmark\">\n\t\t\t\t<img loading=\"lazy\" decoding=\"async\" width=\"300\" height=\"154\" src=\"https:\/\/spottedproject.org\/wp-content\/uploads\/2022\/01\/Itinerario-7-300x154.png\" class=\"attachment-medium size-medium wp-post-image\" alt=\"\" srcset=\"https:\/\/spottedproject.org\/wp-content\/uploads\/2022\/01\/Itinerario-7-300x154.png 300w, https:\/\/spottedproject.org\/wp-content\/uploads\/2022\/01\/Itinerario-7-1024x526.png 1024w, https:\/\/spottedproject.org\/wp-content\/uploads\/2022\/01\/Itinerario-7-768x395.png 768w, https:\/\/spottedproject.org\/wp-content\/uploads\/2022\/01\/Itinerario-7-50x26.png 50w, https:\/\/spottedproject.org\/wp-content\/uploads\/2022\/01\/Itinerario-7-100x51.png 100w, https:\/\/spottedproject.org\/wp-content\/uploads\/2022\/01\/Itinerario-7.png 1167w\" sizes=\"auto, (max-width: 300px) 100vw, 300px\" \/>\t\t\t<\/a>\n\t\t\t\t\t\n\t\t\t\t\t<div class=\"caption\">\n\t\t\t\t<h3 class=\"entry-title\">Detective muy avanzado de noticias falsas<\/h3>\n\t\t\t\t\t\t\t\t<div class=\"ld_course_grid_button\"><a class=\"btn btn-primary\" role=\"button\" href=\"https:\/\/spottedproject.org\/es\/courses\/detective-muy-avanzado-de-noticias-falsas\/\" rel=\"bookmark\">Toma este curso<\/a><\/div>\n\t\t\t\t\t\t\t<\/div><!-- .entry-header -->\n\t\t\t<\/article><!-- #post-## -->\n<\/div><!-- .ld_course_grid -->\n<!-- LearnDash Course Grid v1 --><div class=\"ld_course_grid col-sm-6 col-md-3 \">\n\t<article id=\"post-3489\" class=\" thumbnail course post-3489 sfwd-courses type-sfwd-courses status-publish has-post-thumbnail hentry\">\n\t\t\t\t\t\t\t\t<div class=\"ribbon\">\n\t\t\t\tFree\t\t\t<\/div>\n\t\t\t\n\t\t\t\t\t\t<a href=\"https:\/\/spottedproject.org\/es\/courses\/detective-avanzado-de-noticias-falsas\/\" rel=\"bookmark\">\n\t\t\t\t<img loading=\"lazy\" decoding=\"async\" width=\"300\" height=\"154\" src=\"https:\/\/spottedproject.org\/wp-content\/uploads\/2022\/01\/Itinerario-6-300x154.png\" class=\"attachment-medium size-medium wp-post-image\" alt=\"\" srcset=\"https:\/\/spottedproject.org\/wp-content\/uploads\/2022\/01\/Itinerario-6-300x154.png 300w, https:\/\/spottedproject.org\/wp-content\/uploads\/2022\/01\/Itinerario-6-1024x526.png 1024w, https:\/\/spottedproject.org\/wp-content\/uploads\/2022\/01\/Itinerario-6-768x395.png 768w, https:\/\/spottedproject.org\/wp-content\/uploads\/2022\/01\/Itinerario-6-50x26.png 50w, https:\/\/spottedproject.org\/wp-content\/uploads\/2022\/01\/Itinerario-6-100x51.png 100w, https:\/\/spottedproject.org\/wp-content\/uploads\/2022\/01\/Itinerario-6.png 1167w\" sizes=\"auto, (max-width: 300px) 100vw, 300px\" \/>\t\t\t<\/a>\n\t\t\t\t\t\n\t\t\t\t\t<div class=\"caption\">\n\t\t\t\t<h3 class=\"entry-title\">Detective avanzado de noticias falsas<\/h3>\n\t\t\t\t\t\t\t\t<div class=\"ld_course_grid_button\"><a class=\"btn btn-primary\" role=\"button\" href=\"https:\/\/spottedproject.org\/es\/courses\/detective-avanzado-de-noticias-falsas\/\" rel=\"bookmark\">Toma este curso<\/a><\/div>\n\t\t\t\t\t\t\t<\/div><!-- .entry-header -->\n\t\t\t<\/article><!-- #post-## -->\n<\/div><!-- .ld_course_grid -->\n<!-- LearnDash Course Grid v1 --><div class=\"ld_course_grid col-sm-6 col-md-3 \">\n\t<article id=\"post-3486\" class=\" thumbnail course post-3486 sfwd-courses type-sfwd-courses status-publish has-post-thumbnail hentry\">\n\t\t\t\t\t\t\t\t<div class=\"ribbon\">\n\t\t\t\tFree\t\t\t<\/div>\n\t\t\t\n\t\t\t\t\t\t<a href=\"https:\/\/spottedproject.org\/es\/courses\/detective-intermedio-de-noticias-falsas\/\" rel=\"bookmark\">\n\t\t\t\t<img loading=\"lazy\" decoding=\"async\" width=\"300\" height=\"154\" src=\"https:\/\/spottedproject.org\/wp-content\/uploads\/2022\/01\/Itinerario-5-300x154.png\" class=\"attachment-medium size-medium wp-post-image\" alt=\"\" srcset=\"https:\/\/spottedproject.org\/wp-content\/uploads\/2022\/01\/Itinerario-5-300x154.png 300w, https:\/\/spottedproject.org\/wp-content\/uploads\/2022\/01\/Itinerario-5-1024x526.png 1024w, https:\/\/spottedproject.org\/wp-content\/uploads\/2022\/01\/Itinerario-5-768x395.png 768w, https:\/\/spottedproject.org\/wp-content\/uploads\/2022\/01\/Itinerario-5-50x26.png 50w, https:\/\/spottedproject.org\/wp-content\/uploads\/2022\/01\/Itinerario-5-100x51.png 100w, https:\/\/spottedproject.org\/wp-content\/uploads\/2022\/01\/Itinerario-5.png 1167w\" sizes=\"auto, (max-width: 300px) 100vw, 300px\" \/>\t\t\t<\/a>\n\t\t\t\t\t\n\t\t\t\t\t<div class=\"caption\">\n\t\t\t\t<h3 class=\"entry-title\">Detective intermedio de noticias falsas<\/h3>\n\t\t\t\t\t\t\t\t<div class=\"ld_course_grid_button\"><a class=\"btn btn-primary\" role=\"button\" href=\"https:\/\/spottedproject.org\/es\/courses\/detective-intermedio-de-noticias-falsas\/\" rel=\"bookmark\">Toma este curso<\/a><\/div>\n\t\t\t\t\t\t\t<\/div><!-- .entry-header -->\n\t\t\t<\/article><!-- #post-## -->\n<\/div><!-- .ld_course_grid -->\n<!-- LearnDash Course Grid v1 --><div class=\"ld_course_grid col-sm-6 col-md-3 \">\n\t<article id=\"post-3484\" class=\" thumbnail course post-3484 sfwd-courses type-sfwd-courses status-publish has-post-thumbnail hentry\">\n\t\t\t\t\t\t\t\t<div class=\"ribbon\">\n\t\t\t\tFree\t\t\t<\/div>\n\t\t\t\n\t\t\t\t\t\t<a href=\"https:\/\/spottedproject.org\/es\/courses\/detective-junior-de-noticias-falsas\/\" rel=\"bookmark\">\n\t\t\t\t<img loading=\"lazy\" decoding=\"async\" width=\"300\" height=\"154\" src=\"https:\/\/spottedproject.org\/wp-content\/uploads\/2022\/01\/Itinerario-4-300x154.png\" class=\"attachment-medium size-medium wp-post-image\" alt=\"\" srcset=\"https:\/\/spottedproject.org\/wp-content\/uploads\/2022\/01\/Itinerario-4-300x154.png 300w, https:\/\/spottedproject.org\/wp-content\/uploads\/2022\/01\/Itinerario-4-1024x526.png 1024w, https:\/\/spottedproject.org\/wp-content\/uploads\/2022\/01\/Itinerario-4-768x395.png 768w, https:\/\/spottedproject.org\/wp-content\/uploads\/2022\/01\/Itinerario-4-50x26.png 50w, https:\/\/spottedproject.org\/wp-content\/uploads\/2022\/01\/Itinerario-4-100x51.png 100w, https:\/\/spottedproject.org\/wp-content\/uploads\/2022\/01\/Itinerario-4.png 1167w\" sizes=\"auto, (max-width: 300px) 100vw, 300px\" \/>\t\t\t<\/a>\n\t\t\t\t\t\n\t\t\t\t\t<div class=\"caption\">\n\t\t\t\t<h3 class=\"entry-title\">Detective junior de noticias falsas<\/h3>\n\t\t\t\t\t\t\t\t<div class=\"ld_course_grid_button\"><a class=\"btn btn-primary\" role=\"button\" href=\"https:\/\/spottedproject.org\/es\/courses\/detective-junior-de-noticias-falsas\/\" rel=\"bookmark\">Toma este curso<\/a><\/div>\n\t\t\t\t\t\t\t<\/div><!-- .entry-header -->\n\t\t\t<\/article><!-- #post-## -->\n<\/div><!-- .ld_course_grid -->\n<!-- LearnDash Course Grid v1 --><div class=\"ld_course_grid col-sm-6 col-md-3 \">\n\t<article id=\"post-3481\" class=\" thumbnail course post-3481 sfwd-courses type-sfwd-courses status-publish has-post-thumbnail hentry\">\n\t\t\t\t\t\t\t\t<div class=\"ribbon\">\n\t\t\t\tFree\t\t\t<\/div>\n\t\t\t\n\t\t\t\t\t\t<a href=\"https:\/\/spottedproject.org\/es\/courses\/detective-aprendiz-de-noticias-falsas\/\" rel=\"bookmark\">\n\t\t\t\t<img loading=\"lazy\" decoding=\"async\" width=\"300\" height=\"154\" src=\"https:\/\/spottedproject.org\/wp-content\/uploads\/2022\/01\/Itinerario-3-300x154.png\" class=\"attachment-medium size-medium wp-post-image\" alt=\"\" srcset=\"https:\/\/spottedproject.org\/wp-content\/uploads\/2022\/01\/Itinerario-3-300x154.png 300w, https:\/\/spottedproject.org\/wp-content\/uploads\/2022\/01\/Itinerario-3-1024x526.png 1024w, https:\/\/spottedproject.org\/wp-content\/uploads\/2022\/01\/Itinerario-3-768x395.png 768w, https:\/\/spottedproject.org\/wp-content\/uploads\/2022\/01\/Itinerario-3-50x26.png 50w, https:\/\/spottedproject.org\/wp-content\/uploads\/2022\/01\/Itinerario-3-100x51.png 100w, https:\/\/spottedproject.org\/wp-content\/uploads\/2022\/01\/Itinerario-3.png 1167w\" sizes=\"auto, (max-width: 300px) 100vw, 300px\" \/>\t\t\t<\/a>\n\t\t\t\t\t\n\t\t\t\t\t<div class=\"caption\">\n\t\t\t\t<h3 class=\"entry-title\">Detective aprendiz de noticias falsas<\/h3>\n\t\t\t\t\t\t\t\t<div class=\"ld_course_grid_button\"><a class=\"btn btn-primary\" role=\"button\" href=\"https:\/\/spottedproject.org\/es\/courses\/detective-aprendiz-de-noticias-falsas\/\" rel=\"bookmark\">Toma este curso<\/a><\/div>\n\t\t\t\t\t\t\t<\/div><!-- .entry-header -->\n\t\t\t<\/article><!-- #post-## -->\n<\/div><!-- .ld_course_grid -->\n<!-- LearnDash Course Grid v1 --><div class=\"ld_course_grid col-sm-6 col-md-3 \">\n\t<article id=\"post-3478\" class=\" thumbnail course post-3478 sfwd-courses type-sfwd-courses status-publish has-post-thumbnail hentry\">\n\t\t\t\t\t\t\t\t<div class=\"ribbon\">\n\t\t\t\tFree\t\t\t<\/div>\n\t\t\t\n\t\t\t\t\t\t<a href=\"https:\/\/spottedproject.org\/es\/courses\/detective-principiante-de-noticias-falsas\/\" rel=\"bookmark\">\n\t\t\t\t<img loading=\"lazy\" decoding=\"async\" width=\"300\" height=\"154\" src=\"https:\/\/spottedproject.org\/wp-content\/uploads\/2022\/01\/Itinerario-2-300x154.png\" class=\"attachment-medium size-medium wp-post-image\" alt=\"\" srcset=\"https:\/\/spottedproject.org\/wp-content\/uploads\/2022\/01\/Itinerario-2-300x154.png 300w, https:\/\/spottedproject.org\/wp-content\/uploads\/2022\/01\/Itinerario-2-1024x526.png 1024w, https:\/\/spottedproject.org\/wp-content\/uploads\/2022\/01\/Itinerario-2-768x395.png 768w, https:\/\/spottedproject.org\/wp-content\/uploads\/2022\/01\/Itinerario-2-50x26.png 50w, https:\/\/spottedproject.org\/wp-content\/uploads\/2022\/01\/Itinerario-2-100x51.png 100w, https:\/\/spottedproject.org\/wp-content\/uploads\/2022\/01\/Itinerario-2.png 1167w\" sizes=\"auto, (max-width: 300px) 100vw, 300px\" \/>\t\t\t<\/a>\n\t\t\t\t\t\n\t\t\t\t\t<div class=\"caption\">\n\t\t\t\t<h3 class=\"entry-title\">Detective principiante de noticias falsas<\/h3>\n\t\t\t\t\t\t\t\t<div class=\"ld_course_grid_button\"><a class=\"btn btn-primary\" role=\"button\" href=\"https:\/\/spottedproject.org\/es\/courses\/detective-principiante-de-noticias-falsas\/\" rel=\"bookmark\">Toma este curso<\/a><\/div>\n\t\t\t\t\t\t\t<\/div><!-- .entry-header -->\n\t\t\t<\/article><!-- #post-## -->\n<\/div><!-- .ld_course_grid -->\n<!-- LearnDash Course Grid v1 --><div class=\"ld_course_grid col-sm-6 col-md-3 \">\n\t<article id=\"post-3473\" class=\" thumbnail course post-3473 sfwd-courses type-sfwd-courses status-publish has-post-thumbnail hentry\">\n\t\t\t\t\t\t\t\t<div class=\"ribbon\">\n\t\t\t\tFree\t\t\t<\/div>\n\t\t\t\n\t\t\t\t\t\t<a href=\"https:\/\/spottedproject.org\/es\/courses\/detective-aficionado-de-noticias-falsas\/\" rel=\"bookmark\">\n\t\t\t\t<img loading=\"lazy\" decoding=\"async\" width=\"300\" height=\"154\" src=\"https:\/\/spottedproject.org\/wp-content\/uploads\/2021\/12\/Itinerario-1-300x154.png\" class=\"attachment-medium size-medium wp-post-image\" alt=\"\" srcset=\"https:\/\/spottedproject.org\/wp-content\/uploads\/2021\/12\/Itinerario-1-300x154.png 300w, https:\/\/spottedproject.org\/wp-content\/uploads\/2021\/12\/Itinerario-1-1024x526.png 1024w, https:\/\/spottedproject.org\/wp-content\/uploads\/2021\/12\/Itinerario-1-768x395.png 768w, https:\/\/spottedproject.org\/wp-content\/uploads\/2021\/12\/Itinerario-1-50x26.png 50w, https:\/\/spottedproject.org\/wp-content\/uploads\/2021\/12\/Itinerario-1-100x51.png 100w, https:\/\/spottedproject.org\/wp-content\/uploads\/2021\/12\/Itinerario-1.png 1167w\" sizes=\"auto, (max-width: 300px) 100vw, 300px\" \/>\t\t\t<\/a>\n\t\t\t\t\t\n\t\t\t\t\t<div class=\"caption\">\n\t\t\t\t<h3 class=\"entry-title\">Detective aficionado de noticias falsas<\/h3>\n\t\t\t\t\t\t\t\t<div class=\"ld_course_grid_button\"><a class=\"btn btn-primary\" role=\"button\" href=\"https:\/\/spottedproject.org\/es\/courses\/detective-aficionado-de-noticias-falsas\/\" rel=\"bookmark\">Toma este curso<\/a><\/div>\n\t\t\t\t\t\t\t<\/div><!-- .entry-header -->\n\t\t\t<\/article><!-- #post-## -->\n<\/div><!-- .ld_course_grid -->\n\t<\/div>\n\t\t\t<\/div>\n\t\t\n","protected":false},"excerpt":{"rendered":"<p>Parece que ya est\u00e1s preparado para mostrar a todo el mundo el detective que est\u00e1s hecho. Este es tu momento [&hellip;]<\/p>\n","protected":false},"author":3,"featured_media":0,"parent":0,"menu_order":0,"comment_status":"closed","ping_status":"closed","template":"","meta":{"footnotes":""},"class_list":["post-4669","page","type-page","status-publish","hentry"],"_links":{"self":[{"href":"https:\/\/spottedproject.org\/es\/wp-json\/wp\/v2\/pages\/4669","targetHints":{"allow":["GET"]}}],"collection":[{"href":"https:\/\/spottedproject.org\/es\/wp-json\/wp\/v2\/pages"}],"about":[{"href":"https:\/\/spottedproject.org\/es\/wp-json\/wp\/v2\/types\/page"}],"author":[{"embeddable":true,"href":"https:\/\/spottedproject.org\/es\/wp-json\/wp\/v2\/users\/3"}],"replies":[{"embeddable":true,"href":"https:\/\/spottedproject.org\/es\/wp-json\/wp\/v2\/comments?post=4669"}],"version-history":[{"count":5,"href":"https:\/\/spottedproject.org\/es\/wp-json\/wp\/v2\/pages\/4669\/revisions"}],"predecessor-version":[{"id":4691,"href":"https:\/\/spottedproject.org\/es\/wp-json\/wp\/v2\/pages\/4669\/revisions\/4691"}],"wp:attachment":[{"href":"https:\/\/spottedproject.org\/es\/wp-json\/wp\/v2\/media?parent=4669"}],"curies":[{"name":"wp","href":"https:\/\/api.w.org\/{rel}","templated":true}]}}