{"id":1625,"date":"2021-09-13T08:25:31","date_gmt":"2021-09-13T08:25:31","guid":{"rendered":"https:\/\/spottedproject.org\/resultados-spotted\/"},"modified":"2022-04-25T11:48:24","modified_gmt":"2022-04-25T11:48:24","slug":"resultados-spotted","status":"publish","type":"page","link":"https:\/\/spottedproject.org\/es\/resultados-spotted\/","title":{"rendered":"Resultados Spotted"},"content":{"rendered":"<p>[vc_row][vc_column][vc_column_text]<\/p>\n<h2>Resultados<\/h2>\n<p>&nbsp;<\/p>\n<div class=\"msextras-trainings-sentence\"><p>Bueno\u2026 Debes trabajar m\u00e1s la lectura y verificaci\u00f3n de contenidos, y tratar de detectar mejor las intenciones de la informaci\u00f3n que recibes antes de compartirla. \u00a1Empecemos!<\/p><\/div>[\/vc_column_text][vc_wp_text title=&#8221;Resultados Spotted&#8221;]<\/p>\n<table class=\"tftable\">\n<tbody>\n<tr>\n<th>\n<h4>Chequeo B\u00e1sico y Lectura<\/h4>\n<\/th>\n<th>\n<h4>Detecci\u00f3n de la Intencionalidad<\/h4>\n<\/th>\n<th>\n<h4>Compartir el Contenido<\/h4>\n<\/th>\n<\/tr>\n<tr>\n<td><div id=\"ms-progress-circle570519200\" class=\"modalsurvey-progress-circle\" data-animation=\"1\"  data-foregroundColor=\"#719430\" data-backgroundColor=\"#ccc\" data-targetColor=\"#ccc\" data-fontColor=\"#000\" data-animationStep=\"5\" data-percent=\"0\"><\/div><\/td>\n<td><div id=\"ms-progress-circle570519200\" class=\"modalsurvey-progress-circle\" data-animation=\"1\"  data-foregroundColor=\"#719430\" data-backgroundColor=\"#ccc\" data-targetColor=\"#ccc\" data-fontColor=\"#000\" data-animationStep=\"5\" data-percent=\"0\"><\/div><\/td>\n<td><div id=\"ms-progress-circle570519200\" class=\"modalsurvey-progress-circle\" data-animation=\"1\"  data-foregroundColor=\"#719430\" data-backgroundColor=\"#ccc\" data-targetColor=\"#ccc\" data-fontColor=\"#000\" data-animationStep=\"5\" data-percent=\"0\"><\/div><\/td>\n<\/tr>\n<\/tbody>\n<\/table>\n<p>[\/vc_wp_text][vc_column_text]Despu\u00e9s de los resultados de su test, le recomendamos que realice la formaci\u00f3n destacada para convertirse en un detective de noticias falsas. Pero, si lo prefieres, puedes realizar un curso m\u00e1s avanzado.[\/vc_column_text][vc_wp_text]<div class=\"msextras-trainings recommended-1\"><div id=\"ld-course-list-content-e0c9199b9090123386e9fd2f9817d592\" class=\"ld-course-list-content\" data-shortcode-atts=\"{&quot;num&quot;:&quot;8&quot;,&quot;col&quot;:&quot;4&quot;,&quot;order&quot;:&quot;ASC&quot;}\">\n\t\t\t<div class=\"ld-course-list-items row\">\n\t<!-- LearnDash Course Grid v1 --><div class=\"ld_course_grid col-sm-6 col-md-3 \">\n\t<article id=\"post-3473\" class=\" thumbnail course post-3473 sfwd-courses type-sfwd-courses status-publish has-post-thumbnail hentry\">\n\t\t\t\t\t\t\t\t<div class=\"ribbon\">\n\t\t\t\tFree\t\t\t<\/div>\n\t\t\t\n\t\t\t\t\t\t<a href=\"https:\/\/spottedproject.org\/es\/courses\/detective-aficionado-de-noticias-falsas\/\" rel=\"bookmark\">\n\t\t\t\t<img loading=\"lazy\" decoding=\"async\" width=\"300\" height=\"154\" src=\"https:\/\/spottedproject.org\/wp-content\/uploads\/2021\/12\/Itinerario-1-300x154.png\" class=\"attachment-medium size-medium wp-post-image\" alt=\"\" srcset=\"https:\/\/spottedproject.org\/wp-content\/uploads\/2021\/12\/Itinerario-1-300x154.png 300w, https:\/\/spottedproject.org\/wp-content\/uploads\/2021\/12\/Itinerario-1-1024x526.png 1024w, https:\/\/spottedproject.org\/wp-content\/uploads\/2021\/12\/Itinerario-1-768x395.png 768w, https:\/\/spottedproject.org\/wp-content\/uploads\/2021\/12\/Itinerario-1-50x26.png 50w, https:\/\/spottedproject.org\/wp-content\/uploads\/2021\/12\/Itinerario-1-100x51.png 100w, https:\/\/spottedproject.org\/wp-content\/uploads\/2021\/12\/Itinerario-1.png 1167w\" sizes=\"auto, (max-width: 300px) 100vw, 300px\" \/>\t\t\t<\/a>\n\t\t\t\t\t\n\t\t\t\t\t<div class=\"caption\">\n\t\t\t\t<h3 class=\"entry-title\">Detective aficionado de noticias falsas<\/h3>\n\t\t\t\t\t\t\t\t<div class=\"ld_course_grid_button\"><a class=\"btn btn-primary\" role=\"button\" href=\"https:\/\/spottedproject.org\/es\/courses\/detective-aficionado-de-noticias-falsas\/\" rel=\"bookmark\">Toma este curso<\/a><\/div>\n\t\t\t\t\t\t\t<\/div><!-- .entry-header -->\n\t\t\t<\/article><!-- #post-## -->\n<\/div><!-- .ld_course_grid -->\n<!-- LearnDash Course Grid v1 --><div class=\"ld_course_grid col-sm-6 col-md-3 \">\n\t<article id=\"post-3478\" class=\" thumbnail course post-3478 sfwd-courses type-sfwd-courses status-publish has-post-thumbnail hentry\">\n\t\t\t\t\t\t\t\t<div class=\"ribbon\">\n\t\t\t\tFree\t\t\t<\/div>\n\t\t\t\n\t\t\t\t\t\t<a href=\"https:\/\/spottedproject.org\/es\/courses\/detective-principiante-de-noticias-falsas\/\" rel=\"bookmark\">\n\t\t\t\t<img loading=\"lazy\" decoding=\"async\" width=\"300\" height=\"154\" src=\"https:\/\/spottedproject.org\/wp-content\/uploads\/2022\/01\/Itinerario-2-300x154.png\" class=\"attachment-medium size-medium wp-post-image\" alt=\"\" srcset=\"https:\/\/spottedproject.org\/wp-content\/uploads\/2022\/01\/Itinerario-2-300x154.png 300w, https:\/\/spottedproject.org\/wp-content\/uploads\/2022\/01\/Itinerario-2-1024x526.png 1024w, https:\/\/spottedproject.org\/wp-content\/uploads\/2022\/01\/Itinerario-2-768x395.png 768w, https:\/\/spottedproject.org\/wp-content\/uploads\/2022\/01\/Itinerario-2-50x26.png 50w, https:\/\/spottedproject.org\/wp-content\/uploads\/2022\/01\/Itinerario-2-100x51.png 100w, https:\/\/spottedproject.org\/wp-content\/uploads\/2022\/01\/Itinerario-2.png 1167w\" sizes=\"auto, (max-width: 300px) 100vw, 300px\" \/>\t\t\t<\/a>\n\t\t\t\t\t\n\t\t\t\t\t<div class=\"caption\">\n\t\t\t\t<h3 class=\"entry-title\">Detective principiante de noticias falsas<\/h3>\n\t\t\t\t\t\t\t\t<div class=\"ld_course_grid_button\"><a class=\"btn btn-primary\" role=\"button\" href=\"https:\/\/spottedproject.org\/es\/courses\/detective-principiante-de-noticias-falsas\/\" rel=\"bookmark\">Toma este curso<\/a><\/div>\n\t\t\t\t\t\t\t<\/div><!-- .entry-header -->\n\t\t\t<\/article><!-- #post-## -->\n<\/div><!-- .ld_course_grid -->\n<!-- LearnDash Course Grid v1 --><div class=\"ld_course_grid col-sm-6 col-md-3 \">\n\t<article id=\"post-3481\" class=\" thumbnail course post-3481 sfwd-courses type-sfwd-courses status-publish has-post-thumbnail hentry\">\n\t\t\t\t\t\t\t\t<div class=\"ribbon\">\n\t\t\t\tFree\t\t\t<\/div>\n\t\t\t\n\t\t\t\t\t\t<a href=\"https:\/\/spottedproject.org\/es\/courses\/detective-aprendiz-de-noticias-falsas\/\" rel=\"bookmark\">\n\t\t\t\t<img loading=\"lazy\" decoding=\"async\" width=\"300\" height=\"154\" src=\"https:\/\/spottedproject.org\/wp-content\/uploads\/2022\/01\/Itinerario-3-300x154.png\" class=\"attachment-medium size-medium wp-post-image\" alt=\"\" srcset=\"https:\/\/spottedproject.org\/wp-content\/uploads\/2022\/01\/Itinerario-3-300x154.png 300w, https:\/\/spottedproject.org\/wp-content\/uploads\/2022\/01\/Itinerario-3-1024x526.png 1024w, https:\/\/spottedproject.org\/wp-content\/uploads\/2022\/01\/Itinerario-3-768x395.png 768w, https:\/\/spottedproject.org\/wp-content\/uploads\/2022\/01\/Itinerario-3-50x26.png 50w, https:\/\/spottedproject.org\/wp-content\/uploads\/2022\/01\/Itinerario-3-100x51.png 100w, https:\/\/spottedproject.org\/wp-content\/uploads\/2022\/01\/Itinerario-3.png 1167w\" sizes=\"auto, (max-width: 300px) 100vw, 300px\" \/>\t\t\t<\/a>\n\t\t\t\t\t\n\t\t\t\t\t<div class=\"caption\">\n\t\t\t\t<h3 class=\"entry-title\">Detective aprendiz de noticias falsas<\/h3>\n\t\t\t\t\t\t\t\t<div class=\"ld_course_grid_button\"><a class=\"btn btn-primary\" role=\"button\" href=\"https:\/\/spottedproject.org\/es\/courses\/detective-aprendiz-de-noticias-falsas\/\" rel=\"bookmark\">Toma este curso<\/a><\/div>\n\t\t\t\t\t\t\t<\/div><!-- .entry-header -->\n\t\t\t<\/article><!-- #post-## -->\n<\/div><!-- .ld_course_grid -->\n<!-- LearnDash Course Grid v1 --><div class=\"ld_course_grid col-sm-6 col-md-3 \">\n\t<article id=\"post-3484\" class=\" thumbnail course post-3484 sfwd-courses type-sfwd-courses status-publish has-post-thumbnail hentry\">\n\t\t\t\t\t\t\t\t<div class=\"ribbon\">\n\t\t\t\tFree\t\t\t<\/div>\n\t\t\t\n\t\t\t\t\t\t<a href=\"https:\/\/spottedproject.org\/es\/courses\/detective-junior-de-noticias-falsas\/\" rel=\"bookmark\">\n\t\t\t\t<img loading=\"lazy\" decoding=\"async\" width=\"300\" height=\"154\" src=\"https:\/\/spottedproject.org\/wp-content\/uploads\/2022\/01\/Itinerario-4-300x154.png\" class=\"attachment-medium size-medium wp-post-image\" alt=\"\" srcset=\"https:\/\/spottedproject.org\/wp-content\/uploads\/2022\/01\/Itinerario-4-300x154.png 300w, https:\/\/spottedproject.org\/wp-content\/uploads\/2022\/01\/Itinerario-4-1024x526.png 1024w, https:\/\/spottedproject.org\/wp-content\/uploads\/2022\/01\/Itinerario-4-768x395.png 768w, https:\/\/spottedproject.org\/wp-content\/uploads\/2022\/01\/Itinerario-4-50x26.png 50w, https:\/\/spottedproject.org\/wp-content\/uploads\/2022\/01\/Itinerario-4-100x51.png 100w, https:\/\/spottedproject.org\/wp-content\/uploads\/2022\/01\/Itinerario-4.png 1167w\" sizes=\"auto, (max-width: 300px) 100vw, 300px\" \/>\t\t\t<\/a>\n\t\t\t\t\t\n\t\t\t\t\t<div class=\"caption\">\n\t\t\t\t<h3 class=\"entry-title\">Detective junior de noticias falsas<\/h3>\n\t\t\t\t\t\t\t\t<div class=\"ld_course_grid_button\"><a class=\"btn btn-primary\" role=\"button\" href=\"https:\/\/spottedproject.org\/es\/courses\/detective-junior-de-noticias-falsas\/\" rel=\"bookmark\">Toma este curso<\/a><\/div>\n\t\t\t\t\t\t\t<\/div><!-- .entry-header -->\n\t\t\t<\/article><!-- #post-## -->\n<\/div><!-- .ld_course_grid -->\n<!-- LearnDash Course Grid v1 --><div class=\"ld_course_grid col-sm-6 col-md-3 \">\n\t<article id=\"post-3486\" class=\" thumbnail course post-3486 sfwd-courses type-sfwd-courses status-publish has-post-thumbnail hentry\">\n\t\t\t\t\t\t\t\t<div class=\"ribbon\">\n\t\t\t\tFree\t\t\t<\/div>\n\t\t\t\n\t\t\t\t\t\t<a href=\"https:\/\/spottedproject.org\/es\/courses\/detective-intermedio-de-noticias-falsas\/\" rel=\"bookmark\">\n\t\t\t\t<img loading=\"lazy\" decoding=\"async\" width=\"300\" height=\"154\" src=\"https:\/\/spottedproject.org\/wp-content\/uploads\/2022\/01\/Itinerario-5-300x154.png\" class=\"attachment-medium size-medium wp-post-image\" alt=\"\" srcset=\"https:\/\/spottedproject.org\/wp-content\/uploads\/2022\/01\/Itinerario-5-300x154.png 300w, https:\/\/spottedproject.org\/wp-content\/uploads\/2022\/01\/Itinerario-5-1024x526.png 1024w, https:\/\/spottedproject.org\/wp-content\/uploads\/2022\/01\/Itinerario-5-768x395.png 768w, https:\/\/spottedproject.org\/wp-content\/uploads\/2022\/01\/Itinerario-5-50x26.png 50w, https:\/\/spottedproject.org\/wp-content\/uploads\/2022\/01\/Itinerario-5-100x51.png 100w, https:\/\/spottedproject.org\/wp-content\/uploads\/2022\/01\/Itinerario-5.png 1167w\" sizes=\"auto, (max-width: 300px) 100vw, 300px\" \/>\t\t\t<\/a>\n\t\t\t\t\t\n\t\t\t\t\t<div class=\"caption\">\n\t\t\t\t<h3 class=\"entry-title\">Detective intermedio de noticias falsas<\/h3>\n\t\t\t\t\t\t\t\t<div class=\"ld_course_grid_button\"><a class=\"btn btn-primary\" role=\"button\" href=\"https:\/\/spottedproject.org\/es\/courses\/detective-intermedio-de-noticias-falsas\/\" rel=\"bookmark\">Toma este curso<\/a><\/div>\n\t\t\t\t\t\t\t<\/div><!-- .entry-header -->\n\t\t\t<\/article><!-- #post-## -->\n<\/div><!-- .ld_course_grid -->\n<!-- LearnDash Course Grid v1 --><div class=\"ld_course_grid col-sm-6 col-md-3 \">\n\t<article id=\"post-3489\" class=\" thumbnail course post-3489 sfwd-courses type-sfwd-courses status-publish has-post-thumbnail hentry\">\n\t\t\t\t\t\t\t\t<div class=\"ribbon\">\n\t\t\t\tFree\t\t\t<\/div>\n\t\t\t\n\t\t\t\t\t\t<a href=\"https:\/\/spottedproject.org\/es\/courses\/detective-avanzado-de-noticias-falsas\/\" rel=\"bookmark\">\n\t\t\t\t<img loading=\"lazy\" decoding=\"async\" width=\"300\" height=\"154\" src=\"https:\/\/spottedproject.org\/wp-content\/uploads\/2022\/01\/Itinerario-6-300x154.png\" class=\"attachment-medium size-medium wp-post-image\" alt=\"\" srcset=\"https:\/\/spottedproject.org\/wp-content\/uploads\/2022\/01\/Itinerario-6-300x154.png 300w, https:\/\/spottedproject.org\/wp-content\/uploads\/2022\/01\/Itinerario-6-1024x526.png 1024w, https:\/\/spottedproject.org\/wp-content\/uploads\/2022\/01\/Itinerario-6-768x395.png 768w, https:\/\/spottedproject.org\/wp-content\/uploads\/2022\/01\/Itinerario-6-50x26.png 50w, https:\/\/spottedproject.org\/wp-content\/uploads\/2022\/01\/Itinerario-6-100x51.png 100w, https:\/\/spottedproject.org\/wp-content\/uploads\/2022\/01\/Itinerario-6.png 1167w\" sizes=\"auto, (max-width: 300px) 100vw, 300px\" \/>\t\t\t<\/a>\n\t\t\t\t\t\n\t\t\t\t\t<div class=\"caption\">\n\t\t\t\t<h3 class=\"entry-title\">Detective avanzado de noticias falsas<\/h3>\n\t\t\t\t\t\t\t\t<div class=\"ld_course_grid_button\"><a class=\"btn btn-primary\" role=\"button\" href=\"https:\/\/spottedproject.org\/es\/courses\/detective-avanzado-de-noticias-falsas\/\" rel=\"bookmark\">Toma este curso<\/a><\/div>\n\t\t\t\t\t\t\t<\/div><!-- .entry-header -->\n\t\t\t<\/article><!-- #post-## -->\n<\/div><!-- .ld_course_grid -->\n<!-- LearnDash Course Grid v1 --><div class=\"ld_course_grid col-sm-6 col-md-3 \">\n\t<article id=\"post-3492\" class=\" thumbnail course post-3492 sfwd-courses type-sfwd-courses status-publish has-post-thumbnail hentry\">\n\t\t\t\t\t\t\t\t<div class=\"ribbon\">\n\t\t\t\tFree\t\t\t<\/div>\n\t\t\t\n\t\t\t\t\t\t<a href=\"https:\/\/spottedproject.org\/es\/courses\/detective-muy-avanzado-de-noticias-falsas\/\" rel=\"bookmark\">\n\t\t\t\t<img loading=\"lazy\" decoding=\"async\" width=\"300\" height=\"154\" src=\"https:\/\/spottedproject.org\/wp-content\/uploads\/2022\/01\/Itinerario-7-300x154.png\" class=\"attachment-medium size-medium wp-post-image\" alt=\"\" srcset=\"https:\/\/spottedproject.org\/wp-content\/uploads\/2022\/01\/Itinerario-7-300x154.png 300w, https:\/\/spottedproject.org\/wp-content\/uploads\/2022\/01\/Itinerario-7-1024x526.png 1024w, https:\/\/spottedproject.org\/wp-content\/uploads\/2022\/01\/Itinerario-7-768x395.png 768w, https:\/\/spottedproject.org\/wp-content\/uploads\/2022\/01\/Itinerario-7-50x26.png 50w, https:\/\/spottedproject.org\/wp-content\/uploads\/2022\/01\/Itinerario-7-100x51.png 100w, https:\/\/spottedproject.org\/wp-content\/uploads\/2022\/01\/Itinerario-7.png 1167w\" sizes=\"auto, (max-width: 300px) 100vw, 300px\" \/>\t\t\t<\/a>\n\t\t\t\t\t\n\t\t\t\t\t<div class=\"caption\">\n\t\t\t\t<h3 class=\"entry-title\">Detective muy avanzado de noticias falsas<\/h3>\n\t\t\t\t\t\t\t\t<div class=\"ld_course_grid_button\"><a class=\"btn btn-primary\" role=\"button\" href=\"https:\/\/spottedproject.org\/es\/courses\/detective-muy-avanzado-de-noticias-falsas\/\" rel=\"bookmark\">Toma este curso<\/a><\/div>\n\t\t\t\t\t\t\t<\/div><!-- .entry-header -->\n\t\t\t<\/article><!-- #post-## -->\n<\/div><!-- .ld_course_grid -->\n<!-- LearnDash Course Grid v1 --><div class=\"ld_course_grid col-sm-6 col-md-3 \">\n\t<article id=\"post-3495\" class=\" thumbnail course post-3495 sfwd-courses type-sfwd-courses status-publish has-post-thumbnail hentry\">\n\t\t\t\t\t\t\t\t<div class=\"ribbon\">\n\t\t\t\tFree\t\t\t<\/div>\n\t\t\t\n\t\t\t\t\t\t<a href=\"https:\/\/spottedproject.org\/es\/courses\/detective-profesional-de-noticias-falsas\/\" rel=\"bookmark\">\n\t\t\t\t<img loading=\"lazy\" decoding=\"async\" width=\"300\" height=\"154\" src=\"https:\/\/spottedproject.org\/wp-content\/uploads\/2022\/01\/Itinerario-8-300x154.png\" class=\"attachment-medium size-medium wp-post-image\" alt=\"\" srcset=\"https:\/\/spottedproject.org\/wp-content\/uploads\/2022\/01\/Itinerario-8-300x154.png 300w, https:\/\/spottedproject.org\/wp-content\/uploads\/2022\/01\/Itinerario-8-1024x526.png 1024w, https:\/\/spottedproject.org\/wp-content\/uploads\/2022\/01\/Itinerario-8-768x395.png 768w, https:\/\/spottedproject.org\/wp-content\/uploads\/2022\/01\/Itinerario-8-50x26.png 50w, https:\/\/spottedproject.org\/wp-content\/uploads\/2022\/01\/Itinerario-8-100x51.png 100w, https:\/\/spottedproject.org\/wp-content\/uploads\/2022\/01\/Itinerario-8.png 1167w\" sizes=\"auto, (max-width: 300px) 100vw, 300px\" \/>\t\t\t<\/a>\n\t\t\t\t\t\n\t\t\t\t\t<div class=\"caption\">\n\t\t\t\t<h3 class=\"entry-title\">Detective profesional de noticias falsas<\/h3>\n\t\t\t\t\t\t\t\t<div class=\"ld_course_grid_button\"><a class=\"btn btn-primary\" role=\"button\" href=\"https:\/\/spottedproject.org\/es\/courses\/detective-profesional-de-noticias-falsas\/\" rel=\"bookmark\">Toma este curso<\/a><\/div>\n\t\t\t\t\t\t\t<\/div><!-- .entry-header -->\n\t\t\t<\/article><!-- #post-## -->\n<\/div><!-- .ld_course_grid -->\n\t<\/div>\n\t\t\t<\/div>\n\t\t<\/div><br \/>\n[\/vc_wp_text][vc_button border_width=&#8221;0&#8243; link=&#8221;url:https%3A%2F%2Fspottedproject.org%2Fcourses%2Fitinerary-1%2F|title:Itinerary%201||&#8221; el_class=&#8221;hidden&#8221;]Itinerario 1[\/vc_button][\/vc_column][\/vc_row]<\/p>\n","protected":false},"excerpt":{"rendered":"<p>[vc_row][vc_column][vc_column_text] Resultados &nbsp; [\/vc_column_text][vc_wp_text title=&#8221;Resultados Spotted&#8221;] Chequeo B\u00e1sico y Lectura Detecci\u00f3n de la Intencionalidad Compartir el Contenido [\/vc_wp_text][vc_column_text]Despu\u00e9s de los [&hellip;]<\/p>\n","protected":false},"author":1,"featured_media":0,"parent":0,"menu_order":0,"comment_status":"closed","ping_status":"closed","template":"","meta":{"footnotes":""},"class_list":["post-1625","page","type-page","status-publish","hentry"],"_links":{"self":[{"href":"https:\/\/spottedproject.org\/es\/wp-json\/wp\/v2\/pages\/1625","targetHints":{"allow":["GET"]}}],"collection":[{"href":"https:\/\/spottedproject.org\/es\/wp-json\/wp\/v2\/pages"}],"about":[{"href":"https:\/\/spottedproject.org\/es\/wp-json\/wp\/v2\/types\/page"}],"author":[{"embeddable":true,"href":"https:\/\/spottedproject.org\/es\/wp-json\/wp\/v2\/users\/1"}],"replies":[{"embeddable":true,"href":"https:\/\/spottedproject.org\/es\/wp-json\/wp\/v2\/comments?post=1625"}],"version-history":[{"count":32,"href":"https:\/\/spottedproject.org\/es\/wp-json\/wp\/v2\/pages\/1625\/revisions"}],"predecessor-version":[{"id":4522,"href":"https:\/\/spottedproject.org\/es\/wp-json\/wp\/v2\/pages\/1625\/revisions\/4522"}],"wp:attachment":[{"href":"https:\/\/spottedproject.org\/es\/wp-json\/wp\/v2\/media?parent=1625"}],"curies":[{"name":"wp","href":"https:\/\/api.w.org\/{rel}","templated":true}]}}